{"id":1151,"date":"2025-07-22T09:27:15","date_gmt":"2025-07-22T09:27:15","guid":{"rendered":"https:\/\/ellodge.disomnia.com\/?page_id=1151"},"modified":"2025-09-19T10:04:28","modified_gmt":"2025-09-19T10:04:28","slug":"alquiler-de-equipo","status":"publish","type":"page","link":"https:\/\/ellodge.com\/es\/esqui-y-ocio\/alquiler-de-equipo\/","title":{"rendered":"Alquiler de equipo"},"content":{"rendered":"\t\t<div data-elementor-type=\"wp-page\" data-elementor-id=\"1151\" class=\"elementor elementor-1151\" data-elementor-post-type=\"page\">\n\t\t\t\t<div class=\"elementor-element elementor-element-a54f4be e-flex e-con-boxed e-con e-parent\" data-id=\"a54f4be\" data-element_type=\"container\" data-e-type=\"container\">\n\t\t\t\t\t<div class=\"e-con-inner\">\n\t\t\t\t<div class=\"elementor-element elementor-element-40713dc elementor-widget elementor-widget-shortcode\" data-id=\"40713dc\" data-element_type=\"widget\" data-e-type=\"widget\" data-widget_type=\"shortcode.default\">\n\t\t\t\t<div class=\"elementor-widget-container\">\n\t\t\t\t\t\t\t<div class=\"elementor-shortcode\"><nav aria-label=\"breadcrumbs\" class=\"rank-math-breadcrumb\"><p><\/p><\/nav><\/div>\n\t\t\t\t\t\t<\/div>\n\t\t\t\t<\/div>\n\t\t\t\t\t<\/div>\n\t\t\t\t<\/div>\n\t\t<div class=\"elementor-element elementor-element-0dd5cff e-flex e-con-boxed e-con e-parent\" data-id=\"0dd5cff\" data-element_type=\"container\" data-e-type=\"container\">\n\t\t\t\t\t<div class=\"e-con-inner\">\n\t\t<div class=\"elementor-element elementor-element-626efcf e-flex e-con-boxed e-con e-child\" data-id=\"626efcf\" data-element_type=\"container\" data-e-type=\"container\">\n\t\t\t\t\t<div class=\"e-con-inner\">\n\t\t\t\t\t<\/div>\n\t\t\t\t<\/div>\n\t\t\t\t\t<\/div>\n\t\t\t\t<\/div>\n\t\t<div class=\"elementor-element elementor-element-3e9c6fe e-flex e-con-boxed e-con e-parent\" data-id=\"3e9c6fe\" data-element_type=\"container\" data-e-type=\"container\">\n\t\t\t\t\t<div class=\"e-con-inner\">\n\t\t\t\t<div class=\"elementor-element elementor-element-3528de6 elementor-widget elementor-widget-heading\" data-id=\"3528de6\" data-element_type=\"widget\" data-e-type=\"widget\" data-widget_type=\"heading.default\">\n\t\t\t\t<div class=\"elementor-widget-container\">\n\t\t\t\t\t<h1 class=\"elementor-heading-title elementor-size-default\">Alquiler de equipo<\/h1>\t\t\t\t<\/div>\n\t\t\t\t<\/div>\n\t\t\t\t<div class=\"elementor-element elementor-element-561162b elementor-widget elementor-widget-heading\" data-id=\"561162b\" data-element_type=\"widget\" data-e-type=\"widget\" data-widget_type=\"heading.default\">\n\t\t\t\t<div class=\"elementor-widget-container\">\n\t\t\t\t\t<h2 class=\"elementor-heading-title elementor-size-default\">Ni\u00f1os y mayores puedan disfrutar de la nieve<\/h2>\t\t\t\t<\/div>\n\t\t\t\t<\/div>\n\t\t\t\t\t<\/div>\n\t\t\t\t<\/div>\n\t\t<div class=\"elementor-element elementor-element-0b028e8 e-flex e-con-boxed e-con e-parent\" data-id=\"0b028e8\" data-element_type=\"container\" data-e-type=\"container\">\n\t\t\t\t\t<div class=\"e-con-inner\">\n\t\t<div class=\"elementor-element elementor-element-9a401fa e-con-full e-flex e-con e-child\" data-id=\"9a401fa\" data-element_type=\"container\" data-e-type=\"container\">\n\t\t\t\t<div class=\"elementor-element elementor-element-857f201 elementor-widget elementor-widget-text-editor\" data-id=\"857f201\" data-element_type=\"widget\" data-e-type=\"widget\" data-widget_type=\"text-editor.default\">\n\t\t\t\t<div class=\"elementor-widget-container\">\n\t\t\t\t\t\t\t\t\t<p>A la hora de deslizarse por la pista, nuestros puntos para alquilar equipo pr\u00eat-\u00e0-porter acaban con el estr\u00e9s. Nuestro personal de Iliberis Sport le asesorar\u00e1 gustosa y personalmente acerca del equipo que mejor se adapta a sus habilidades y preferencias. Disponemos de las marcas internacionales m\u00e1s conocidas y mayor nivel, como Bogner, Phenix, Stockli u Oakley, para transmitir seguridad, buenas sensaciones y adaptaci\u00f3n perfecta a cada esquiador. Tambi\u00e9n ofrecemos equipo para que ni\u00f1os y mayores puedan disfrutar de la nieve.<\/p>\t\t\t\t\t\t\t\t<\/div>\n\t\t\t\t<\/div>\n\t\t\t\t<\/div>\n\t\t<div class=\"elementor-element elementor-element-85fbc77 e-con-full e-flex e-con e-child\" data-id=\"85fbc77\" data-element_type=\"container\" data-e-type=\"container\" data-settings=\"{&quot;background_background&quot;:&quot;classic&quot;}\">\n\t\t<div class=\"elementor-element elementor-element-c0771ad e-con-full e-flex e-con e-child\" data-id=\"c0771ad\" data-element_type=\"container\" data-e-type=\"container\">\n\t\t\t\t<div class=\"elementor-element elementor-element-dfed5e7 elementor-icon-list--layout-traditional elementor-list-item-link-full_width elementor-widget elementor-widget-icon-list\" data-id=\"dfed5e7\" data-element_type=\"widget\" data-e-type=\"widget\" data-widget_type=\"icon-list.default\">\n\t\t\t\t<div class=\"elementor-widget-container\">\n\t\t\t\t\t\t\t<ul class=\"elementor-icon-list-items\">\n\t\t\t\t\t\t\t<li class=\"elementor-icon-list-item\">\n\t\t\t\t\t\t\t\t\t\t\t<span class=\"elementor-icon-list-icon\">\n\t\t\t\t\t\t\t<svg xmlns=\"http:\/\/www.w3.org\/2000\/svg\" width=\"9.899\" height=\"9.9\" viewBox=\"0 0 9.899 9.9\"><rect id=\"Rect&#xE1;ngulo_344\" data-name=\"Rect&#xE1;ngulo 344\" width=\"7\" height=\"7\" transform=\"translate(0 4.95) rotate(-45)\" fill=\"#7abcd2\"><\/rect><\/svg>\t\t\t\t\t\t<\/span>\n\t\t\t\t\t\t\t\t\t\t<span class=\"elementor-icon-list-text\">HORARIO<\/span>\n\t\t\t\t\t\t\t\t\t<\/li>\n\t\t\t\t\t\t<\/ul>\n\t\t\t\t\t\t<\/div>\n\t\t\t\t<\/div>\n\t\t\t\t<div class=\"elementor-element elementor-element-04e57c3 elementor-widget elementor-widget-text-editor\" data-id=\"04e57c3\" data-element_type=\"widget\" data-e-type=\"widget\" data-widget_type=\"text-editor.default\">\n\t\t\t\t<div class=\"elementor-widget-container\">\n\t\t\t\t\t\t\t\t\t<p>Abierto todos los d\u00edas de 9:00 h a 18:00. <br \/>Ubicado en el piso -1.<\/p>\t\t\t\t\t\t\t\t<\/div>\n\t\t\t\t<\/div>\n\t\t<div class=\"elementor-element elementor-element-4a2be45 e-con-full e-flex e-con e-child\" data-id=\"4a2be45\" data-element_type=\"container\" data-e-type=\"container\">\n\t\t\t\t<div class=\"elementor-element elementor-element-81e1d89 elementor-align-left elementor-widget elementor-widget-button\" data-id=\"81e1d89\" data-element_type=\"widget\" data-e-type=\"widget\" data-widget_type=\"button.default\">\n\t\t\t\t<div class=\"elementor-widget-container\">\n\t\t\t\t\t\t\t\t\t<div class=\"elementor-button-wrapper\">\n\t\t\t\t\t<a class=\"elementor-button elementor-button-link elementor-size-sm\" href=\"https:\/\/ellodge.com\/wp-content\/uploads\/2025\/07\/ELMB_Tarifas_Iliberis_2024_25_ES-scaled-1.jpg\">\n\t\t\t\t\t\t<span class=\"elementor-button-content-wrapper\">\n\t\t\t\t\t\t\t\t\t<span class=\"elementor-button-text\">Tarifas<\/span>\n\t\t\t\t\t<\/span>\n\t\t\t\t\t<\/a>\n\t\t\t\t<\/div>\n\t\t\t\t\t\t\t\t<\/div>\n\t\t\t\t<\/div>\n\t\t\t\t<\/div>\n\t\t\t\t<\/div>\n\t\t\t\t<\/div>\n\t\t\t\t\t<\/div>\n\t\t\t\t<\/div>\n\t\t\t\t<\/div>\n\t\t","protected":false},"excerpt":{"rendered":"<p>Alquiler de equipo Ni\u00f1os y mayores puedan disfrutar de la nieve A la hora de deslizarse por la pista, nuestros puntos para alquilar equipo pr\u00eat-\u00e0-porter acaban con el estr\u00e9s. Nuestro personal de Iliberis Sport le asesorar\u00e1 gustosa y personalmente acerca del equipo que mejor se adapta a sus habilidades y preferencias. Disponemos de las marcas [&hellip;]<\/p>\n","protected":false},"author":1,"featured_media":0,"parent":824,"menu_order":0,"comment_status":"closed","ping_status":"closed","template":"","meta":{"footnotes":""},"class_list":["post-1151","page","type-page","status-publish","hentry"],"_links":{"self":[{"href":"https:\/\/ellodge.com\/es\/wp-json\/wp\/v2\/pages\/1151","targetHints":{"allow":["GET"]}}],"collection":[{"href":"https:\/\/ellodge.com\/es\/wp-json\/wp\/v2\/pages"}],"about":[{"href":"https:\/\/ellodge.com\/es\/wp-json\/wp\/v2\/types\/page"}],"author":[{"embeddable":true,"href":"https:\/\/ellodge.com\/es\/wp-json\/wp\/v2\/users\/1"}],"replies":[{"embeddable":true,"href":"https:\/\/ellodge.com\/es\/wp-json\/wp\/v2\/comments?post=1151"}],"version-history":[{"count":23,"href":"https:\/\/ellodge.com\/es\/wp-json\/wp\/v2\/pages\/1151\/revisions"}],"predecessor-version":[{"id":2926,"href":"https:\/\/ellodge.com\/es\/wp-json\/wp\/v2\/pages\/1151\/revisions\/2926"}],"up":[{"embeddable":true,"href":"https:\/\/ellodge.com\/es\/wp-json\/wp\/v2\/pages\/824"}],"wp:attachment":[{"href":"https:\/\/ellodge.com\/es\/wp-json\/wp\/v2\/media?parent=1151"}],"curies":[{"name":"wp","href":"https:\/\/api.w.org\/{rel}","templated":true}]}}