{"id":1161,"date":"2025-07-22T09:55:46","date_gmt":"2025-07-22T09:55:46","guid":{"rendered":"https:\/\/ellodge.disomnia.com\/?page_id=1161"},"modified":"2026-01-30T14:40:51","modified_gmt":"2026-01-30T14:40:51","slug":"paquetes","status":"publish","type":"page","link":"https:\/\/ellodge.com\/es\/paquetes\/","title":{"rendered":"Paquetes"},"content":{"rendered":"\t\t<div data-elementor-type=\"wp-page\" data-elementor-id=\"1161\" class=\"elementor elementor-1161\" data-elementor-post-type=\"page\">\n\t\t\t\t<div class=\"elementor-element elementor-element-7403d77 e-flex e-con-boxed e-con e-parent\" data-id=\"7403d77\" data-element_type=\"container\" data-e-type=\"container\">\n\t\t\t\t\t<div class=\"e-con-inner\">\n\t\t<div class=\"elementor-element elementor-element-bcb149c e-con-full e-flex e-con e-child\" data-id=\"bcb149c\" data-element_type=\"container\" data-e-type=\"container\">\n\t\t\t\t<div class=\"elementor-element elementor-element-0dcadc7 elementor-widget__width-auto elementor-widget elementor-widget-heading\" data-id=\"0dcadc7\" data-element_type=\"widget\" data-e-type=\"widget\" data-widget_type=\"heading.default\">\n\t\t\t\t<div class=\"elementor-widget-container\">\n\t\t\t\t\t<h1 class=\"elementor-heading-title elementor-size-default\">Paquetes<\/h1>\t\t\t\t<\/div>\n\t\t\t\t<\/div>\n\t\t\t\t<div class=\"elementor-element elementor-element-3081ff4 elementor-widget elementor-widget-heading\" data-id=\"3081ff4\" data-element_type=\"widget\" data-e-type=\"widget\" data-widget_type=\"heading.default\">\n\t\t\t\t<div class=\"elementor-widget-container\">\n\t\t\t\t\t<h2 class=\"elementor-heading-title elementor-size-default\">Disfruta de una gran experiencia, diferente y \u00fanica en Sierra Nevada<\/h2>\t\t\t\t<\/div>\n\t\t\t\t<\/div>\n\t\t\t\t<\/div>\n\t\t\t\t\t<\/div>\n\t\t\t\t<\/div>\n\t\t<div class=\"elementor-element elementor-element-8fe0f74 e-flex e-con-boxed e-con e-parent\" data-id=\"8fe0f74\" data-element_type=\"container\" data-e-type=\"container\">\n\t\t\t\t\t<div class=\"e-con-inner\">\n\t\t<div class=\"elementor-element elementor-element-b059e05 e-con-full e-flex e-con e-child\" data-id=\"b059e05\" data-element_type=\"container\" data-e-type=\"container\">\n\t\t\t\t<div class=\"elementor-element elementor-element-7e06593 elementor-widget elementor-widget-text-editor\" data-id=\"7e06593\" data-element_type=\"widget\" data-e-type=\"widget\" data-widget_type=\"text-editor.default\">\n\t\t\t\t<div class=\"elementor-widget-container\">\n\t\t\t\t\t\t\t\t\t<p>Desde un delicioso almuerzo en el restaurante Sun Deck a la excitante acci\u00f3n de las pistas, ofrecemos una gran variedad de ofertas y paquetes que se adec\u00faan a sus necesidades. Rel\u00e1jate en nuestro Spa donde encontrar\u00e1s una amplia gama de tratamientos para la piel, as\u00ed como cosm\u00e9tica y productos de la marca Babor y despu\u00e9s toma un almuerzo ligero.<\/p><p>O si prefieres un poco m\u00e1s de acci\u00f3n, puedes disfrutar de nuestro paquete especial \u201cSea &amp; Sierra\u201d que combina tres noches de estancia en una habitaci\u00f3n Deluxe con Jacuzzi con la opci\u00f3n de cenar en uno de nuestros restaurantes, \u00a1con toda la diversi\u00f3n en la nieve incluida!<\/p>\t\t\t\t\t\t\t\t<\/div>\n\t\t\t\t<\/div>\n\t\t\t\t<\/div>\n\t\t<div class=\"elementor-element elementor-element-c1e4da1 e-con-full e-flex e-con e-child\" data-id=\"c1e4da1\" data-element_type=\"container\" data-e-type=\"container\">\n\t\t\t\t<div class=\"elementor-element elementor-element-24ab749 elementor-widget elementor-widget-text-editor\" data-id=\"24ab749\" data-element_type=\"widget\" data-e-type=\"widget\" data-widget_type=\"text-editor.default\">\n\t\t\t\t<div class=\"elementor-widget-container\">\n\t\t\t\t\t\t\t\t\t<p>Adem\u00e1s de nuestros paquetes especiales, lo que realmente marca la diferencia es nuestra inmejorable ubicaci\u00f3n a pie de pista en las monta\u00f1as de Sierra Nevada y la amplia variedad de alojamiento que ofrece el mayor confort, estilo y exclusividad.<\/p><p>As\u00ed que si est\u00e1s de escapada rom\u00e1ntica o disfrutando de un tiempo con amigos, en nuestros paquetes encontrar\u00e1s lo que est\u00e1s buscando.<br \/>Para consultar disponibilidad de nuestros paquetes, cont\u00e1ctanos.<\/p>\t\t\t\t\t\t\t\t<\/div>\n\t\t\t\t<\/div>\n\t\t\t\t<\/div>\n\t\t\t\t\t<\/div>\n\t\t\t\t<\/div>\n\t\t<div class=\"elementor-element elementor-element-058a52a e-flex e-con-boxed e-con e-parent\" data-id=\"058a52a\" data-element_type=\"container\" data-e-type=\"container\" data-settings=\"{&quot;background_background&quot;:&quot;classic&quot;}\">\n\t\t\t\t\t<div class=\"e-con-inner\">\n\t\t<div class=\"elementor-element elementor-element-c1b3bdd e-con-full e-flex e-con e-child\" data-id=\"c1b3bdd\" data-element_type=\"container\" data-e-type=\"container\" data-settings=\"{&quot;background_background&quot;:&quot;classic&quot;}\">\n\t\t<div class=\"elementor-element elementor-element-5e2845a e-con-full e-flex e-con e-child\" data-id=\"5e2845a\" data-element_type=\"container\" data-e-type=\"container\">\n\t\t\t\t<\/div>\n\t\t<div class=\"elementor-element elementor-element-9bf697b e-con-full e-flex e-con e-child\" data-id=\"9bf697b\" data-element_type=\"container\" data-e-type=\"container\">\n\t\t\t\t<div class=\"elementor-element elementor-element-7cd7baf elementor-widget elementor-widget-heading\" data-id=\"7cd7baf\" data-element_type=\"widget\" data-e-type=\"widget\" data-widget_type=\"heading.default\">\n\t\t\t\t<div class=\"elementor-widget-container\">\n\t\t\t\t\t<h2 class=\"elementor-heading-title elementor-size-default\">N\u00f3madas Digitales<\/h2>\t\t\t\t<\/div>\n\t\t\t\t<\/div>\n\t\t\t\t<div class=\"elementor-element elementor-element-be0681e elementor-widget elementor-widget-text-editor\" data-id=\"be0681e\" data-element_type=\"widget\" data-e-type=\"widget\" data-widget_type=\"text-editor.default\">\n\t\t\t\t<div class=\"elementor-widget-container\">\n\t\t\t\t\t\t\t\t\t<p>Tu nueva oficina en Sierra Nevada. Esc\u00e1pate a El Lodge y trabaja rodeado de monta\u00f1as nevadas y el aire revitalizante de la sierra.<\/p>\t\t\t\t\t\t\t\t<\/div>\n\t\t\t\t<\/div>\n\t\t<div class=\"elementor-element elementor-element-5407410 e-con-full e-flex e-con e-child\" data-id=\"5407410\" data-element_type=\"container\" data-e-type=\"container\">\n\t\t\t\t<div class=\"elementor-element elementor-element-96de29a elementor-align-left elementor-widget__width-initial elementor-widget elementor-widget-button\" data-id=\"96de29a\" data-element_type=\"widget\" data-e-type=\"widget\" data-widget_type=\"button.default\">\n\t\t\t\t<div class=\"elementor-widget-container\">\n\t\t\t\t\t\t\t\t\t<div class=\"elementor-button-wrapper\">\n\t\t\t\t\t<a class=\"elementor-button elementor-button-link elementor-size-sm\" href=\"https:\/\/ellodge.com\/es\/paquetes\/nomadas-digitales\/\">\n\t\t\t\t\t\t<span class=\"elementor-button-content-wrapper\">\n\t\t\t\t\t\t\t\t\t<span class=\"elementor-button-text\">+ Informaci\u00f3n<\/span>\n\t\t\t\t\t<\/span>\n\t\t\t\t\t<\/a>\n\t\t\t\t<\/div>\n\t\t\t\t\t\t\t\t<\/div>\n\t\t\t\t<\/div>\n\t\t\t\t<div class=\"elementor-element elementor-element-bdaaa8c elementor-widget elementor-widget-button\" data-id=\"bdaaa8c\" data-element_type=\"widget\" data-e-type=\"widget\" data-widget_type=\"button.default\">\n\t\t\t\t<div class=\"elementor-widget-container\">\n\t\t\t\t\t\t\t\t\t<div class=\"elementor-button-wrapper\">\n\t\t\t\t\t<a class=\"elementor-button elementor-button-link elementor-size-sm\" href=\"https:\/\/be.synxis.com\/?chain=22402&#038;hotel=78414&#038;locale=es-ES&#038;src=24C&#038;filter=HOTEL&#038;adult=2&#038;nights=2&#038;Rate=HTBE01\" target=\"_blank\" rel=\"noopener\">\n\t\t\t\t\t\t<span class=\"elementor-button-content-wrapper\">\n\t\t\t\t\t\t\t\t\t<span class=\"elementor-button-text\">reservar<\/span>\n\t\t\t\t\t<\/span>\n\t\t\t\t\t<\/a>\n\t\t\t\t<\/div>\n\t\t\t\t\t\t\t\t<\/div>\n\t\t\t\t<\/div>\n\t\t\t\t<\/div>\n\t\t\t\t<\/div>\n\t\t\t\t<\/div>\n\t\t\t\t\t<\/div>\n\t\t\t\t<\/div>\n\t\t<div class=\"elementor-element elementor-element-828fb07 e-flex e-con-boxed e-con e-parent\" data-id=\"828fb07\" data-element_type=\"container\" data-e-type=\"container\" data-settings=\"{&quot;background_background&quot;:&quot;classic&quot;}\">\n\t\t\t\t\t<div class=\"e-con-inner\">\n\t\t<div class=\"elementor-element elementor-element-ff8c534 e-con-full e-flex e-con e-child\" data-id=\"ff8c534\" data-element_type=\"container\" data-e-type=\"container\" data-settings=\"{&quot;background_background&quot;:&quot;classic&quot;}\">\n\t\t<div class=\"elementor-element elementor-element-42653ee e-con-full e-flex e-con e-child\" data-id=\"42653ee\" data-element_type=\"container\" data-e-type=\"container\">\n\t\t\t\t<\/div>\n\t\t<div class=\"elementor-element elementor-element-2a5e21c e-con-full e-flex e-con e-child\" data-id=\"2a5e21c\" data-element_type=\"container\" data-e-type=\"container\">\n\t\t\t\t<div class=\"elementor-element elementor-element-4ab2d42 elementor-widget elementor-widget-heading\" data-id=\"4ab2d42\" data-element_type=\"widget\" data-e-type=\"widget\" data-widget_type=\"heading.default\">\n\t\t\t\t<div class=\"elementor-widget-container\">\n\t\t\t\t\t<h2 class=\"elementor-heading-title elementor-size-default\">mucho m\u00e1s que nieve<\/h2>\t\t\t\t<\/div>\n\t\t\t\t<\/div>\n\t\t\t\t<div class=\"elementor-element elementor-element-32c7ddb elementor-widget elementor-widget-text-editor\" data-id=\"32c7ddb\" data-element_type=\"widget\" data-e-type=\"widget\" data-widget_type=\"text-editor.default\">\n\t\t\t\t<div class=\"elementor-widget-container\">\n\t\t\t\t\t\t\t\t\t<p>Disfruta de la primavera en Sierra Nevada con una escapada llena de aventura, relajaci\u00f3n y momentos inolvidables.<\/p>\t\t\t\t\t\t\t\t<\/div>\n\t\t\t\t<\/div>\n\t\t<div class=\"elementor-element elementor-element-59fb329 e-con-full e-flex e-con e-child\" data-id=\"59fb329\" data-element_type=\"container\" data-e-type=\"container\">\n\t\t\t\t<div class=\"elementor-element elementor-element-052d71c elementor-align-left elementor-widget__width-initial elementor-widget elementor-widget-button\" data-id=\"052d71c\" data-element_type=\"widget\" data-e-type=\"widget\" data-widget_type=\"button.default\">\n\t\t\t\t<div class=\"elementor-widget-container\">\n\t\t\t\t\t\t\t\t\t<div class=\"elementor-button-wrapper\">\n\t\t\t\t\t<a class=\"elementor-button elementor-button-link elementor-size-sm\" href=\"https:\/\/ellodge.com\/es\/paquetes\/primavera-en-sierra-nevada\/\">\n\t\t\t\t\t\t<span class=\"elementor-button-content-wrapper\">\n\t\t\t\t\t\t\t\t\t<span class=\"elementor-button-text\">+ Informaci\u00f3n<\/span>\n\t\t\t\t\t<\/span>\n\t\t\t\t\t<\/a>\n\t\t\t\t<\/div>\n\t\t\t\t\t\t\t\t<\/div>\n\t\t\t\t<\/div>\n\t\t\t\t<\/div>\n\t\t\t\t<\/div>\n\t\t\t\t<\/div>\n\t\t\t\t\t<\/div>\n\t\t\t\t<\/div>\n\t\t\t\t<\/div>\n\t\t","protected":false},"excerpt":{"rendered":"<p>Paquetes Disfruta de una gran experiencia, diferente y \u00fanica en Sierra Nevada Desde un delicioso almuerzo en el restaurante Sun Deck a la excitante acci\u00f3n de las pistas, ofrecemos una gran variedad de ofertas y paquetes que se adec\u00faan a sus necesidades. Rel\u00e1jate en nuestro Spa donde encontrar\u00e1s una amplia gama de tratamientos para la [&hellip;]<\/p>\n","protected":false},"author":1,"featured_media":0,"parent":0,"menu_order":0,"comment_status":"closed","ping_status":"closed","template":"","meta":{"footnotes":""},"class_list":["post-1161","page","type-page","status-publish","hentry"],"_links":{"self":[{"href":"https:\/\/ellodge.com\/es\/wp-json\/wp\/v2\/pages\/1161","targetHints":{"allow":["GET"]}}],"collection":[{"href":"https:\/\/ellodge.com\/es\/wp-json\/wp\/v2\/pages"}],"about":[{"href":"https:\/\/ellodge.com\/es\/wp-json\/wp\/v2\/types\/page"}],"author":[{"embeddable":true,"href":"https:\/\/ellodge.com\/es\/wp-json\/wp\/v2\/users\/1"}],"replies":[{"embeddable":true,"href":"https:\/\/ellodge.com\/es\/wp-json\/wp\/v2\/comments?post=1161"}],"version-history":[{"count":89,"href":"https:\/\/ellodge.com\/es\/wp-json\/wp\/v2\/pages\/1161\/revisions"}],"predecessor-version":[{"id":3340,"href":"https:\/\/ellodge.com\/es\/wp-json\/wp\/v2\/pages\/1161\/revisions\/3340"}],"wp:attachment":[{"href":"https:\/\/ellodge.com\/es\/wp-json\/wp\/v2\/media?parent=1161"}],"curies":[{"name":"wp","href":"https:\/\/api.w.org\/{rel}","templated":true}]}}