{"id":1258,"date":"2025-07-22T11:46:58","date_gmt":"2025-07-22T11:46:58","guid":{"rendered":"https:\/\/ellodge.disomnia.com\/?page_id=1258"},"modified":"2025-08-29T14:43:40","modified_gmt":"2025-08-29T14:43:40","slug":"bienestar","status":"publish","type":"page","link":"https:\/\/ellodge.com\/es\/bienestar\/","title":{"rendered":"Bienestar"},"content":{"rendered":"\t\t<div data-elementor-type=\"wp-page\" data-elementor-id=\"1258\" class=\"elementor elementor-1258\" data-elementor-post-type=\"page\">\n\t\t\t\t<div class=\"elementor-element elementor-element-7403d77 e-flex e-con-boxed e-con e-parent\" data-id=\"7403d77\" data-element_type=\"container\" data-e-type=\"container\">\n\t\t\t\t\t<div class=\"e-con-inner\">\n\t\t<div class=\"elementor-element elementor-element-bcb149c e-con-full e-flex e-con e-child\" data-id=\"bcb149c\" data-element_type=\"container\" data-e-type=\"container\">\n\t\t\t\t<div class=\"elementor-element elementor-element-0dcadc7 elementor-widget__width-auto elementor-widget elementor-widget-heading\" data-id=\"0dcadc7\" data-element_type=\"widget\" data-e-type=\"widget\" data-widget_type=\"heading.default\">\n\t\t\t\t<div class=\"elementor-widget-container\">\n\t\t\t\t\t<h1 class=\"elementor-heading-title elementor-size-default\">Bienestar<\/h1>\t\t\t\t<\/div>\n\t\t\t\t<\/div>\n\t\t\t\t<div class=\"elementor-element elementor-element-3081ff4 elementor-widget elementor-widget-heading\" data-id=\"3081ff4\" data-element_type=\"widget\" data-e-type=\"widget\" data-widget_type=\"heading.default\">\n\t\t\t\t<div class=\"elementor-widget-container\">\n\t\t\t\t\t<h2 class=\"elementor-heading-title elementor-size-default\">Spa y esqu\u00ed resort sierra nevada<\/h2>\t\t\t\t<\/div>\n\t\t\t\t<\/div>\n\t\t\t\t<div class=\"elementor-element elementor-element-49efc08 elementor-widget elementor-widget-text-editor\" data-id=\"49efc08\" data-element_type=\"widget\" data-e-type=\"widget\" data-widget_type=\"text-editor.default\">\n\t\t\t\t<div class=\"elementor-widget-container\">\n\t\t\t\t\t\t\t\t\t<p>Nuestras opciones de wellness combinan relajaci\u00f3n y ejercicio para que su estancia en El Lodge sea equilibrada y completa. Puede relajarse tras un d\u00eda en las pistas, ponerse en forma, disfrutar de un masaje en manos de nuestros terapeutas o tomar el sol en nuestra terraza con magn\u00edficas vistas de la Sierra.<\/p><p>Nuestro spa dispone de piscina climatizada, sauna, gimnasio, dos salas para tratamientos y un equipo de profesionales que le ayudar\u00e1n a sacar el m\u00e1ximo provecho de nuestras instalaciones.<\/p>\t\t\t\t\t\t\t\t<\/div>\n\t\t\t\t<\/div>\n\t\t\t\t<\/div>\n\t\t<div class=\"elementor-element elementor-element-b703a09 e-con-full e-flex e-con e-child\" data-id=\"b703a09\" data-element_type=\"container\" data-e-type=\"container\">\n\t\t\t\t<div class=\"elementor-element elementor-element-98baa24 elementor-widget elementor-widget-image\" data-id=\"98baa24\" data-element_type=\"widget\" data-e-type=\"widget\" data-widget_type=\"image.default\">\n\t\t\t\t<div class=\"elementor-widget-container\">\n\t\t\t\t\t\t\t\t\t\t\t\t\t\t\t<img fetchpriority=\"high\" decoding=\"async\" width=\"800\" height=\"848\" src=\"https:\/\/ellodge.com\/wp-content\/uploads\/2025\/07\/ilustracion_spa@2x.png\" class=\"attachment-large size-large wp-image-712\" alt=\"\" srcset=\"https:\/\/ellodge.com\/wp-content\/uploads\/2025\/07\/ilustracion_spa@2x.png 958w, https:\/\/ellodge.com\/wp-content\/uploads\/2025\/07\/ilustracion_spa@2x-283x300.png 283w, https:\/\/ellodge.com\/wp-content\/uploads\/2025\/07\/ilustracion_spa@2x-768x814.png 768w\" sizes=\"(max-width: 800px) 100vw, 800px\" \/>\t\t\t\t\t\t\t\t\t\t\t\t\t\t\t<\/div>\n\t\t\t\t<\/div>\n\t\t\t\t<\/div>\n\t\t\t\t\t<\/div>\n\t\t\t\t<\/div>\n\t\t<div class=\"elementor-element elementor-element-991ec7c e-flex e-con-boxed e-con e-parent\" data-id=\"991ec7c\" data-element_type=\"container\" data-e-type=\"container\">\n\t\t\t\t\t<div class=\"e-con-inner\">\n\t\t<div class=\"elementor-element elementor-element-e1e0f1a e-flex e-con-boxed e-con e-child\" data-id=\"e1e0f1a\" data-element_type=\"container\" data-e-type=\"container\">\n\t\t\t\t\t<div class=\"e-con-inner\">\n\t\t\t\t\t<\/div>\n\t\t\t\t<\/div>\n\t\t\t\t\t<\/div>\n\t\t\t\t<\/div>\n\t\t<div class=\"elementor-element elementor-element-eb49e32 e-flex e-con-boxed e-con e-parent\" data-id=\"eb49e32\" data-element_type=\"container\" data-e-type=\"container\">\n\t\t\t\t\t<div class=\"e-con-inner\">\n\t\t<div class=\"elementor-element elementor-element-f5f935b e-con-full e-flex e-con e-child\" data-id=\"f5f935b\" data-element_type=\"container\" data-e-type=\"container\">\n\t\t\t\t<div class=\"elementor-element elementor-element-5d8b6b0 elementor-widget elementor-widget-heading\" data-id=\"5d8b6b0\" data-element_type=\"widget\" data-e-type=\"widget\" data-widget_type=\"heading.default\">\n\t\t\t\t<div class=\"elementor-widget-container\">\n\t\t\t\t\t<h2 class=\"elementor-heading-title elementor-size-default\">Piscina exterior y terraza<\/h2>\t\t\t\t<\/div>\n\t\t\t\t<\/div>\n\t\t\t\t<div class=\"elementor-element elementor-element-4b4fbd8 elementor-widget elementor-widget-heading\" data-id=\"4b4fbd8\" data-element_type=\"widget\" data-e-type=\"widget\" data-widget_type=\"heading.default\">\n\t\t\t\t<div class=\"elementor-widget-container\">\n\t\t\t\t\t<h2 class=\"elementor-heading-title elementor-size-default\">La \u00fanica piscina exterior climatizada<\/h2>\t\t\t\t<\/div>\n\t\t\t\t<\/div>\n\t\t\t\t<div class=\"elementor-element elementor-element-27c17e3 elementor-widget elementor-widget-text-editor\" data-id=\"27c17e3\" data-element_type=\"widget\" data-e-type=\"widget\" data-widget_type=\"text-editor.default\">\n\t\t\t\t<div class=\"elementor-widget-container\">\n\t\t\t\t\t\t\t\t\t<p>El Lodge pone a su disposici\u00f3n la \u00fanica piscina exterior climatizada de Sierra Nevada. Dese un chapuz\u00f3n al sol de la sierra y disfrute de unas maravillosas vistas a la monta\u00f1a.<br \/>La zona de la piscina cuenta adem\u00e1s con una sauna finlandesa iluminada por la luz natural y un hidromasaje. Disfrute de una sensaci\u00f3n de bienestar absoluto, relajando cuerpo y mente respirando el aire fresco de la sierra.<\/p>\t\t\t\t\t\t\t\t<\/div>\n\t\t\t\t<\/div>\n\t\t\t\t<\/div>\n\t\t<div class=\"elementor-element elementor-element-9ae59a1 e-con-full e-flex e-con e-child\" data-id=\"9ae59a1\" data-element_type=\"container\" data-e-type=\"container\">\n\t\t<div class=\"elementor-element elementor-element-460533e e-con-full e-flex e-con e-child\" data-id=\"460533e\" data-element_type=\"container\" data-e-type=\"container\">\n\t\t\t\t<div class=\"elementor-element elementor-element-c0760e0 elementor-icon-list--layout-traditional elementor-list-item-link-full_width elementor-widget elementor-widget-icon-list\" data-id=\"c0760e0\" data-element_type=\"widget\" data-e-type=\"widget\" data-widget_type=\"icon-list.default\">\n\t\t\t\t<div class=\"elementor-widget-container\">\n\t\t\t\t\t\t\t<ul class=\"elementor-icon-list-items\">\n\t\t\t\t\t\t\t<li class=\"elementor-icon-list-item\">\n\t\t\t\t\t\t\t\t\t\t\t<span class=\"elementor-icon-list-icon\">\n\t\t\t\t\t\t\t<svg xmlns=\"http:\/\/www.w3.org\/2000\/svg\" width=\"9.899\" height=\"9.9\" viewBox=\"0 0 9.899 9.9\"><rect id=\"Rect&#xE1;ngulo_344\" data-name=\"Rect&#xE1;ngulo 344\" width=\"7\" height=\"7\" transform=\"translate(0 4.95) rotate(-45)\" fill=\"#7abcd2\"><\/rect><\/svg>\t\t\t\t\t\t<\/span>\n\t\t\t\t\t\t\t\t\t\t<span class=\"elementor-icon-list-text\">HORARIO<\/span>\n\t\t\t\t\t\t\t\t\t<\/li>\n\t\t\t\t\t\t<\/ul>\n\t\t\t\t\t\t<\/div>\n\t\t\t\t<\/div>\n\t\t\t\t<div class=\"elementor-element elementor-element-06ee203 elementor-widget elementor-widget-text-editor\" data-id=\"06ee203\" data-element_type=\"widget\" data-e-type=\"widget\" data-widget_type=\"text-editor.default\">\n\t\t\t\t<div class=\"elementor-widget-container\">\n\t\t\t\t\t\t\t\t\t<p>Abierto todos los d\u00edas de 10:00 h a 20:00 h<\/p>\t\t\t\t\t\t\t\t<\/div>\n\t\t\t\t<\/div>\n\t\t\t\t<\/div>\n\t\t\t\t<\/div>\n\t\t\t\t\t<\/div>\n\t\t\t\t<\/div>\n\t\t<div class=\"elementor-element elementor-element-60bac97 e-flex e-con-boxed e-con e-parent\" data-id=\"60bac97\" data-element_type=\"container\" data-e-type=\"container\" data-settings=\"{&quot;background_background&quot;:&quot;classic&quot;}\">\n\t\t\t\t\t<div class=\"e-con-inner\">\n\t\t<div class=\"elementor-element elementor-element-de4732f e-con-full e-flex e-con e-child\" data-id=\"de4732f\" data-element_type=\"container\" data-e-type=\"container\">\n\t\t\t\t<\/div>\n\t\t<div class=\"elementor-element elementor-element-c26e627 e-con-full e-flex e-con e-child\" data-id=\"c26e627\" data-element_type=\"container\" data-e-type=\"container\">\n\t\t\t\t<div class=\"elementor-element elementor-element-d1151ed elementor-widget elementor-widget-heading\" data-id=\"d1151ed\" data-element_type=\"widget\" data-e-type=\"widget\" data-widget_type=\"heading.default\">\n\t\t\t\t<div class=\"elementor-widget-container\">\n\t\t\t\t\t<h2 class=\"elementor-heading-title elementor-size-default\">El gimnasio<\/h2>\t\t\t\t<\/div>\n\t\t\t\t<\/div>\n\t\t\t\t<div class=\"elementor-element elementor-element-22f1c9b elementor-widget elementor-widget-heading\" data-id=\"22f1c9b\" data-element_type=\"widget\" data-e-type=\"widget\" data-widget_type=\"heading.default\">\n\t\t\t\t<div class=\"elementor-widget-container\">\n\t\t\t\t\t<h2 class=\"elementor-heading-title elementor-size-default\">Equipo de vanguardia para el entrenamiento cardiovascular<\/h2>\t\t\t\t<\/div>\n\t\t\t\t<\/div>\n\t\t\t\t<div class=\"elementor-element elementor-element-df8fccf elementor-widget elementor-widget-text-editor\" data-id=\"df8fccf\" data-element_type=\"widget\" data-e-type=\"widget\" data-widget_type=\"text-editor.default\">\n\t\t\t\t<div class=\"elementor-widget-container\">\n\t\t\t\t\t\t\t\t\t<p>El gimnasio de El Lodge cuenta con un equipo de vanguardia para el entrenamiento cardiovascular \u2013Technogym y Kinesis\u2013 que resulta clave para mantenerse en forma tanto antes y despu\u00e9s de esquiar.<br \/>Ideal para quienes deseen combinar tratamientos de spa con una sesi\u00f3n de entrenamiento sin dejar el hotel.<\/p>\t\t\t\t\t\t\t\t<\/div>\n\t\t\t\t<\/div>\n\t\t\t\t<div class=\"elementor-element elementor-element-d6351fd elementor-icon-list--layout-traditional elementor-list-item-link-full_width elementor-widget elementor-widget-icon-list\" data-id=\"d6351fd\" data-element_type=\"widget\" data-e-type=\"widget\" data-widget_type=\"icon-list.default\">\n\t\t\t\t<div class=\"elementor-widget-container\">\n\t\t\t\t\t\t\t<ul class=\"elementor-icon-list-items\">\n\t\t\t\t\t\t\t<li class=\"elementor-icon-list-item\">\n\t\t\t\t\t\t\t\t\t\t\t<span class=\"elementor-icon-list-icon\">\n\t\t\t\t\t\t\t<svg xmlns=\"http:\/\/www.w3.org\/2000\/svg\" width=\"9.899\" height=\"9.9\" viewBox=\"0 0 9.899 9.9\"><rect id=\"Rect&#xE1;ngulo_344\" data-name=\"Rect&#xE1;ngulo 344\" width=\"7\" height=\"7\" transform=\"translate(0 4.95) rotate(-45)\" fill=\"#7abcd2\"><\/rect><\/svg>\t\t\t\t\t\t<\/span>\n\t\t\t\t\t\t\t\t\t\t<span class=\"elementor-icon-list-text\">HORARIO<\/span>\n\t\t\t\t\t\t\t\t\t<\/li>\n\t\t\t\t\t\t<\/ul>\n\t\t\t\t\t\t<\/div>\n\t\t\t\t<\/div>\n\t\t\t\t<div class=\"elementor-element elementor-element-d7e6bfa elementor-widget elementor-widget-text-editor\" data-id=\"d7e6bfa\" data-element_type=\"widget\" data-e-type=\"widget\" data-widget_type=\"text-editor.default\">\n\t\t\t\t<div class=\"elementor-widget-container\">\n\t\t\t\t\t\t\t\t\t<p>Abierto todos los d\u00edas de 10:00 h a 20:00 h<\/p>\t\t\t\t\t\t\t\t<\/div>\n\t\t\t\t<\/div>\n\t\t\t\t<\/div>\n\t\t\t\t\t<\/div>\n\t\t\t\t<\/div>\n\t\t<div class=\"elementor-element elementor-element-8e51435 e-con-full e-flex e-con e-parent\" data-id=\"8e51435\" data-element_type=\"container\" data-e-type=\"container\">\n\t\t<div class=\"elementor-element elementor-element-ca75cb1 e-flex e-con-boxed e-con e-child\" data-id=\"ca75cb1\" data-element_type=\"container\" data-e-type=\"container\">\n\t\t\t\t\t<div class=\"e-con-inner\">\n\t\t\t\t\t<\/div>\n\t\t\t\t<\/div>\n\t\t\t\t<\/div>\n\t\t<div class=\"elementor-element elementor-element-d40b4dc e-flex e-con-boxed e-con e-parent\" data-id=\"d40b4dc\" data-element_type=\"container\" data-e-type=\"container\">\n\t\t\t\t\t<div class=\"e-con-inner\">\n\t\t<div class=\"elementor-element elementor-element-ea04e7f e-con-full e-flex e-con e-child\" data-id=\"ea04e7f\" data-element_type=\"container\" data-e-type=\"container\">\n\t\t\t\t<div class=\"elementor-element elementor-element-f28da5f elementor-widget elementor-widget-heading\" data-id=\"f28da5f\" data-element_type=\"widget\" data-e-type=\"widget\" data-widget_type=\"heading.default\">\n\t\t\t\t<div class=\"elementor-widget-container\">\n\t\t\t\t\t<h2 class=\"elementor-heading-title elementor-size-default\">El SPA<\/h2>\t\t\t\t<\/div>\n\t\t\t\t<\/div>\n\t\t\t\t<div class=\"elementor-element elementor-element-037d6cb elementor-widget elementor-widget-heading\" data-id=\"037d6cb\" data-element_type=\"widget\" data-e-type=\"widget\" data-widget_type=\"heading.default\">\n\t\t\t\t<div class=\"elementor-widget-container\">\n\t\t\t\t\t<h2 class=\"elementor-heading-title elementor-size-default\">Una l\u00ednea exclusiva de productos para el cutis, cosm\u00e9ticos y bienestar<\/h2>\t\t\t\t<\/div>\n\t\t\t\t<\/div>\n\t\t\t\t<div class=\"elementor-element elementor-element-0df9e43 elementor-widget elementor-widget-text-editor\" data-id=\"0df9e43\" data-element_type=\"widget\" data-e-type=\"widget\" data-widget_type=\"text-editor.default\">\n\t\t\t\t<div class=\"elementor-widget-container\">\n\t\t\t\t\t\t\t\t\t<p>Despu\u00e9s de un intenso d\u00eda en las pistas, nada sienta mejor que un relajante masaje. En nuestro Spa, podr\u00e1 elegir entre una cuidada selecci\u00f3n de tratamientos para el cutis y el cuerpo, donde trabajamos exclusivamente con la firma italiana Comfort Zone, especializada en el cuidado de la piel y reconocida internacionalmente por sus f\u00f3rmulas libres de siliconas, parabenos, aceites minerales, colorantes artificiales o derivados animales. Nuestra zona de Spa cuenta con dos salas privadas para tratamientos y una piscina climatizada. No lo dude, y deje los esqu\u00eds un poco antes para dedicarse un tiempo a mimarse.<\/p>\t\t\t\t\t\t\t\t<\/div>\n\t\t\t\t<\/div>\n\t\t\t\t<\/div>\n\t\t<div class=\"elementor-element elementor-element-71b1a02 e-con-full e-flex e-con e-child\" data-id=\"71b1a02\" data-element_type=\"container\" data-e-type=\"container\">\n\t\t<div class=\"elementor-element elementor-element-49f96b2 e-con-full e-flex e-con e-child\" data-id=\"49f96b2\" data-element_type=\"container\" data-e-type=\"container\">\n\t\t\t\t<div class=\"elementor-element elementor-element-b04abf8 elementor-icon-list--layout-traditional elementor-list-item-link-full_width elementor-widget elementor-widget-icon-list\" data-id=\"b04abf8\" data-element_type=\"widget\" data-e-type=\"widget\" data-widget_type=\"icon-list.default\">\n\t\t\t\t<div class=\"elementor-widget-container\">\n\t\t\t\t\t\t\t<ul class=\"elementor-icon-list-items\">\n\t\t\t\t\t\t\t<li class=\"elementor-icon-list-item\">\n\t\t\t\t\t\t\t\t\t\t\t<span class=\"elementor-icon-list-icon\">\n\t\t\t\t\t\t\t<svg xmlns=\"http:\/\/www.w3.org\/2000\/svg\" width=\"9.899\" height=\"9.9\" viewBox=\"0 0 9.899 9.9\"><rect id=\"Rect&#xE1;ngulo_344\" data-name=\"Rect&#xE1;ngulo 344\" width=\"7\" height=\"7\" transform=\"translate(0 4.95) rotate(-45)\" fill=\"#7abcd2\"><\/rect><\/svg>\t\t\t\t\t\t<\/span>\n\t\t\t\t\t\t\t\t\t\t<span class=\"elementor-icon-list-text\">HORARIO<\/span>\n\t\t\t\t\t\t\t\t\t<\/li>\n\t\t\t\t\t\t<\/ul>\n\t\t\t\t\t\t<\/div>\n\t\t\t\t<\/div>\n\t\t\t\t<div class=\"elementor-element elementor-element-141443d elementor-widget elementor-widget-text-editor\" data-id=\"141443d\" data-element_type=\"widget\" data-e-type=\"widget\" data-widget_type=\"text-editor.default\">\n\t\t\t\t<div class=\"elementor-widget-container\">\n\t\t\t\t\t\t\t\t\t<p>Abierto todos los d\u00edas de 10:00 h a 20:00 h<\/p>\t\t\t\t\t\t\t\t<\/div>\n\t\t\t\t<\/div>\n\t\t\t\t<div class=\"elementor-element elementor-element-b9f36f0 elementor-align-left elementor-widget elementor-widget-button\" data-id=\"b9f36f0\" data-element_type=\"widget\" data-e-type=\"widget\" data-widget_type=\"button.default\">\n\t\t\t\t<div class=\"elementor-widget-container\">\n\t\t\t\t\t\t\t\t\t<div class=\"elementor-button-wrapper\">\n\t\t\t\t\t<a class=\"elementor-button elementor-button-link elementor-size-sm\" href=\"https:\/\/ellodge.com\/wp-content\/uploads\/2025\/07\/EL_Spa_menu_2024_online.pdf\" target=\"_blank\">\n\t\t\t\t\t\t<span class=\"elementor-button-content-wrapper\">\n\t\t\t\t\t\t\t\t\t<span class=\"elementor-button-text\">Carta de tratamientos<\/span>\n\t\t\t\t\t<\/span>\n\t\t\t\t\t<\/a>\n\t\t\t\t<\/div>\n\t\t\t\t\t\t\t\t<\/div>\n\t\t\t\t<\/div>\n\t\t\t\t<\/div>\n\t\t\t\t<\/div>\n\t\t\t\t\t<\/div>\n\t\t\t\t<\/div>\n\t\t\t\t<\/div>\n\t\t","protected":false},"excerpt":{"rendered":"<p>Bienestar Spa y esqu\u00ed resort sierra nevada Nuestras opciones de wellness combinan relajaci\u00f3n y ejercicio para que su estancia en El Lodge sea equilibrada y completa. Puede relajarse tras un d\u00eda en las pistas, ponerse en forma, disfrutar de un masaje en manos de nuestros terapeutas o tomar el sol en nuestra terraza con magn\u00edficas [&hellip;]<\/p>\n","protected":false},"author":1,"featured_media":0,"parent":0,"menu_order":0,"comment_status":"closed","ping_status":"closed","template":"","meta":{"footnotes":""},"class_list":["post-1258","page","type-page","status-publish","hentry"],"_links":{"self":[{"href":"https:\/\/ellodge.com\/es\/wp-json\/wp\/v2\/pages\/1258","targetHints":{"allow":["GET"]}}],"collection":[{"href":"https:\/\/ellodge.com\/es\/wp-json\/wp\/v2\/pages"}],"about":[{"href":"https:\/\/ellodge.com\/es\/wp-json\/wp\/v2\/types\/page"}],"author":[{"embeddable":true,"href":"https:\/\/ellodge.com\/es\/wp-json\/wp\/v2\/users\/1"}],"replies":[{"embeddable":true,"href":"https:\/\/ellodge.com\/es\/wp-json\/wp\/v2\/comments?post=1258"}],"version-history":[{"count":19,"href":"https:\/\/ellodge.com\/es\/wp-json\/wp\/v2\/pages\/1258\/revisions"}],"predecessor-version":[{"id":2230,"href":"https:\/\/ellodge.com\/es\/wp-json\/wp\/v2\/pages\/1258\/revisions\/2230"}],"wp:attachment":[{"href":"https:\/\/ellodge.com\/es\/wp-json\/wp\/v2\/media?parent=1258"}],"curies":[{"name":"wp","href":"https:\/\/api.w.org\/{rel}","templated":true}]}}