{"id":1447,"date":"2025-08-06T12:11:21","date_gmt":"2025-08-06T12:11:21","guid":{"rendered":"https:\/\/ellodge.disomnia.com\/?page_id=1447"},"modified":"2025-09-26T11:00:42","modified_gmt":"2025-09-26T11:00:42","slug":"lodge-premium-room","status":"publish","type":"page","link":"https:\/\/ellodge.com\/es\/habitaciones\/lodge-premium-room\/","title":{"rendered":"Lodge Premium Room"},"content":{"rendered":"\t\t<div data-elementor-type=\"wp-page\" data-elementor-id=\"1447\" class=\"elementor elementor-1447\" data-elementor-post-type=\"page\">\n\t\t\t\t<div class=\"elementor-element elementor-element-48dce57 e-flex e-con-boxed e-con e-parent\" data-id=\"48dce57\" data-element_type=\"container\" data-e-type=\"container\">\n\t\t\t\t\t<div class=\"e-con-inner\">\n\t\t\t\t<div class=\"elementor-element elementor-element-c21e258 elementor-widget elementor-widget-shortcode\" data-id=\"c21e258\" data-element_type=\"widget\" data-e-type=\"widget\" data-widget_type=\"shortcode.default\">\n\t\t\t\t<div class=\"elementor-widget-container\">\n\t\t\t\t\t\t\t<div class=\"elementor-shortcode\"><nav aria-label=\"breadcrumbs\" class=\"rank-math-breadcrumb\"><p><\/p><\/nav><\/div>\n\t\t\t\t\t\t<\/div>\n\t\t\t\t<\/div>\n\t\t\t\t\t<\/div>\n\t\t\t\t<\/div>\n\t\t<div class=\"elementor-element elementor-element-dcd3d36 e-flex e-con-boxed e-con e-parent\" data-id=\"dcd3d36\" data-element_type=\"container\" data-e-type=\"container\">\n\t\t\t\t\t<div class=\"e-con-inner\">\n\t\t\t\t<div class=\"elementor-element elementor-element-1cbe720 elementor-arrows-position-outside elementor-widget elementor-widget-image-carousel\" data-id=\"1cbe720\" data-element_type=\"widget\" data-e-type=\"widget\" data-settings=\"{&quot;slides_to_show&quot;:&quot;1&quot;,&quot;navigation&quot;:&quot;arrows&quot;,&quot;effect&quot;:&quot;fade&quot;,&quot;autoplay&quot;:&quot;yes&quot;,&quot;pause_on_hover&quot;:&quot;yes&quot;,&quot;pause_on_interaction&quot;:&quot;yes&quot;,&quot;autoplay_speed&quot;:5000,&quot;infinite&quot;:&quot;yes&quot;,&quot;speed&quot;:500}\" data-widget_type=\"image-carousel.default\">\n\t\t\t\t<div class=\"elementor-widget-container\">\n\t\t\t\t\t\t\t<div class=\"elementor-image-carousel-wrapper swiper\" role=\"region\" aria-roledescription=\"carousel\" aria-label=\"Carrusel de im\u00e1genes\" dir=\"ltr\">\n\t\t\t<div class=\"elementor-image-carousel swiper-wrapper\" aria-live=\"off\">\n\t\t\t\t\t\t\t\t<div class=\"swiper-slide\" role=\"group\" aria-roledescription=\"slide\" aria-label=\"1 de 4\"><a data-elementor-open-lightbox=\"yes\" data-elementor-lightbox-slideshow=\"1cbe720\" data-elementor-lightbox-title=\"Lodge Premium Room Pool 01\" data-e-action-hash=\"#elementor-action%3Aaction%3Dlightbox%26settings%3DeyJpZCI6MTQ1MiwidXJsIjoiaHR0cHM6XC9cL2VsbG9kZ2UuY29tXC93cC1jb250ZW50XC91cGxvYWRzXC8yMDI1XC8wOFwvTG9kZ2UtUHJlbWl1bS1Sb29tLVBvb2wtMDEuanBnIiwic2xpZGVzaG93IjoiMWNiZTcyMCJ9\" href=\"https:\/\/ellodge.com\/wp-content\/uploads\/2025\/08\/Lodge-Premium-Room-Pool-01.jpg\"><figure class=\"swiper-slide-inner\"><img decoding=\"async\" class=\"swiper-slide-image\" src=\"https:\/\/ellodge.com\/wp-content\/uploads\/2025\/08\/Lodge-Premium-Room-Pool-01.jpg\" alt=\"Lodge Premium Room Pool 01\" \/><\/figure><\/a><\/div><div class=\"swiper-slide\" role=\"group\" aria-roledescription=\"slide\" aria-label=\"2 de 4\"><a data-elementor-open-lightbox=\"yes\" data-elementor-lightbox-slideshow=\"1cbe720\" data-elementor-lightbox-title=\"Lodge Premium Room Pool 04\" data-e-action-hash=\"#elementor-action%3Aaction%3Dlightbox%26settings%3DeyJpZCI6MTQ1NSwidXJsIjoiaHR0cHM6XC9cL2VsbG9kZ2UuY29tXC93cC1jb250ZW50XC91cGxvYWRzXC8yMDI1XC8wOFwvTG9kZ2UtUHJlbWl1bS1Sb29tLVBvb2wtMDQuanBnIiwic2xpZGVzaG93IjoiMWNiZTcyMCJ9\" href=\"https:\/\/ellodge.com\/wp-content\/uploads\/2025\/08\/Lodge-Premium-Room-Pool-04.jpg\"><figure class=\"swiper-slide-inner\"><img decoding=\"async\" class=\"swiper-slide-image\" src=\"https:\/\/ellodge.com\/wp-content\/uploads\/2025\/08\/Lodge-Premium-Room-Pool-04.jpg\" alt=\"Lodge Premium Room Pool 04\" \/><\/figure><\/a><\/div><div class=\"swiper-slide\" role=\"group\" aria-roledescription=\"slide\" aria-label=\"3 de 4\"><a data-elementor-open-lightbox=\"yes\" data-elementor-lightbox-slideshow=\"1cbe720\" data-elementor-lightbox-title=\"Lodge Premium Room Pool 05\" data-e-action-hash=\"#elementor-action%3Aaction%3Dlightbox%26settings%3DeyJpZCI6MTQ1NiwidXJsIjoiaHR0cHM6XC9cL2VsbG9kZ2UuY29tXC93cC1jb250ZW50XC91cGxvYWRzXC8yMDI1XC8wOFwvTG9kZ2UtUHJlbWl1bS1Sb29tLVBvb2wtMDUuanBnIiwic2xpZGVzaG93IjoiMWNiZTcyMCJ9\" href=\"https:\/\/ellodge.com\/wp-content\/uploads\/2025\/08\/Lodge-Premium-Room-Pool-05.jpg\"><figure class=\"swiper-slide-inner\"><img decoding=\"async\" class=\"swiper-slide-image\" src=\"https:\/\/ellodge.com\/wp-content\/uploads\/2025\/08\/Lodge-Premium-Room-Pool-05.jpg\" alt=\"Lodge Premium Room Pool 05\" \/><\/figure><\/a><\/div><div class=\"swiper-slide\" role=\"group\" aria-roledescription=\"slide\" aria-label=\"4 de 4\"><a data-elementor-open-lightbox=\"yes\" data-elementor-lightbox-slideshow=\"1cbe720\" data-elementor-lightbox-title=\"Lodge Premium Room Pool 02\" data-e-action-hash=\"#elementor-action%3Aaction%3Dlightbox%26settings%3DeyJpZCI6MTQ1MywidXJsIjoiaHR0cHM6XC9cL2VsbG9kZ2UuY29tXC93cC1jb250ZW50XC91cGxvYWRzXC8yMDI1XC8wOFwvTG9kZ2UtUHJlbWl1bS1Sb29tLVBvb2wtMDItc2NhbGVkLmpwZyIsInNsaWRlc2hvdyI6IjFjYmU3MjAifQ%3D%3D\" href=\"https:\/\/ellodge.com\/wp-content\/uploads\/2025\/08\/Lodge-Premium-Room-Pool-02-scaled.jpg\"><figure class=\"swiper-slide-inner\"><img decoding=\"async\" class=\"swiper-slide-image\" src=\"https:\/\/ellodge.com\/wp-content\/uploads\/2025\/08\/Lodge-Premium-Room-Pool-02-scaled.jpg\" alt=\"Lodge Premium Room Pool 02\" \/><\/figure><\/a><\/div>\t\t\t<\/div>\n\t\t\t\t\t\t\t\t\t\t\t\t<div class=\"elementor-swiper-button elementor-swiper-button-prev\" role=\"button\" tabindex=\"0\">\n\t\t\t\t\t\t<svg xmlns=\"http:\/\/www.w3.org\/2000\/svg\" width=\"37.259\" height=\"25.073\" viewBox=\"0 0 37.259 25.073\"><g id=\"Grupo_163\" data-name=\"Grupo 163\" transform=\"translate(36.259 23.631) rotate(180)\"><g id=\"Grupo_9\" data-name=\"Grupo 9\" transform=\"translate(0 0)\"><line id=\"L&#xED;nea_5\" data-name=\"L&#xED;nea 5\" x2=\"34.267\" transform=\"translate(0 11.094)\" fill=\"none\" stroke=\"#000\" stroke-linecap=\"round\" stroke-width=\"2\"><\/line><g id=\"Grupo_8\" data-name=\"Grupo 8\" transform=\"translate(24.019 0)\"><line id=\"L&#xED;nea_6\" data-name=\"L&#xED;nea 6\" x2=\"15.27\" y2=\"0.31\" transform=\"translate(0 0) rotate(45)\" fill=\"none\" stroke=\"#000\" stroke-linecap=\"round\" stroke-width=\"2\"><\/line><line id=\"L&#xED;nea_7\" data-name=\"L&#xED;nea 7\" y1=\"0.31\" x2=\"15.27\" transform=\"translate(10.798 11.391) rotate(135)\" fill=\"none\" stroke=\"#000\" stroke-linecap=\"round\" stroke-width=\"2\"><\/line><\/g><\/g><\/g><\/svg>\t\t\t\t\t<\/div>\n\t\t\t\t\t<div class=\"elementor-swiper-button elementor-swiper-button-next\" role=\"button\" tabindex=\"0\">\n\t\t\t\t\t\t<svg xmlns=\"http:\/\/www.w3.org\/2000\/svg\" width=\"37.259\" height=\"25.073\" viewBox=\"0 0 37.259 25.073\"><g id=\"Grupo_161\" data-name=\"Grupo 161\" transform=\"translate(1 1.443)\"><g id=\"Grupo_9\" data-name=\"Grupo 9\" transform=\"translate(0 0)\"><line id=\"L&#xED;nea_5\" data-name=\"L&#xED;nea 5\" x2=\"34.267\" transform=\"translate(0 11.094)\" fill=\"none\" stroke=\"#000\" stroke-linecap=\"round\" stroke-width=\"2\"><\/line><g id=\"Grupo_8\" data-name=\"Grupo 8\" transform=\"translate(24.019 0)\"><line id=\"L&#xED;nea_6\" data-name=\"L&#xED;nea 6\" x2=\"15.27\" y2=\"0.31\" transform=\"translate(0 0) rotate(45)\" fill=\"none\" stroke=\"#000\" stroke-linecap=\"round\" stroke-width=\"2\"><\/line><line id=\"L&#xED;nea_7\" data-name=\"L&#xED;nea 7\" y1=\"0.31\" x2=\"15.27\" transform=\"translate(10.798 11.391) rotate(135)\" fill=\"none\" stroke=\"#000\" stroke-linecap=\"round\" stroke-width=\"2\"><\/line><\/g><\/g><\/g><\/svg>\t\t\t\t\t<\/div>\n\t\t\t\t\n\t\t\t\t\t\t\t\t\t<\/div>\n\t\t\t\t\t\t<\/div>\n\t\t\t\t<\/div>\n\t\t\t\t\t<\/div>\n\t\t\t\t<\/div>\n\t\t<div class=\"elementor-element elementor-element-3e9c6fe e-flex e-con-boxed e-con e-parent\" data-id=\"3e9c6fe\" data-element_type=\"container\" data-e-type=\"container\">\n\t\t\t\t\t<div class=\"e-con-inner\">\n\t\t\t\t<div class=\"elementor-element elementor-element-3528de6 elementor-widget elementor-widget-heading\" data-id=\"3528de6\" data-element_type=\"widget\" data-e-type=\"widget\" data-widget_type=\"heading.default\">\n\t\t\t\t<div class=\"elementor-widget-container\">\n\t\t\t\t\t<h1 class=\"elementor-heading-title elementor-size-default\">Lodge Premium Room<\/h1>\t\t\t\t<\/div>\n\t\t\t\t<\/div>\n\t\t\t\t<div class=\"elementor-element elementor-element-561162b elementor-widget elementor-widget-heading\" data-id=\"561162b\" data-element_type=\"widget\" data-e-type=\"widget\" data-widget_type=\"heading.default\">\n\t\t\t\t<div class=\"elementor-widget-container\">\n\t\t\t\t\t<h2 class=\"elementor-heading-title elementor-size-default\">Espacio adicional para una comodidad m\u00e1xima<\/h2>\t\t\t\t<\/div>\n\t\t\t\t<\/div>\n\t\t\t\t\t<\/div>\n\t\t\t\t<\/div>\n\t\t<div class=\"elementor-element elementor-element-0b028e8 e-flex e-con-boxed e-con e-parent\" data-id=\"0b028e8\" data-element_type=\"container\" data-e-type=\"container\">\n\t\t\t\t\t<div class=\"e-con-inner\">\n\t\t<div class=\"elementor-element elementor-element-9a401fa e-con-full e-flex e-con e-child\" data-id=\"9a401fa\" data-element_type=\"container\" data-e-type=\"container\">\n\t\t\t\t<div class=\"elementor-element elementor-element-857f201 elementor-widget elementor-widget-text-editor\" data-id=\"857f201\" data-element_type=\"widget\" data-e-type=\"widget\" data-widget_type=\"text-editor.default\">\n\t\t\t\t<div class=\"elementor-widget-container\">\n\t\t\t\t\t\t\t\t\t<p>Esta c\u00f3moda habitaci\u00f3n\u00a0 presenta espacio adicional para una comodidad m\u00e1xima, dispone de cama de matrimonio <em>king size<\/em> y decoraci\u00f3n contempor\u00e1nea a la par que acogedora; un amplio ba\u00f1o con tocador doble, y vigas de madera en el techo a fin de lograr esa sensaci\u00f3n especial que transmiten las caba\u00f1as. La terraza ofrece vistas de monta\u00f1a y algunas de estas habitaciones cuentan con un <em>jacuzzi<\/em> para relajarse despu\u00e9s de esquiar o acceso directo a la piscina exterior.<\/p>\t\t\t\t\t\t\t\t<\/div>\n\t\t\t\t<\/div>\n\t\t\t\t<div class=\"elementor-element elementor-element-73bda3a elementor-widget elementor-widget-button\" data-id=\"73bda3a\" data-element_type=\"widget\" data-e-type=\"widget\" data-widget_type=\"button.default\">\n\t\t\t\t<div class=\"elementor-widget-container\">\n\t\t\t\t\t\t\t\t\t<div class=\"elementor-button-wrapper\">\n\t\t\t\t\t<a class=\"elementor-button elementor-button-link elementor-size-sm\" href=\"https:\/\/be.synxis.com\/?chain=22402&#038;hotel=78414&#038;locale=es-ES&#038;src=24C&#038;filter=HOTEL\" target=\"_blank\" rel=\"noopener\">\n\t\t\t\t\t\t<span class=\"elementor-button-content-wrapper\">\n\t\t\t\t\t\t\t\t\t<span class=\"elementor-button-text\">Reservar<\/span>\n\t\t\t\t\t<\/span>\n\t\t\t\t\t<\/a>\n\t\t\t\t<\/div>\n\t\t\t\t\t\t\t\t<\/div>\n\t\t\t\t<\/div>\n\t\t\t\t<\/div>\n\t\t<div class=\"elementor-element elementor-element-85fbc77 e-con-full e-flex e-con e-child\" data-id=\"85fbc77\" data-element_type=\"container\" data-e-type=\"container\" data-settings=\"{&quot;background_background&quot;:&quot;classic&quot;}\">\n\t\t<div class=\"elementor-element elementor-element-c0771ad e-grid e-con-full e-con e-child\" data-id=\"c0771ad\" data-element_type=\"container\" data-e-type=\"container\">\n\t\t\t\t<div class=\"elementor-element elementor-element-dfed5e7 elementor-align-start elementor-icon-list--layout-traditional elementor-list-item-link-full_width elementor-widget elementor-widget-icon-list\" data-id=\"dfed5e7\" data-element_type=\"widget\" data-e-type=\"widget\" data-widget_type=\"icon-list.default\">\n\t\t\t\t<div class=\"elementor-widget-container\">\n\t\t\t\t\t\t\t<ul class=\"elementor-icon-list-items\">\n\t\t\t\t\t\t\t<li class=\"elementor-icon-list-item\">\n\t\t\t\t\t\t\t\t\t\t\t<span class=\"elementor-icon-list-icon\">\n\t\t\t\t\t\t\t<svg xmlns=\"http:\/\/www.w3.org\/2000\/svg\" width=\"9.899\" height=\"9.9\" viewBox=\"0 0 9.899 9.9\"><rect id=\"Rect&#xE1;ngulo_344\" data-name=\"Rect&#xE1;ngulo 344\" width=\"7\" height=\"7\" transform=\"translate(0 4.95) rotate(-45)\" fill=\"#7abcd2\"><\/rect><\/svg>\t\t\t\t\t\t<\/span>\n\t\t\t\t\t\t\t\t\t\t<span class=\"elementor-icon-list-text\">Capacidad: 2 hu\u00e9spedes<\/span>\n\t\t\t\t\t\t\t\t\t<\/li>\n\t\t\t\t\t\t\t\t<li class=\"elementor-icon-list-item\">\n\t\t\t\t\t\t\t\t\t\t\t<span class=\"elementor-icon-list-icon\">\n\t\t\t\t\t\t\t<svg xmlns=\"http:\/\/www.w3.org\/2000\/svg\" width=\"9.899\" height=\"9.9\" viewBox=\"0 0 9.899 9.9\"><rect id=\"Rect&#xE1;ngulo_344\" data-name=\"Rect&#xE1;ngulo 344\" width=\"7\" height=\"7\" transform=\"translate(0 4.95) rotate(-45)\" fill=\"#7abcd2\"><\/rect><\/svg>\t\t\t\t\t\t<\/span>\n\t\t\t\t\t\t\t\t\t\t<span class=\"elementor-icon-list-text\">35 m2<\/span>\n\t\t\t\t\t\t\t\t\t<\/li>\n\t\t\t\t\t\t\t\t<li class=\"elementor-icon-list-item\">\n\t\t\t\t\t\t\t\t\t\t\t<span class=\"elementor-icon-list-icon\">\n\t\t\t\t\t\t\t<svg xmlns=\"http:\/\/www.w3.org\/2000\/svg\" width=\"9.899\" height=\"9.9\" viewBox=\"0 0 9.899 9.9\"><rect id=\"Rect&#xE1;ngulo_344\" data-name=\"Rect&#xE1;ngulo 344\" width=\"7\" height=\"7\" transform=\"translate(0 4.95) rotate(-45)\" fill=\"#7abcd2\"><\/rect><\/svg>\t\t\t\t\t\t<\/span>\n\t\t\t\t\t\t\t\t\t\t<span class=\"elementor-icon-list-text\">Cama de matrimonio king size<\/span>\n\t\t\t\t\t\t\t\t\t<\/li>\n\t\t\t\t\t\t\t\t<li class=\"elementor-icon-list-item\">\n\t\t\t\t\t\t\t\t\t\t\t<span class=\"elementor-icon-list-icon\">\n\t\t\t\t\t\t\t<svg xmlns=\"http:\/\/www.w3.org\/2000\/svg\" width=\"9.899\" height=\"9.9\" viewBox=\"0 0 9.899 9.9\"><rect id=\"Rect&#xE1;ngulo_344\" data-name=\"Rect&#xE1;ngulo 344\" width=\"7\" height=\"7\" transform=\"translate(0 4.95) rotate(-45)\" fill=\"#7abcd2\"><\/rect><\/svg>\t\t\t\t\t\t<\/span>\n\t\t\t\t\t\t\t\t\t\t<span class=\"elementor-icon-list-text\">Ba\u00f1os: uno<\/span>\n\t\t\t\t\t\t\t\t\t<\/li>\n\t\t\t\t\t\t\t\t<li class=\"elementor-icon-list-item\">\n\t\t\t\t\t\t\t\t\t\t\t<span class=\"elementor-icon-list-icon\">\n\t\t\t\t\t\t\t<svg xmlns=\"http:\/\/www.w3.org\/2000\/svg\" width=\"9.899\" height=\"9.9\" viewBox=\"0 0 9.899 9.9\"><rect id=\"Rect&#xE1;ngulo_344\" data-name=\"Rect&#xE1;ngulo 344\" width=\"7\" height=\"7\" transform=\"translate(0 4.95) rotate(-45)\" fill=\"#7abcd2\"><\/rect><\/svg>\t\t\t\t\t\t<\/span>\n\t\t\t\t\t\t\t\t\t\t<span class=\"elementor-icon-list-text\">Habitaci\u00f3n conectada<\/span>\n\t\t\t\t\t\t\t\t\t<\/li>\n\t\t\t\t\t\t\t\t<li class=\"elementor-icon-list-item\">\n\t\t\t\t\t\t\t\t\t\t\t<span class=\"elementor-icon-list-icon\">\n\t\t\t\t\t\t\t<svg xmlns=\"http:\/\/www.w3.org\/2000\/svg\" width=\"9.899\" height=\"9.9\" viewBox=\"0 0 9.899 9.9\"><rect id=\"Rect&#xE1;ngulo_344\" data-name=\"Rect&#xE1;ngulo 344\" width=\"7\" height=\"7\" transform=\"translate(0 4.95) rotate(-45)\" fill=\"#7abcd2\"><\/rect><\/svg>\t\t\t\t\t\t<\/span>\n\t\t\t\t\t\t\t\t\t\t<span class=\"elementor-icon-list-text\">Jacuzzi en la terraza o acceso a la piscina<\/span>\n\t\t\t\t\t\t\t\t\t<\/li>\n\t\t\t\t\t\t\t\t<li class=\"elementor-icon-list-item\">\n\t\t\t\t\t\t\t\t\t\t\t<span class=\"elementor-icon-list-icon\">\n\t\t\t\t\t\t\t<svg xmlns=\"http:\/\/www.w3.org\/2000\/svg\" width=\"9.899\" height=\"9.9\" viewBox=\"0 0 9.899 9.9\"><rect id=\"Rect&#xE1;ngulo_344\" data-name=\"Rect&#xE1;ngulo 344\" width=\"7\" height=\"7\" transform=\"translate(0 4.95) rotate(-45)\" fill=\"#7abcd2\"><\/rect><\/svg>\t\t\t\t\t\t<\/span>\n\t\t\t\t\t\t\t\t\t\t<span class=\"elementor-icon-list-text\">Reproductor DVD<\/span>\n\t\t\t\t\t\t\t\t\t<\/li>\n\t\t\t\t\t\t\t\t<li class=\"elementor-icon-list-item\">\n\t\t\t\t\t\t\t\t\t\t\t<span class=\"elementor-icon-list-icon\">\n\t\t\t\t\t\t\t<svg xmlns=\"http:\/\/www.w3.org\/2000\/svg\" width=\"9.899\" height=\"9.9\" viewBox=\"0 0 9.899 9.9\"><rect id=\"Rect&#xE1;ngulo_344\" data-name=\"Rect&#xE1;ngulo 344\" width=\"7\" height=\"7\" transform=\"translate(0 4.95) rotate(-45)\" fill=\"#7abcd2\"><\/rect><\/svg>\t\t\t\t\t\t<\/span>\n\t\t\t\t\t\t\t\t\t\t<span class=\"elementor-icon-list-text\">Televisi\u00f3n por cable y sat\u00e9lite<\/span>\n\t\t\t\t\t\t\t\t\t<\/li>\n\t\t\t\t\t\t<\/ul>\n\t\t\t\t\t\t<\/div>\n\t\t\t\t<\/div>\n\t\t\t\t<div class=\"elementor-element elementor-element-7e49447 elementor-icon-list--layout-traditional elementor-list-item-link-full_width elementor-widget elementor-widget-icon-list\" data-id=\"7e49447\" data-element_type=\"widget\" data-e-type=\"widget\" data-widget_type=\"icon-list.default\">\n\t\t\t\t<div class=\"elementor-widget-container\">\n\t\t\t\t\t\t\t<ul class=\"elementor-icon-list-items\">\n\t\t\t\t\t\t\t<li class=\"elementor-icon-list-item\">\n\t\t\t\t\t\t\t\t\t\t\t<span class=\"elementor-icon-list-icon\">\n\t\t\t\t\t\t\t<svg xmlns=\"http:\/\/www.w3.org\/2000\/svg\" width=\"9.899\" height=\"9.9\" viewBox=\"0 0 9.899 9.9\"><rect id=\"Rect&#xE1;ngulo_344\" data-name=\"Rect&#xE1;ngulo 344\" width=\"7\" height=\"7\" transform=\"translate(0 4.95) rotate(-45)\" fill=\"#7abcd2\"><\/rect><\/svg>\t\t\t\t\t\t<\/span>\n\t\t\t\t\t\t\t\t\t\t<span class=\"elementor-icon-list-text\">Art\u00edculos de tocador de The Botanist &amp; The Chemist<\/span>\n\t\t\t\t\t\t\t\t\t<\/li>\n\t\t\t\t\t\t\t\t<li class=\"elementor-icon-list-item\">\n\t\t\t\t\t\t\t\t\t\t\t<span class=\"elementor-icon-list-icon\">\n\t\t\t\t\t\t\t<svg xmlns=\"http:\/\/www.w3.org\/2000\/svg\" width=\"9.899\" height=\"9.9\" viewBox=\"0 0 9.899 9.9\"><rect id=\"Rect&#xE1;ngulo_344\" data-name=\"Rect&#xE1;ngulo 344\" width=\"7\" height=\"7\" transform=\"translate(0 4.95) rotate(-45)\" fill=\"#7abcd2\"><\/rect><\/svg>\t\t\t\t\t\t<\/span>\n\t\t\t\t\t\t\t\t\t\t<span class=\"elementor-icon-list-text\">Minibar<\/span>\n\t\t\t\t\t\t\t\t\t<\/li>\n\t\t\t\t\t\t\t\t<li class=\"elementor-icon-list-item\">\n\t\t\t\t\t\t\t\t\t\t\t<span class=\"elementor-icon-list-icon\">\n\t\t\t\t\t\t\t<svg xmlns=\"http:\/\/www.w3.org\/2000\/svg\" width=\"9.899\" height=\"9.9\" viewBox=\"0 0 9.899 9.9\"><rect id=\"Rect&#xE1;ngulo_344\" data-name=\"Rect&#xE1;ngulo 344\" width=\"7\" height=\"7\" transform=\"translate(0 4.95) rotate(-45)\" fill=\"#7abcd2\"><\/rect><\/svg>\t\t\t\t\t\t<\/span>\n\t\t\t\t\t\t\t\t\t\t<span class=\"elementor-icon-list-text\">M\u00e1quina Nespresso<\/span>\n\t\t\t\t\t\t\t\t\t<\/li>\n\t\t\t\t\t\t\t\t<li class=\"elementor-icon-list-item\">\n\t\t\t\t\t\t\t\t\t\t\t<span class=\"elementor-icon-list-icon\">\n\t\t\t\t\t\t\t<svg xmlns=\"http:\/\/www.w3.org\/2000\/svg\" width=\"9.899\" height=\"9.9\" viewBox=\"0 0 9.899 9.9\"><rect id=\"Rect&#xE1;ngulo_344\" data-name=\"Rect&#xE1;ngulo 344\" width=\"7\" height=\"7\" transform=\"translate(0 4.95) rotate(-45)\" fill=\"#7abcd2\"><\/rect><\/svg>\t\t\t\t\t\t<\/span>\n\t\t\t\t\t\t\t\t\t\t<span class=\"elementor-icon-list-text\">Decoraci\u00f3n n\u00f3rdica<\/span>\n\t\t\t\t\t\t\t\t\t<\/li>\n\t\t\t\t\t\t\t\t<li class=\"elementor-icon-list-item\">\n\t\t\t\t\t\t\t\t\t\t\t<span class=\"elementor-icon-list-icon\">\n\t\t\t\t\t\t\t<svg xmlns=\"http:\/\/www.w3.org\/2000\/svg\" width=\"9.899\" height=\"9.9\" viewBox=\"0 0 9.899 9.9\"><rect id=\"Rect&#xE1;ngulo_344\" data-name=\"Rect&#xE1;ngulo 344\" width=\"7\" height=\"7\" transform=\"translate(0 4.95) rotate(-45)\" fill=\"#7abcd2\"><\/rect><\/svg>\t\t\t\t\t\t<\/span>\n\t\t\t\t\t\t\t\t\t\t<span class=\"elementor-icon-list-text\">Caja fuerte<\/span>\n\t\t\t\t\t\t\t\t\t<\/li>\n\t\t\t\t\t\t\t\t<li class=\"elementor-icon-list-item\">\n\t\t\t\t\t\t\t\t\t\t\t<span class=\"elementor-icon-list-icon\">\n\t\t\t\t\t\t\t<svg xmlns=\"http:\/\/www.w3.org\/2000\/svg\" width=\"9.899\" height=\"9.9\" viewBox=\"0 0 9.899 9.9\"><rect id=\"Rect&#xE1;ngulo_344\" data-name=\"Rect&#xE1;ngulo 344\" width=\"7\" height=\"7\" transform=\"translate(0 4.95) rotate(-45)\" fill=\"#7abcd2\"><\/rect><\/svg>\t\t\t\t\t\t<\/span>\n\t\t\t\t\t\t\t\t\t\t<span class=\"elementor-icon-list-text\">Wifi<\/span>\n\t\t\t\t\t\t\t\t\t<\/li>\n\t\t\t\t\t\t<\/ul>\n\t\t\t\t\t\t<\/div>\n\t\t\t\t<\/div>\n\t\t\t\t<\/div>\n\t\t\t\t<\/div>\n\t\t\t\t\t<\/div>\n\t\t\t\t<\/div>\n\t\t\t\t<\/div>\n\t\t","protected":false},"excerpt":{"rendered":"<p>Lodge Premium Room Espacio adicional para una comodidad m\u00e1xima Esta c\u00f3moda habitaci\u00f3n\u00a0 presenta espacio adicional para una comodidad m\u00e1xima, dispone de cama de matrimonio king size y decoraci\u00f3n contempor\u00e1nea a la par que acogedora; un amplio ba\u00f1o con tocador doble, y vigas de madera en el techo a fin de lograr esa sensaci\u00f3n especial que [&hellip;]<\/p>\n","protected":false},"author":1,"featured_media":1455,"parent":307,"menu_order":0,"comment_status":"closed","ping_status":"closed","template":"","meta":{"footnotes":""},"class_list":["post-1447","page","type-page","status-publish","has-post-thumbnail","hentry"],"_links":{"self":[{"href":"https:\/\/ellodge.com\/es\/wp-json\/wp\/v2\/pages\/1447","targetHints":{"allow":["GET"]}}],"collection":[{"href":"https:\/\/ellodge.com\/es\/wp-json\/wp\/v2\/pages"}],"about":[{"href":"https:\/\/ellodge.com\/es\/wp-json\/wp\/v2\/types\/page"}],"author":[{"embeddable":true,"href":"https:\/\/ellodge.com\/es\/wp-json\/wp\/v2\/users\/1"}],"replies":[{"embeddable":true,"href":"https:\/\/ellodge.com\/es\/wp-json\/wp\/v2\/comments?post=1447"}],"version-history":[{"count":33,"href":"https:\/\/ellodge.com\/es\/wp-json\/wp\/v2\/pages\/1447\/revisions"}],"predecessor-version":[{"id":3041,"href":"https:\/\/ellodge.com\/es\/wp-json\/wp\/v2\/pages\/1447\/revisions\/3041"}],"up":[{"embeddable":true,"href":"https:\/\/ellodge.com\/es\/wp-json\/wp\/v2\/pages\/307"}],"wp:featuredmedia":[{"embeddable":true,"href":"https:\/\/ellodge.com\/es\/wp-json\/wp\/v2\/media\/1455"}],"wp:attachment":[{"href":"https:\/\/ellodge.com\/es\/wp-json\/wp\/v2\/media?parent=1447"}],"curies":[{"name":"wp","href":"https:\/\/api.w.org\/{rel}","templated":true}]}}