{"id":1592,"date":"2025-08-06T13:58:42","date_gmt":"2025-08-06T13:58:42","guid":{"rendered":"https:\/\/ellodge.disomnia.com\/?page_id=1592"},"modified":"2025-09-01T10:13:08","modified_gmt":"2025-09-01T10:13:08","slug":"la-cabana","status":"publish","type":"page","link":"https:\/\/ellodge.com\/es\/habitaciones\/la-cabana\/","title":{"rendered":"La Caba\u00f1a"},"content":{"rendered":"\t\t<div data-elementor-type=\"wp-page\" data-elementor-id=\"1592\" class=\"elementor elementor-1592\" data-elementor-post-type=\"page\">\n\t\t\t\t<div class=\"elementor-element elementor-element-48dce57 e-flex e-con-boxed e-con e-parent\" data-id=\"48dce57\" data-element_type=\"container\" data-e-type=\"container\">\n\t\t\t\t\t<div class=\"e-con-inner\">\n\t\t\t\t<div class=\"elementor-element elementor-element-c21e258 elementor-widget elementor-widget-shortcode\" data-id=\"c21e258\" data-element_type=\"widget\" data-e-type=\"widget\" data-widget_type=\"shortcode.default\">\n\t\t\t\t<div class=\"elementor-widget-container\">\n\t\t\t\t\t\t\t<div class=\"elementor-shortcode\"><nav aria-label=\"breadcrumbs\" class=\"rank-math-breadcrumb\"><p><\/p><\/nav><\/div>\n\t\t\t\t\t\t<\/div>\n\t\t\t\t<\/div>\n\t\t\t\t\t<\/div>\n\t\t\t\t<\/div>\n\t\t<div class=\"elementor-element elementor-element-dcd3d36 e-flex e-con-boxed e-con e-parent\" data-id=\"dcd3d36\" data-element_type=\"container\" data-e-type=\"container\">\n\t\t\t\t\t<div class=\"e-con-inner\">\n\t\t\t\t<div class=\"elementor-element elementor-element-1cbe720 elementor-arrows-position-outside elementor-widget elementor-widget-image-carousel\" data-id=\"1cbe720\" data-element_type=\"widget\" data-e-type=\"widget\" data-settings=\"{&quot;slides_to_show&quot;:&quot;1&quot;,&quot;navigation&quot;:&quot;arrows&quot;,&quot;effect&quot;:&quot;fade&quot;,&quot;autoplay&quot;:&quot;yes&quot;,&quot;pause_on_hover&quot;:&quot;yes&quot;,&quot;pause_on_interaction&quot;:&quot;yes&quot;,&quot;autoplay_speed&quot;:5000,&quot;infinite&quot;:&quot;yes&quot;,&quot;speed&quot;:500}\" data-widget_type=\"image-carousel.default\">\n\t\t\t\t<div class=\"elementor-widget-container\">\n\t\t\t\t\t\t\t<div class=\"elementor-image-carousel-wrapper swiper\" role=\"region\" aria-roledescription=\"carousel\" aria-label=\"Carrusel de im\u00e1genes\" dir=\"ltr\">\n\t\t\t<div class=\"elementor-image-carousel swiper-wrapper\" aria-live=\"off\">\n\t\t\t\t\t\t\t\t<div class=\"swiper-slide\" role=\"group\" aria-roledescription=\"slide\" aria-label=\"1 de 7\"><a data-elementor-open-lightbox=\"yes\" data-elementor-lightbox-slideshow=\"1cbe720\" data-elementor-lightbox-title=\"La Caban\u0303a 08\" data-e-action-hash=\"#elementor-action%3Aaction%3Dlightbox%26settings%3DeyJpZCI6MTYwNCwidXJsIjoiaHR0cHM6XC9cL2VsbG9kZ2UuY29tXC93cC1jb250ZW50XC91cGxvYWRzXC8yMDI1XC8wOFwvTGEtQ2FiYW5hLTA4LmpwZyIsInNsaWRlc2hvdyI6IjFjYmU3MjAifQ%3D%3D\" href=\"https:\/\/ellodge.com\/wp-content\/uploads\/2025\/08\/La-Cabana-08.jpg\"><figure class=\"swiper-slide-inner\"><img decoding=\"async\" class=\"swiper-slide-image\" src=\"https:\/\/ellodge.com\/wp-content\/uploads\/2025\/08\/La-Cabana-08.jpg\" alt=\"La Caban\u0303a 08\" \/><\/figure><\/a><\/div><div class=\"swiper-slide\" role=\"group\" aria-roledescription=\"slide\" aria-label=\"2 de 7\"><a data-elementor-open-lightbox=\"yes\" data-elementor-lightbox-slideshow=\"1cbe720\" data-elementor-lightbox-title=\"La Caban\u0303a 02\" data-e-action-hash=\"#elementor-action%3Aaction%3Dlightbox%26settings%3DeyJpZCI6MTU5OCwidXJsIjoiaHR0cHM6XC9cL2VsbG9kZ2UuY29tXC93cC1jb250ZW50XC91cGxvYWRzXC8yMDI1XC8wOFwvTGEtQ2FiYW5hLTAyLmpwZyIsInNsaWRlc2hvdyI6IjFjYmU3MjAifQ%3D%3D\" href=\"https:\/\/ellodge.com\/wp-content\/uploads\/2025\/08\/La-Cabana-02.jpg\"><figure class=\"swiper-slide-inner\"><img decoding=\"async\" class=\"swiper-slide-image\" src=\"https:\/\/ellodge.com\/wp-content\/uploads\/2025\/08\/La-Cabana-02.jpg\" alt=\"La Caban\u0303a 02\" \/><\/figure><\/a><\/div><div class=\"swiper-slide\" role=\"group\" aria-roledescription=\"slide\" aria-label=\"3 de 7\"><a data-elementor-open-lightbox=\"yes\" data-elementor-lightbox-slideshow=\"1cbe720\" data-elementor-lightbox-title=\"La Caban\u0303a 03\" data-e-action-hash=\"#elementor-action%3Aaction%3Dlightbox%26settings%3DeyJpZCI6MTU5OSwidXJsIjoiaHR0cHM6XC9cL2VsbG9kZ2UuY29tXC93cC1jb250ZW50XC91cGxvYWRzXC8yMDI1XC8wOFwvTGEtQ2FiYW5hLTAzLmpwZyIsInNsaWRlc2hvdyI6IjFjYmU3MjAifQ%3D%3D\" href=\"https:\/\/ellodge.com\/wp-content\/uploads\/2025\/08\/La-Cabana-03.jpg\"><figure class=\"swiper-slide-inner\"><img decoding=\"async\" class=\"swiper-slide-image\" src=\"https:\/\/ellodge.com\/wp-content\/uploads\/2025\/08\/La-Cabana-03.jpg\" alt=\"La Caban\u0303a 03\" \/><\/figure><\/a><\/div><div class=\"swiper-slide\" role=\"group\" aria-roledescription=\"slide\" aria-label=\"4 de 7\"><a data-elementor-open-lightbox=\"yes\" data-elementor-lightbox-slideshow=\"1cbe720\" data-elementor-lightbox-title=\"La Caban\u0303a 04\" data-e-action-hash=\"#elementor-action%3Aaction%3Dlightbox%26settings%3DeyJpZCI6MTYwMCwidXJsIjoiaHR0cHM6XC9cL2VsbG9kZ2UuY29tXC93cC1jb250ZW50XC91cGxvYWRzXC8yMDI1XC8wOFwvTGEtQ2FiYW5hLTA0LmpwZyIsInNsaWRlc2hvdyI6IjFjYmU3MjAifQ%3D%3D\" href=\"https:\/\/ellodge.com\/wp-content\/uploads\/2025\/08\/La-Cabana-04.jpg\"><figure class=\"swiper-slide-inner\"><img decoding=\"async\" class=\"swiper-slide-image\" src=\"https:\/\/ellodge.com\/wp-content\/uploads\/2025\/08\/La-Cabana-04.jpg\" alt=\"La Caban\u0303a 04\" \/><\/figure><\/a><\/div><div class=\"swiper-slide\" role=\"group\" aria-roledescription=\"slide\" aria-label=\"5 de 7\"><a data-elementor-open-lightbox=\"yes\" data-elementor-lightbox-slideshow=\"1cbe720\" data-elementor-lightbox-title=\"La Caban\u0303a 05\" data-e-action-hash=\"#elementor-action%3Aaction%3Dlightbox%26settings%3DeyJpZCI6MTYwMSwidXJsIjoiaHR0cHM6XC9cL2VsbG9kZ2UuY29tXC93cC1jb250ZW50XC91cGxvYWRzXC8yMDI1XC8wOFwvTGEtQ2FiYW5hLTA1LmpwZyIsInNsaWRlc2hvdyI6IjFjYmU3MjAifQ%3D%3D\" href=\"https:\/\/ellodge.com\/wp-content\/uploads\/2025\/08\/La-Cabana-05.jpg\"><figure class=\"swiper-slide-inner\"><img decoding=\"async\" class=\"swiper-slide-image\" src=\"https:\/\/ellodge.com\/wp-content\/uploads\/2025\/08\/La-Cabana-05.jpg\" alt=\"La Caban\u0303a 05\" \/><\/figure><\/a><\/div><div class=\"swiper-slide\" role=\"group\" aria-roledescription=\"slide\" aria-label=\"6 de 7\"><a data-elementor-open-lightbox=\"yes\" data-elementor-lightbox-slideshow=\"1cbe720\" data-elementor-lightbox-title=\"La Caban\u0303a 06\" data-e-action-hash=\"#elementor-action%3Aaction%3Dlightbox%26settings%3DeyJpZCI6MTYwMiwidXJsIjoiaHR0cHM6XC9cL2VsbG9kZ2UuY29tXC93cC1jb250ZW50XC91cGxvYWRzXC8yMDI1XC8wOFwvTGEtQ2FiYW5hLTA2LmpwZyIsInNsaWRlc2hvdyI6IjFjYmU3MjAifQ%3D%3D\" href=\"https:\/\/ellodge.com\/wp-content\/uploads\/2025\/08\/La-Cabana-06.jpg\"><figure class=\"swiper-slide-inner\"><img decoding=\"async\" class=\"swiper-slide-image\" src=\"https:\/\/ellodge.com\/wp-content\/uploads\/2025\/08\/La-Cabana-06.jpg\" alt=\"La Caban\u0303a 06\" \/><\/figure><\/a><\/div><div class=\"swiper-slide\" role=\"group\" aria-roledescription=\"slide\" aria-label=\"7 de 7\"><a data-elementor-open-lightbox=\"yes\" data-elementor-lightbox-slideshow=\"1cbe720\" data-elementor-lightbox-title=\"La Caban\u0303a 07\" data-e-action-hash=\"#elementor-action%3Aaction%3Dlightbox%26settings%3DeyJpZCI6MTYwMywidXJsIjoiaHR0cHM6XC9cL2VsbG9kZ2UuY29tXC93cC1jb250ZW50XC91cGxvYWRzXC8yMDI1XC8wOFwvTGEtQ2FiYW5hLTA3LmpwZyIsInNsaWRlc2hvdyI6IjFjYmU3MjAifQ%3D%3D\" href=\"https:\/\/ellodge.com\/wp-content\/uploads\/2025\/08\/La-Cabana-07.jpg\"><figure class=\"swiper-slide-inner\"><img decoding=\"async\" class=\"swiper-slide-image\" src=\"https:\/\/ellodge.com\/wp-content\/uploads\/2025\/08\/La-Cabana-07.jpg\" alt=\"La Caban\u0303a 07\" \/><\/figure><\/a><\/div>\t\t\t<\/div>\n\t\t\t\t\t\t\t\t\t\t\t\t<div class=\"elementor-swiper-button elementor-swiper-button-prev\" role=\"button\" tabindex=\"0\">\n\t\t\t\t\t\t<svg xmlns=\"http:\/\/www.w3.org\/2000\/svg\" width=\"37.259\" height=\"25.073\" viewBox=\"0 0 37.259 25.073\"><g id=\"Grupo_163\" data-name=\"Grupo 163\" transform=\"translate(36.259 23.631) rotate(180)\"><g id=\"Grupo_9\" data-name=\"Grupo 9\" transform=\"translate(0 0)\"><line id=\"L&#xED;nea_5\" data-name=\"L&#xED;nea 5\" x2=\"34.267\" transform=\"translate(0 11.094)\" fill=\"none\" stroke=\"#000\" stroke-linecap=\"round\" stroke-width=\"2\"><\/line><g id=\"Grupo_8\" data-name=\"Grupo 8\" transform=\"translate(24.019 0)\"><line id=\"L&#xED;nea_6\" data-name=\"L&#xED;nea 6\" x2=\"15.27\" y2=\"0.31\" transform=\"translate(0 0) rotate(45)\" fill=\"none\" stroke=\"#000\" stroke-linecap=\"round\" stroke-width=\"2\"><\/line><line id=\"L&#xED;nea_7\" data-name=\"L&#xED;nea 7\" y1=\"0.31\" x2=\"15.27\" transform=\"translate(10.798 11.391) rotate(135)\" fill=\"none\" stroke=\"#000\" stroke-linecap=\"round\" stroke-width=\"2\"><\/line><\/g><\/g><\/g><\/svg>\t\t\t\t\t<\/div>\n\t\t\t\t\t<div class=\"elementor-swiper-button elementor-swiper-button-next\" role=\"button\" tabindex=\"0\">\n\t\t\t\t\t\t<svg xmlns=\"http:\/\/www.w3.org\/2000\/svg\" width=\"37.259\" height=\"25.073\" viewBox=\"0 0 37.259 25.073\"><g id=\"Grupo_161\" data-name=\"Grupo 161\" transform=\"translate(1 1.443)\"><g id=\"Grupo_9\" data-name=\"Grupo 9\" transform=\"translate(0 0)\"><line id=\"L&#xED;nea_5\" data-name=\"L&#xED;nea 5\" x2=\"34.267\" transform=\"translate(0 11.094)\" fill=\"none\" stroke=\"#000\" stroke-linecap=\"round\" stroke-width=\"2\"><\/line><g id=\"Grupo_8\" data-name=\"Grupo 8\" transform=\"translate(24.019 0)\"><line id=\"L&#xED;nea_6\" data-name=\"L&#xED;nea 6\" x2=\"15.27\" y2=\"0.31\" transform=\"translate(0 0) rotate(45)\" fill=\"none\" stroke=\"#000\" stroke-linecap=\"round\" stroke-width=\"2\"><\/line><line id=\"L&#xED;nea_7\" data-name=\"L&#xED;nea 7\" y1=\"0.31\" x2=\"15.27\" transform=\"translate(10.798 11.391) rotate(135)\" fill=\"none\" stroke=\"#000\" stroke-linecap=\"round\" stroke-width=\"2\"><\/line><\/g><\/g><\/g><\/svg>\t\t\t\t\t<\/div>\n\t\t\t\t\n\t\t\t\t\t\t\t\t\t<\/div>\n\t\t\t\t\t\t<\/div>\n\t\t\t\t<\/div>\n\t\t\t\t\t<\/div>\n\t\t\t\t<\/div>\n\t\t<div class=\"elementor-element elementor-element-3e9c6fe e-flex e-con-boxed e-con e-parent\" data-id=\"3e9c6fe\" data-element_type=\"container\" data-e-type=\"container\">\n\t\t\t\t\t<div class=\"e-con-inner\">\n\t\t\t\t<div class=\"elementor-element elementor-element-3528de6 elementor-widget elementor-widget-heading\" data-id=\"3528de6\" data-element_type=\"widget\" data-e-type=\"widget\" data-widget_type=\"heading.default\">\n\t\t\t\t<div class=\"elementor-widget-container\">\n\t\t\t\t\t<h1 class=\"elementor-heading-title elementor-size-default\"> La Caba\u00f1a\t<\/h1>\t\t\t\t<\/div>\n\t\t\t\t<\/div>\n\t\t\t\t<div class=\"elementor-element elementor-element-561162b elementor-widget elementor-widget-heading\" data-id=\"561162b\" data-element_type=\"widget\" data-e-type=\"widget\" data-widget_type=\"heading.default\">\n\t\t\t\t<div class=\"elementor-widget-container\">\n\t\t\t\t\t<h2 class=\"elementor-heading-title elementor-size-default\">Privacidad en un encantador y nevado entorno<\/h2>\t\t\t\t<\/div>\n\t\t\t\t<\/div>\n\t\t\t\t\t<\/div>\n\t\t\t\t<\/div>\n\t\t<div class=\"elementor-element elementor-element-0b028e8 e-flex e-con-boxed e-con e-parent\" data-id=\"0b028e8\" data-element_type=\"container\" data-e-type=\"container\">\n\t\t\t\t\t<div class=\"e-con-inner\">\n\t\t<div class=\"elementor-element elementor-element-9a401fa e-con-full e-flex e-con e-child\" data-id=\"9a401fa\" data-element_type=\"container\" data-e-type=\"container\">\n\t\t\t\t<div class=\"elementor-element elementor-element-857f201 elementor-widget elementor-widget-text-editor\" data-id=\"857f201\" data-element_type=\"widget\" data-e-type=\"widget\" data-widget_type=\"text-editor.default\">\n\t\t\t\t<div class=\"elementor-widget-container\">\n\t\t\t\t\t\t\t\t\t<div class=\"columns cols_33\"><p>Un fiel reflejo del estilo sofisticado y elegante de El Lodge. Esta caba\u00f1a de tres dormitorios, situada a tan solo unos pasos del hotel, cuenta con un dormitorio con cama de matrimonio y ba\u00f1o ensuite, un segundo con camas individuales y un dormitorio extra con literas que puede alojar hasta cuatro hu\u00e9spedes. La caba\u00f1a es la opci\u00f3n ideal para amigos y familias que buscan disfrutar de unos d\u00edas de esqu\u00ed, teniendo adem\u00e1s acceso directo a las pistas desde el hotel.<\/p><p>En la zona del comedor se encuentra una cocina totalmente equipada, desde donde se accede a la sala de estar; en ella podr\u00e1 disfrutar de agradables momentos junto a la chimenea y del baile de color de la luz natural tan caracter\u00edstico del sur de Espa\u00f1a. La caba\u00f1a tiene su propio sistema de calefacci\u00f3n, amenidades de Natura Biss\u00e9 y disfruta del servicio del personal de El Lodge.<\/p><p>Alegres y delicados toques como los posters vintage y candelabros con forma de asta, dan un aire informal y elegante al estilo tradicional alpino, gracias al sello \u00fanico del decorador Andrew Martin.<\/p><\/div>\t\t\t\t\t\t\t\t<\/div>\n\t\t\t\t<\/div>\n\t\t\t\t<div class=\"elementor-element elementor-element-73bda3a elementor-widget elementor-widget-button\" data-id=\"73bda3a\" data-element_type=\"widget\" data-e-type=\"widget\" data-widget_type=\"button.default\">\n\t\t\t\t<div class=\"elementor-widget-container\">\n\t\t\t\t\t\t\t\t\t<div class=\"elementor-button-wrapper\">\n\t\t\t\t\t<a class=\"elementor-button elementor-button-link elementor-size-sm\" href=\"https:\/\/be.synxis.com\/?chain=22402&#038;hotel=78414&#038;locale=es-ES&#038;src=24C&#038;filter=HOTEL\" target=\"_blank\" rel=\"noopener\">\n\t\t\t\t\t\t<span class=\"elementor-button-content-wrapper\">\n\t\t\t\t\t\t\t\t\t<span class=\"elementor-button-text\">Reservar<\/span>\n\t\t\t\t\t<\/span>\n\t\t\t\t\t<\/a>\n\t\t\t\t<\/div>\n\t\t\t\t\t\t\t\t<\/div>\n\t\t\t\t<\/div>\n\t\t\t\t<\/div>\n\t\t<div class=\"elementor-element elementor-element-85fbc77 e-con-full e-flex e-con e-child\" data-id=\"85fbc77\" data-element_type=\"container\" data-e-type=\"container\" data-settings=\"{&quot;background_background&quot;:&quot;classic&quot;}\">\n\t\t<div class=\"elementor-element elementor-element-c0771ad e-grid e-con-full e-con e-child\" data-id=\"c0771ad\" data-element_type=\"container\" data-e-type=\"container\">\n\t\t\t\t<div class=\"elementor-element elementor-element-dfed5e7 elementor-tablet-align-start elementor-icon-list--layout-traditional elementor-list-item-link-full_width elementor-widget elementor-widget-icon-list\" data-id=\"dfed5e7\" data-element_type=\"widget\" data-e-type=\"widget\" data-widget_type=\"icon-list.default\">\n\t\t\t\t<div class=\"elementor-widget-container\">\n\t\t\t\t\t\t\t<ul class=\"elementor-icon-list-items\">\n\t\t\t\t\t\t\t<li class=\"elementor-icon-list-item\">\n\t\t\t\t\t\t\t\t\t\t\t<span class=\"elementor-icon-list-icon\">\n\t\t\t\t\t\t\t<svg xmlns=\"http:\/\/www.w3.org\/2000\/svg\" width=\"9.899\" height=\"9.9\" viewBox=\"0 0 9.899 9.9\"><rect id=\"Rect&#xE1;ngulo_344\" data-name=\"Rect&#xE1;ngulo 344\" width=\"7\" height=\"7\" transform=\"translate(0 4.95) rotate(-45)\" fill=\"#7abcd2\"><\/rect><\/svg>\t\t\t\t\t\t<\/span>\n\t\t\t\t\t\t\t\t\t\t<span class=\"elementor-icon-list-text\">Capacidad: 8 hu\u00e9spedes<\/span>\n\t\t\t\t\t\t\t\t\t<\/li>\n\t\t\t\t\t\t\t\t<li class=\"elementor-icon-list-item\">\n\t\t\t\t\t\t\t\t\t\t\t<span class=\"elementor-icon-list-icon\">\n\t\t\t\t\t\t\t<svg xmlns=\"http:\/\/www.w3.org\/2000\/svg\" width=\"9.899\" height=\"9.9\" viewBox=\"0 0 9.899 9.9\"><rect id=\"Rect&#xE1;ngulo_344\" data-name=\"Rect&#xE1;ngulo 344\" width=\"7\" height=\"7\" transform=\"translate(0 4.95) rotate(-45)\" fill=\"#7abcd2\"><\/rect><\/svg>\t\t\t\t\t\t<\/span>\n\t\t\t\t\t\t\t\t\t\t<span class=\"elementor-icon-list-text\">100 m2<\/span>\n\t\t\t\t\t\t\t\t\t<\/li>\n\t\t\t\t\t\t\t\t<li class=\"elementor-icon-list-item\">\n\t\t\t\t\t\t\t\t\t\t\t<span class=\"elementor-icon-list-icon\">\n\t\t\t\t\t\t\t<svg xmlns=\"http:\/\/www.w3.org\/2000\/svg\" width=\"9.899\" height=\"9.9\" viewBox=\"0 0 9.899 9.9\"><rect id=\"Rect&#xE1;ngulo_344\" data-name=\"Rect&#xE1;ngulo 344\" width=\"7\" height=\"7\" transform=\"translate(0 4.95) rotate(-45)\" fill=\"#7abcd2\"><\/rect><\/svg>\t\t\t\t\t\t<\/span>\n\t\t\t\t\t\t\t\t\t\t<span class=\"elementor-icon-list-text\">Cama de matrimonio king size, 2 camas individuales + litera<\/span>\n\t\t\t\t\t\t\t\t\t<\/li>\n\t\t\t\t\t\t\t\t<li class=\"elementor-icon-list-item\">\n\t\t\t\t\t\t\t\t\t\t\t<span class=\"elementor-icon-list-icon\">\n\t\t\t\t\t\t\t<svg xmlns=\"http:\/\/www.w3.org\/2000\/svg\" width=\"9.899\" height=\"9.9\" viewBox=\"0 0 9.899 9.9\"><rect id=\"Rect&#xE1;ngulo_344\" data-name=\"Rect&#xE1;ngulo 344\" width=\"7\" height=\"7\" transform=\"translate(0 4.95) rotate(-45)\" fill=\"#7abcd2\"><\/rect><\/svg>\t\t\t\t\t\t<\/span>\n\t\t\t\t\t\t\t\t\t\t<span class=\"elementor-icon-list-text\">Ba\u00f1os: dos<\/span>\n\t\t\t\t\t\t\t\t\t<\/li>\n\t\t\t\t\t\t\t\t<li class=\"elementor-icon-list-item\">\n\t\t\t\t\t\t\t\t\t\t\t<span class=\"elementor-icon-list-icon\">\n\t\t\t\t\t\t\t<svg xmlns=\"http:\/\/www.w3.org\/2000\/svg\" width=\"9.899\" height=\"9.9\" viewBox=\"0 0 9.899 9.9\"><rect id=\"Rect&#xE1;ngulo_344\" data-name=\"Rect&#xE1;ngulo 344\" width=\"7\" height=\"7\" transform=\"translate(0 4.95) rotate(-45)\" fill=\"#7abcd2\"><\/rect><\/svg>\t\t\t\t\t\t<\/span>\n\t\t\t\t\t\t\t\t\t\t<span class=\"elementor-icon-list-text\">Reproductor DVD<\/span>\n\t\t\t\t\t\t\t\t\t<\/li>\n\t\t\t\t\t\t\t\t<li class=\"elementor-icon-list-item\">\n\t\t\t\t\t\t\t\t\t\t\t<span class=\"elementor-icon-list-icon\">\n\t\t\t\t\t\t\t<svg xmlns=\"http:\/\/www.w3.org\/2000\/svg\" width=\"9.899\" height=\"9.9\" viewBox=\"0 0 9.899 9.9\"><rect id=\"Rect&#xE1;ngulo_344\" data-name=\"Rect&#xE1;ngulo 344\" width=\"7\" height=\"7\" transform=\"translate(0 4.95) rotate(-45)\" fill=\"#7abcd2\"><\/rect><\/svg>\t\t\t\t\t\t<\/span>\n\t\t\t\t\t\t\t\t\t\t<span class=\"elementor-icon-list-text\">Televisi\u00f3n por cable y sat\u00e9lite<\/span>\n\t\t\t\t\t\t\t\t\t<\/li>\n\t\t\t\t\t\t\t\t<li class=\"elementor-icon-list-item\">\n\t\t\t\t\t\t\t\t\t\t\t<span class=\"elementor-icon-list-icon\">\n\t\t\t\t\t\t\t<svg xmlns=\"http:\/\/www.w3.org\/2000\/svg\" width=\"9.899\" height=\"9.9\" viewBox=\"0 0 9.899 9.9\"><rect id=\"Rect&#xE1;ngulo_344\" data-name=\"Rect&#xE1;ngulo 344\" width=\"7\" height=\"7\" transform=\"translate(0 4.95) rotate(-45)\" fill=\"#7abcd2\"><\/rect><\/svg>\t\t\t\t\t\t<\/span>\n\t\t\t\t\t\t\t\t\t\t<span class=\"elementor-icon-list-text\">Humidificador<\/span>\n\t\t\t\t\t\t\t\t\t<\/li>\n\t\t\t\t\t\t<\/ul>\n\t\t\t\t\t\t<\/div>\n\t\t\t\t<\/div>\n\t\t\t\t<div class=\"elementor-element elementor-element-7e49447 elementor-tablet-align-start elementor-icon-list--layout-traditional elementor-list-item-link-full_width elementor-widget elementor-widget-icon-list\" data-id=\"7e49447\" data-element_type=\"widget\" data-e-type=\"widget\" data-widget_type=\"icon-list.default\">\n\t\t\t\t<div class=\"elementor-widget-container\">\n\t\t\t\t\t\t\t<ul class=\"elementor-icon-list-items\">\n\t\t\t\t\t\t\t<li class=\"elementor-icon-list-item\">\n\t\t\t\t\t\t\t\t\t\t\t<span class=\"elementor-icon-list-icon\">\n\t\t\t\t\t\t\t<svg xmlns=\"http:\/\/www.w3.org\/2000\/svg\" width=\"9.899\" height=\"9.9\" viewBox=\"0 0 9.899 9.9\"><rect id=\"Rect&#xE1;ngulo_344\" data-name=\"Rect&#xE1;ngulo 344\" width=\"7\" height=\"7\" transform=\"translate(0 4.95) rotate(-45)\" fill=\"#7abcd2\"><\/rect><\/svg>\t\t\t\t\t\t<\/span>\n\t\t\t\t\t\t\t\t\t\t<span class=\"elementor-icon-list-text\">Art\u00edculos de tocador de The Botanist &amp; The Chemist<\/span>\n\t\t\t\t\t\t\t\t\t<\/li>\n\t\t\t\t\t\t\t\t<li class=\"elementor-icon-list-item\">\n\t\t\t\t\t\t\t\t\t\t\t<span class=\"elementor-icon-list-icon\">\n\t\t\t\t\t\t\t<svg xmlns=\"http:\/\/www.w3.org\/2000\/svg\" width=\"9.899\" height=\"9.9\" viewBox=\"0 0 9.899 9.9\"><rect id=\"Rect&#xE1;ngulo_344\" data-name=\"Rect&#xE1;ngulo 344\" width=\"7\" height=\"7\" transform=\"translate(0 4.95) rotate(-45)\" fill=\"#7abcd2\"><\/rect><\/svg>\t\t\t\t\t\t<\/span>\n\t\t\t\t\t\t\t\t\t\t<span class=\"elementor-icon-list-text\">Minibar<\/span>\n\t\t\t\t\t\t\t\t\t<\/li>\n\t\t\t\t\t\t\t\t<li class=\"elementor-icon-list-item\">\n\t\t\t\t\t\t\t\t\t\t\t<span class=\"elementor-icon-list-icon\">\n\t\t\t\t\t\t\t<svg xmlns=\"http:\/\/www.w3.org\/2000\/svg\" width=\"9.899\" height=\"9.9\" viewBox=\"0 0 9.899 9.9\"><rect id=\"Rect&#xE1;ngulo_344\" data-name=\"Rect&#xE1;ngulo 344\" width=\"7\" height=\"7\" transform=\"translate(0 4.95) rotate(-45)\" fill=\"#7abcd2\"><\/rect><\/svg>\t\t\t\t\t\t<\/span>\n\t\t\t\t\t\t\t\t\t\t<span class=\"elementor-icon-list-text\">M\u00e1quina Nespresso<\/span>\n\t\t\t\t\t\t\t\t\t<\/li>\n\t\t\t\t\t\t\t\t<li class=\"elementor-icon-list-item\">\n\t\t\t\t\t\t\t\t\t\t\t<span class=\"elementor-icon-list-icon\">\n\t\t\t\t\t\t\t<svg xmlns=\"http:\/\/www.w3.org\/2000\/svg\" width=\"9.899\" height=\"9.9\" viewBox=\"0 0 9.899 9.9\"><rect id=\"Rect&#xE1;ngulo_344\" data-name=\"Rect&#xE1;ngulo 344\" width=\"7\" height=\"7\" transform=\"translate(0 4.95) rotate(-45)\" fill=\"#7abcd2\"><\/rect><\/svg>\t\t\t\t\t\t<\/span>\n\t\t\t\t\t\t\t\t\t\t<span class=\"elementor-icon-list-text\">Decoraci\u00f3n n\u00f3rdica<\/span>\n\t\t\t\t\t\t\t\t\t<\/li>\n\t\t\t\t\t\t\t\t<li class=\"elementor-icon-list-item\">\n\t\t\t\t\t\t\t\t\t\t\t<span class=\"elementor-icon-list-icon\">\n\t\t\t\t\t\t\t<svg xmlns=\"http:\/\/www.w3.org\/2000\/svg\" width=\"9.899\" height=\"9.9\" viewBox=\"0 0 9.899 9.9\"><rect id=\"Rect&#xE1;ngulo_344\" data-name=\"Rect&#xE1;ngulo 344\" width=\"7\" height=\"7\" transform=\"translate(0 4.95) rotate(-45)\" fill=\"#7abcd2\"><\/rect><\/svg>\t\t\t\t\t\t<\/span>\n\t\t\t\t\t\t\t\t\t\t<span class=\"elementor-icon-list-text\">Caja fuerte<\/span>\n\t\t\t\t\t\t\t\t\t<\/li>\n\t\t\t\t\t\t\t\t<li class=\"elementor-icon-list-item\">\n\t\t\t\t\t\t\t\t\t\t\t<span class=\"elementor-icon-list-icon\">\n\t\t\t\t\t\t\t<svg xmlns=\"http:\/\/www.w3.org\/2000\/svg\" width=\"9.899\" height=\"9.9\" viewBox=\"0 0 9.899 9.9\"><rect id=\"Rect&#xE1;ngulo_344\" data-name=\"Rect&#xE1;ngulo 344\" width=\"7\" height=\"7\" transform=\"translate(0 4.95) rotate(-45)\" fill=\"#7abcd2\"><\/rect><\/svg>\t\t\t\t\t\t<\/span>\n\t\t\t\t\t\t\t\t\t\t<span class=\"elementor-icon-list-text\">Wifi<\/span>\n\t\t\t\t\t\t\t\t\t<\/li>\n\t\t\t\t\t\t<\/ul>\n\t\t\t\t\t\t<\/div>\n\t\t\t\t<\/div>\n\t\t\t\t<\/div>\n\t\t\t\t<\/div>\n\t\t\t\t\t<\/div>\n\t\t\t\t<\/div>\n\t\t\t\t<\/div>\n\t\t","protected":false},"excerpt":{"rendered":"<p>La Caba\u00f1a Privacidad en un encantador y nevado entorno Un fiel reflejo del estilo sofisticado y elegante de El Lodge. Esta caba\u00f1a de tres dormitorios, situada a tan solo unos pasos del hotel, cuenta con un dormitorio con cama de matrimonio y ba\u00f1o ensuite, un segundo con camas individuales y un dormitorio extra con literas [&hellip;]<\/p>\n","protected":false},"author":1,"featured_media":1597,"parent":307,"menu_order":0,"comment_status":"closed","ping_status":"closed","template":"","meta":{"footnotes":""},"class_list":["post-1592","page","type-page","status-publish","has-post-thumbnail","hentry"],"_links":{"self":[{"href":"https:\/\/ellodge.com\/es\/wp-json\/wp\/v2\/pages\/1592","targetHints":{"allow":["GET"]}}],"collection":[{"href":"https:\/\/ellodge.com\/es\/wp-json\/wp\/v2\/pages"}],"about":[{"href":"https:\/\/ellodge.com\/es\/wp-json\/wp\/v2\/types\/page"}],"author":[{"embeddable":true,"href":"https:\/\/ellodge.com\/es\/wp-json\/wp\/v2\/users\/1"}],"replies":[{"embeddable":true,"href":"https:\/\/ellodge.com\/es\/wp-json\/wp\/v2\/comments?post=1592"}],"version-history":[{"count":18,"href":"https:\/\/ellodge.com\/es\/wp-json\/wp\/v2\/pages\/1592\/revisions"}],"predecessor-version":[{"id":2362,"href":"https:\/\/ellodge.com\/es\/wp-json\/wp\/v2\/pages\/1592\/revisions\/2362"}],"up":[{"embeddable":true,"href":"https:\/\/ellodge.com\/es\/wp-json\/wp\/v2\/pages\/307"}],"wp:featuredmedia":[{"embeddable":true,"href":"https:\/\/ellodge.com\/es\/wp-json\/wp\/v2\/media\/1597"}],"wp:attachment":[{"href":"https:\/\/ellodge.com\/es\/wp-json\/wp\/v2\/media?parent=1592"}],"curies":[{"name":"wp","href":"https:\/\/api.w.org\/{rel}","templated":true}]}}