{"id":299,"date":"2025-07-03T13:14:03","date_gmt":"2025-07-03T13:14:03","guid":{"rendered":"https:\/\/ellodge.disomnia.com\/?page_id=299"},"modified":"2025-09-18T13:05:41","modified_gmt":"2025-09-18T13:05:41","slug":"restaurantes","status":"publish","type":"page","link":"https:\/\/ellodge.com\/es\/restaurantes\/","title":{"rendered":"Restaurantes"},"content":{"rendered":"\t\t<div data-elementor-type=\"wp-page\" data-elementor-id=\"299\" class=\"elementor elementor-299\" data-elementor-post-type=\"page\">\n\t\t\t\t<div class=\"elementor-element elementor-element-dabecf6 e-flex e-con-boxed e-con e-parent\" data-id=\"dabecf6\" data-element_type=\"container\" data-e-type=\"container\">\n\t\t\t\t\t<div class=\"e-con-inner\">\n\t\t<div class=\"elementor-element elementor-element-3263996 e-con-full e-flex e-con e-child\" data-id=\"3263996\" data-element_type=\"container\" data-e-type=\"container\">\n\t\t\t\t<div class=\"elementor-element elementor-element-25f1536 elementor-widget__width-auto elementor-widget elementor-widget-heading\" data-id=\"25f1536\" data-element_type=\"widget\" data-e-type=\"widget\" data-widget_type=\"heading.default\">\n\t\t\t\t<div class=\"elementor-widget-container\">\n\t\t\t\t\t<h1 class=\"elementor-heading-title elementor-size-default\">Restaurantes<\/h1>\t\t\t\t<\/div>\n\t\t\t\t<\/div>\n\t\t\t\t<div class=\"elementor-element elementor-element-10ddab9 elementor-widget elementor-widget-heading\" data-id=\"10ddab9\" data-element_type=\"widget\" data-e-type=\"widget\" data-widget_type=\"heading.default\">\n\t\t\t\t<div class=\"elementor-widget-container\">\n\t\t\t\t\t<h2 class=\"elementor-heading-title elementor-size-default\">Selecci\u00f3n de productos locales y ambiente refinado y tranquilo<\/h2>\t\t\t\t<\/div>\n\t\t\t\t<\/div>\n\t\t\t\t<div class=\"elementor-element elementor-element-0b1443f elementor-widget elementor-widget-text-editor\" data-id=\"0b1443f\" data-element_type=\"widget\" data-e-type=\"widget\" data-widget_type=\"text-editor.default\">\n\t\t\t\t<div class=\"elementor-widget-container\">\n\t\t\t\t\t\t\t\t\t<p>Los restaurantes de El Lodge son toda una experiencia. Sus cartas encabezadas por productos locales, el ambiente elegante y tranquilo y la atenci\u00f3n al detalle, no le dejar\u00e1n indiferente.<\/p><p>Celebre sus logros en la pista con un c\u00f3ctel preparado a su gusto antes de disfrutar de un apetitoso almuerzo o estupenda cena; una gran forma de culminar el d\u00eda.<\/p><p>El servicio de habitaciones est\u00e1 disponible desde las 7:00 h hasta medianoche. Despu\u00e9s de medianoche se sirve un men\u00fa limitado.<\/p>\t\t\t\t\t\t\t\t<\/div>\n\t\t\t\t<\/div>\n\t\t\t\t<\/div>\n\t\t<div class=\"elementor-element elementor-element-4177f0f e-con-full e-flex e-con e-child\" data-id=\"4177f0f\" data-element_type=\"container\" data-e-type=\"container\">\n\t\t\t\t<div class=\"elementor-element elementor-element-198e474 elementor-widget elementor-widget-image\" data-id=\"198e474\" data-element_type=\"widget\" data-e-type=\"widget\" data-widget_type=\"image.default\">\n\t\t\t\t<div class=\"elementor-widget-container\">\n\t\t\t\t\t\t\t\t\t\t\t\t\t\t\t<img fetchpriority=\"high\" decoding=\"async\" width=\"592\" height=\"1024\" src=\"https:\/\/ellodge.com\/wp-content\/uploads\/2025\/07\/esquiador_ellodge2-592x1024.jpg\" class=\"attachment-large size-large wp-image-282\" alt=\"\" srcset=\"https:\/\/ellodge.com\/wp-content\/uploads\/2025\/07\/esquiador_ellodge2-592x1024.jpg 592w, https:\/\/ellodge.com\/wp-content\/uploads\/2025\/07\/esquiador_ellodge2-174x300.jpg 174w, https:\/\/ellodge.com\/wp-content\/uploads\/2025\/07\/esquiador_ellodge2-768x1327.jpg 768w, https:\/\/ellodge.com\/wp-content\/uploads\/2025\/07\/esquiador_ellodge2.jpg 876w\" sizes=\"(max-width: 592px) 100vw, 592px\" \/>\t\t\t\t\t\t\t\t\t\t\t\t\t\t\t<\/div>\n\t\t\t\t<\/div>\n\t\t\t\t<\/div>\n\t\t\t\t\t<\/div>\n\t\t\t\t<\/div>\n\t\t<div class=\"elementor-element elementor-element-dffc2de e-flex e-con-boxed e-con e-parent\" data-id=\"dffc2de\" data-element_type=\"container\" data-e-type=\"container\">\n\t\t\t\t\t<div class=\"e-con-inner\">\n\t\t<div class=\"elementor-element elementor-element-b693a0f e-con-full e-flex elementor-invisible e-con e-child\" data-id=\"b693a0f\" data-element_type=\"container\" data-e-type=\"container\" data-settings=\"{&quot;motion_fx_motion_fx_scrolling&quot;:&quot;yes&quot;,&quot;animation&quot;:&quot;fadeIn&quot;,&quot;motion_fx_devices&quot;:[&quot;desktop&quot;,&quot;laptop&quot;,&quot;tablet_extra&quot;,&quot;tablet&quot;,&quot;mobile&quot;]}\">\n\t\t\t\t<div class=\"elementor-element elementor-element-3016490 elementor-widget elementor-widget-image\" data-id=\"3016490\" data-element_type=\"widget\" data-e-type=\"widget\" data-widget_type=\"image.default\">\n\t\t\t\t<div class=\"elementor-widget-container\">\n\t\t\t\t\t\t\t\t\t\t\t\t\t\t\t<img decoding=\"async\" width=\"800\" height=\"695\" src=\"https:\/\/ellodge.com\/wp-content\/uploads\/2025\/07\/el_grill-1024x889.jpg\" class=\"attachment-large size-large wp-image-274\" alt=\"\" srcset=\"https:\/\/ellodge.com\/wp-content\/uploads\/2025\/07\/el_grill-1024x889.jpg 1024w, https:\/\/ellodge.com\/wp-content\/uploads\/2025\/07\/el_grill-300x260.jpg 300w, https:\/\/ellodge.com\/wp-content\/uploads\/2025\/07\/el_grill-768x667.jpg 768w, https:\/\/ellodge.com\/wp-content\/uploads\/2025\/07\/el_grill.jpg 1438w\" sizes=\"(max-width: 800px) 100vw, 800px\" \/>\t\t\t\t\t\t\t\t\t\t\t\t\t\t\t<\/div>\n\t\t\t\t<\/div>\n\t\t\t\t<div class=\"elementor-element elementor-element-8c983f7 elementor-widget elementor-widget-heading\" data-id=\"8c983f7\" data-element_type=\"widget\" data-e-type=\"widget\" data-widget_type=\"heading.default\">\n\t\t\t\t<div class=\"elementor-widget-container\">\n\t\t\t\t\t<h2 class=\"elementor-heading-title elementor-size-default\">EL GRILL<\/h2>\t\t\t\t<\/div>\n\t\t\t\t<\/div>\n\t\t\t\t<div class=\"elementor-element elementor-element-eeaddbc elementor-widget elementor-widget-text-editor\" data-id=\"eeaddbc\" data-element_type=\"widget\" data-e-type=\"widget\" data-widget_type=\"text-editor.default\">\n\t\t\t\t<div class=\"elementor-widget-container\">\n\t\t\t\t\t\t\t\t\t<p>Una impresionante vista a la monta\u00f1a y de un ambiente<br \/>relajado fuera de las pistas.<\/p>\t\t\t\t\t\t\t\t<\/div>\n\t\t\t\t<\/div>\n\t\t\t\t<div class=\"elementor-element elementor-element-fab758a elementor-align-center elementor-widget elementor-widget-button\" data-id=\"fab758a\" data-element_type=\"widget\" data-e-type=\"widget\" data-widget_type=\"button.default\">\n\t\t\t\t<div class=\"elementor-widget-container\">\n\t\t\t\t\t\t\t\t\t<div class=\"elementor-button-wrapper\">\n\t\t\t\t\t<a class=\"elementor-button elementor-button-link elementor-size-sm elementor-animation-grow\" href=\"https:\/\/ellodge.com\/es\/restaurantes\/el-grill\/\">\n\t\t\t\t\t\t<span class=\"elementor-button-content-wrapper\">\n\t\t\t\t\t\t\t\t\t<span class=\"elementor-button-text\">+ info<\/span>\n\t\t\t\t\t<\/span>\n\t\t\t\t\t<\/a>\n\t\t\t\t<\/div>\n\t\t\t\t\t\t\t\t<\/div>\n\t\t\t\t<\/div>\n\t\t\t\t<\/div>\n\t\t<div class=\"elementor-element elementor-element-46ebdc9 e-con-full animated-slow e-flex elementor-invisible e-con e-child\" data-id=\"46ebdc9\" data-element_type=\"container\" data-e-type=\"container\" data-settings=\"{&quot;animation&quot;:&quot;fadeIn&quot;}\">\n\t\t\t\t<div class=\"elementor-element elementor-element-05175ef elementor-widget elementor-widget-image\" data-id=\"05175ef\" data-element_type=\"widget\" data-e-type=\"widget\" data-widget_type=\"image.default\">\n\t\t\t\t<div class=\"elementor-widget-container\">\n\t\t\t\t\t\t\t\t\t\t\t\t\t\t\t<img decoding=\"async\" width=\"800\" height=\"488\" src=\"https:\/\/ellodge.com\/wp-content\/uploads\/2025\/07\/Sun_desk-1024x624.jpg\" class=\"attachment-large size-large wp-image-285\" alt=\"\" srcset=\"https:\/\/ellodge.com\/wp-content\/uploads\/2025\/07\/Sun_desk-1024x624.jpg 1024w, https:\/\/ellodge.com\/wp-content\/uploads\/2025\/07\/Sun_desk-300x183.jpg 300w, https:\/\/ellodge.com\/wp-content\/uploads\/2025\/07\/Sun_desk-768x468.jpg 768w, https:\/\/ellodge.com\/wp-content\/uploads\/2025\/07\/Sun_desk-1536x936.jpg 1536w, https:\/\/ellodge.com\/wp-content\/uploads\/2025\/07\/Sun_desk.jpg 1726w\" sizes=\"(max-width: 800px) 100vw, 800px\" \/>\t\t\t\t\t\t\t\t\t\t\t\t\t\t\t<\/div>\n\t\t\t\t<\/div>\n\t\t\t\t<div class=\"elementor-element elementor-element-6e1f533 elementor-widget elementor-widget-heading\" data-id=\"6e1f533\" data-element_type=\"widget\" data-e-type=\"widget\" data-widget_type=\"heading.default\">\n\t\t\t\t<div class=\"elementor-widget-container\">\n\t\t\t\t\t<h2 class=\"elementor-heading-title elementor-size-default\">EL Sun deck<\/h2>\t\t\t\t<\/div>\n\t\t\t\t<\/div>\n\t\t\t\t<div class=\"elementor-element elementor-element-e2c2d13 elementor-widget elementor-widget-text-editor\" data-id=\"e2c2d13\" data-element_type=\"widget\" data-e-type=\"widget\" data-widget_type=\"text-editor.default\">\n\t\t\t\t<div class=\"elementor-widget-container\">\n\t\t\t\t\t\t\t\t\t<p>Una impresionante vista a la monta\u00f1a y de un ambiente<br \/>relajado fuera de las pistas<\/p>\t\t\t\t\t\t\t\t<\/div>\n\t\t\t\t<\/div>\n\t\t\t\t<div class=\"elementor-element elementor-element-9e5b729 elementor-align-center elementor-widget elementor-widget-button\" data-id=\"9e5b729\" data-element_type=\"widget\" data-e-type=\"widget\" data-widget_type=\"button.default\">\n\t\t\t\t<div class=\"elementor-widget-container\">\n\t\t\t\t\t\t\t\t\t<div class=\"elementor-button-wrapper\">\n\t\t\t\t\t<a class=\"elementor-button elementor-button-link elementor-size-sm elementor-animation-grow\" href=\"https:\/\/ellodge.com\/es\/restaurantes\/el-sun-deck\">\n\t\t\t\t\t\t<span class=\"elementor-button-content-wrapper\">\n\t\t\t\t\t\t\t\t\t<span class=\"elementor-button-text\">+ info<\/span>\n\t\t\t\t\t<\/span>\n\t\t\t\t\t<\/a>\n\t\t\t\t<\/div>\n\t\t\t\t\t\t\t\t<\/div>\n\t\t\t\t<\/div>\n\t\t\t\t<\/div>\n\t\t\t\t\t<\/div>\n\t\t\t\t<\/div>\n\t\t<div class=\"elementor-element elementor-element-21afb0e e-flex e-con-boxed e-con e-parent\" data-id=\"21afb0e\" data-element_type=\"container\" data-e-type=\"container\">\n\t\t\t\t\t<div class=\"e-con-inner\">\n\t\t<div class=\"elementor-element elementor-element-5aa73ac e-con-full e-flex elementor-invisible e-con e-child\" data-id=\"5aa73ac\" data-element_type=\"container\" data-e-type=\"container\" data-settings=\"{&quot;animation&quot;:&quot;fadeIn&quot;}\">\n\t\t\t\t<div class=\"elementor-element elementor-element-bde248a elementor-widget elementor-widget-image\" data-id=\"bde248a\" data-element_type=\"widget\" data-e-type=\"widget\" data-widget_type=\"image.default\">\n\t\t\t\t<div class=\"elementor-widget-container\">\n\t\t\t\t\t\t\t\t\t\t\t\t\t\t\t<img loading=\"lazy\" decoding=\"async\" width=\"800\" height=\"488\" src=\"https:\/\/ellodge.com\/wp-content\/uploads\/2025\/07\/el_bar-1024x625.jpg\" class=\"attachment-large size-large wp-image-273\" alt=\"\" srcset=\"https:\/\/ellodge.com\/wp-content\/uploads\/2025\/07\/el_bar-1024x625.jpg 1024w, https:\/\/ellodge.com\/wp-content\/uploads\/2025\/07\/el_bar-300x183.jpg 300w, https:\/\/ellodge.com\/wp-content\/uploads\/2025\/07\/el_bar-768x469.jpg 768w, https:\/\/ellodge.com\/wp-content\/uploads\/2025\/07\/el_bar-1536x938.jpg 1536w, https:\/\/ellodge.com\/wp-content\/uploads\/2025\/07\/el_bar.jpg 1720w\" sizes=\"(max-width: 800px) 100vw, 800px\" \/>\t\t\t\t\t\t\t\t\t\t\t\t\t\t\t<\/div>\n\t\t\t\t<\/div>\n\t\t\t\t<div class=\"elementor-element elementor-element-754bd6a elementor-widget elementor-widget-heading\" data-id=\"754bd6a\" data-element_type=\"widget\" data-e-type=\"widget\" data-widget_type=\"heading.default\">\n\t\t\t\t<div class=\"elementor-widget-container\">\n\t\t\t\t\t<h2 class=\"elementor-heading-title elementor-size-default\">EL Bar<\/h2>\t\t\t\t<\/div>\n\t\t\t\t<\/div>\n\t\t\t\t<div class=\"elementor-element elementor-element-86dc8b1 elementor-widget elementor-widget-text-editor\" data-id=\"86dc8b1\" data-element_type=\"widget\" data-e-type=\"widget\" data-widget_type=\"text-editor.default\">\n\t\t\t\t<div class=\"elementor-widget-container\">\n\t\t\t\t\t\t\t\t\t<p>Una impresionante vista a la monta\u00f1a y de un ambiente<br \/>relajado fuera de las pistas.<\/p>\t\t\t\t\t\t\t\t<\/div>\n\t\t\t\t<\/div>\n\t\t\t\t<div class=\"elementor-element elementor-element-bd76d67 elementor-align-center elementor-widget elementor-widget-button\" data-id=\"bd76d67\" data-element_type=\"widget\" data-e-type=\"widget\" data-widget_type=\"button.default\">\n\t\t\t\t<div class=\"elementor-widget-container\">\n\t\t\t\t\t\t\t\t\t<div class=\"elementor-button-wrapper\">\n\t\t\t\t\t<a class=\"elementor-button elementor-button-link elementor-size-sm elementor-animation-grow\" href=\"https:\/\/ellodge.com\/es\/restaurantes\/el-bar\">\n\t\t\t\t\t\t<span class=\"elementor-button-content-wrapper\">\n\t\t\t\t\t\t\t\t\t<span class=\"elementor-button-text\">+ info<\/span>\n\t\t\t\t\t<\/span>\n\t\t\t\t\t<\/a>\n\t\t\t\t<\/div>\n\t\t\t\t\t\t\t\t<\/div>\n\t\t\t\t<\/div>\n\t\t\t\t<\/div>\n\t\t<div class=\"elementor-element elementor-element-a9e542a e-con-full e-flex elementor-invisible e-con e-child\" data-id=\"a9e542a\" data-element_type=\"container\" data-e-type=\"container\" data-settings=\"{&quot;animation&quot;:&quot;fadeIn&quot;}\">\n\t\t\t\t<div class=\"elementor-element elementor-element-2d0f916 elementor-widget elementor-widget-image\" data-id=\"2d0f916\" data-element_type=\"widget\" data-e-type=\"widget\" data-widget_type=\"image.default\">\n\t\t\t\t<div class=\"elementor-widget-container\">\n\t\t\t\t\t\t\t\t\t\t\t\t\t\t\t<img loading=\"lazy\" decoding=\"async\" width=\"800\" height=\"790\" src=\"https:\/\/ellodge.com\/wp-content\/uploads\/2025\/07\/el_lounge-1024x1011.jpg\" class=\"attachment-large size-large wp-image-280\" alt=\"\" srcset=\"https:\/\/ellodge.com\/wp-content\/uploads\/2025\/07\/el_lounge-1024x1011.jpg 1024w, https:\/\/ellodge.com\/wp-content\/uploads\/2025\/07\/el_lounge-300x296.jpg 300w, https:\/\/ellodge.com\/wp-content\/uploads\/2025\/07\/el_lounge-768x758.jpg 768w, https:\/\/ellodge.com\/wp-content\/uploads\/2025\/07\/el_lounge.jpg 1438w\" sizes=\"(max-width: 800px) 100vw, 800px\" \/>\t\t\t\t\t\t\t\t\t\t\t\t\t\t\t<\/div>\n\t\t\t\t<\/div>\n\t\t\t\t<div class=\"elementor-element elementor-element-854679f elementor-widget elementor-widget-heading\" data-id=\"854679f\" data-element_type=\"widget\" data-e-type=\"widget\" data-widget_type=\"heading.default\">\n\t\t\t\t<div class=\"elementor-widget-container\">\n\t\t\t\t\t<h2 class=\"elementor-heading-title elementor-size-default\">EL LOUNGE<\/h2>\t\t\t\t<\/div>\n\t\t\t\t<\/div>\n\t\t\t\t<div class=\"elementor-element elementor-element-0ff01fa elementor-widget elementor-widget-text-editor\" data-id=\"0ff01fa\" data-element_type=\"widget\" data-e-type=\"widget\" data-widget_type=\"text-editor.default\">\n\t\t\t\t<div class=\"elementor-widget-container\">\n\t\t\t\t\t\t\t\t\t<p>Una impresionante vista a la monta\u00f1a y de un ambiente<br \/>relajado fuera de las pistas<\/p>\t\t\t\t\t\t\t\t<\/div>\n\t\t\t\t<\/div>\n\t\t\t\t<div class=\"elementor-element elementor-element-6e3f888 elementor-align-center elementor-widget elementor-widget-button\" data-id=\"6e3f888\" data-element_type=\"widget\" data-e-type=\"widget\" data-widget_type=\"button.default\">\n\t\t\t\t<div class=\"elementor-widget-container\">\n\t\t\t\t\t\t\t\t\t<div class=\"elementor-button-wrapper\">\n\t\t\t\t\t<a class=\"elementor-button elementor-button-link elementor-size-sm elementor-animation-grow\" href=\"https:\/\/ellodge.com\/es\/restaurantes\/el-lounge\/\">\n\t\t\t\t\t\t<span class=\"elementor-button-content-wrapper\">\n\t\t\t\t\t\t\t\t\t<span class=\"elementor-button-text\">+ info<\/span>\n\t\t\t\t\t<\/span>\n\t\t\t\t\t<\/a>\n\t\t\t\t<\/div>\n\t\t\t\t\t\t\t\t<\/div>\n\t\t\t\t<\/div>\n\t\t\t\t<\/div>\n\t\t\t\t\t<\/div>\n\t\t\t\t<\/div>\n\t\t<div class=\"elementor-element elementor-element-73867e2 e-flex e-con-boxed e-con e-parent\" data-id=\"73867e2\" data-element_type=\"container\" data-e-type=\"container\">\n\t\t\t\t\t<div class=\"e-con-inner\">\n\t\t<div class=\"elementor-element elementor-element-ae1ea92 e-con-full e-flex e-con e-child\" data-id=\"ae1ea92\" data-element_type=\"container\" data-e-type=\"container\">\n\t\t\t\t<div class=\"elementor-element elementor-element-ca5e07d elementor-widget elementor-widget-image\" data-id=\"ca5e07d\" data-element_type=\"widget\" data-e-type=\"widget\" data-settings=\"{&quot;motion_fx_motion_fx_scrolling&quot;:&quot;yes&quot;,&quot;motion_fx_translateY_effect&quot;:&quot;yes&quot;,&quot;motion_fx_translateY_direction&quot;:&quot;negative&quot;,&quot;motion_fx_translateY_speed&quot;:{&quot;unit&quot;:&quot;px&quot;,&quot;size&quot;:1,&quot;sizes&quot;:[]},&quot;motion_fx_translateX_effect&quot;:&quot;yes&quot;,&quot;motion_fx_translateX_speed&quot;:{&quot;unit&quot;:&quot;px&quot;,&quot;size&quot;:1,&quot;sizes&quot;:[]},&quot;motion_fx_translateY_affectedRange&quot;:{&quot;unit&quot;:&quot;%&quot;,&quot;size&quot;:&quot;&quot;,&quot;sizes&quot;:{&quot;start&quot;:0,&quot;end&quot;:100}},&quot;motion_fx_translateX_affectedRange&quot;:{&quot;unit&quot;:&quot;%&quot;,&quot;size&quot;:&quot;&quot;,&quot;sizes&quot;:{&quot;start&quot;:0,&quot;end&quot;:100}},&quot;motion_fx_devices&quot;:[&quot;desktop&quot;,&quot;laptop&quot;,&quot;tablet_extra&quot;,&quot;tablet&quot;,&quot;mobile&quot;]}\" data-widget_type=\"image.default\">\n\t\t\t\t<div class=\"elementor-widget-container\">\n\t\t\t\t\t\t\t\t\t\t\t\t\t\t\t<img loading=\"lazy\" decoding=\"async\" width=\"800\" height=\"763\" src=\"https:\/\/ellodge.com\/wp-content\/uploads\/2025\/07\/esquiador_ellodge4-1024x977.jpg\" class=\"attachment-large size-large wp-image-284\" alt=\"\" srcset=\"https:\/\/ellodge.com\/wp-content\/uploads\/2025\/07\/esquiador_ellodge4-1024x977.jpg 1024w, https:\/\/ellodge.com\/wp-content\/uploads\/2025\/07\/esquiador_ellodge4-300x286.jpg 300w, https:\/\/ellodge.com\/wp-content\/uploads\/2025\/07\/esquiador_ellodge4-768x733.jpg 768w, https:\/\/ellodge.com\/wp-content\/uploads\/2025\/07\/esquiador_ellodge4.jpg 1172w\" sizes=\"(max-width: 800px) 100vw, 800px\" \/>\t\t\t\t\t\t\t\t\t\t\t\t\t\t\t<\/div>\n\t\t\t\t<\/div>\n\t\t\t\t<\/div>\n\t\t<div class=\"elementor-element elementor-element-275b691 e-con-full elementor-hidden-tablet elementor-hidden-mobile e-flex e-con e-child\" data-id=\"275b691\" data-element_type=\"container\" data-e-type=\"container\">\n\t\t\t\t<\/div>\n\t\t\t\t\t<\/div>\n\t\t\t\t<\/div>\n\t\t\t\t<\/div>\n\t\t","protected":false},"excerpt":{"rendered":"<p>Restaurantes Selecci\u00f3n de productos locales y ambiente refinado y tranquilo Los restaurantes de El Lodge son toda una experiencia. Sus cartas encabezadas por productos locales, el ambiente elegante y tranquilo y la atenci\u00f3n al detalle, no le dejar\u00e1n indiferente. Celebre sus logros en la pista con un c\u00f3ctel preparado a su gusto antes de disfrutar [&hellip;]<\/p>\n","protected":false},"author":1,"featured_media":0,"parent":0,"menu_order":0,"comment_status":"closed","ping_status":"closed","template":"","meta":{"footnotes":""},"class_list":["post-299","page","type-page","status-publish","hentry"],"_links":{"self":[{"href":"https:\/\/ellodge.com\/es\/wp-json\/wp\/v2\/pages\/299","targetHints":{"allow":["GET"]}}],"collection":[{"href":"https:\/\/ellodge.com\/es\/wp-json\/wp\/v2\/pages"}],"about":[{"href":"https:\/\/ellodge.com\/es\/wp-json\/wp\/v2\/types\/page"}],"author":[{"embeddable":true,"href":"https:\/\/ellodge.com\/es\/wp-json\/wp\/v2\/users\/1"}],"replies":[{"embeddable":true,"href":"https:\/\/ellodge.com\/es\/wp-json\/wp\/v2\/comments?post=299"}],"version-history":[{"count":89,"href":"https:\/\/ellodge.com\/es\/wp-json\/wp\/v2\/pages\/299\/revisions"}],"predecessor-version":[{"id":2854,"href":"https:\/\/ellodge.com\/es\/wp-json\/wp\/v2\/pages\/299\/revisions\/2854"}],"wp:attachment":[{"href":"https:\/\/ellodge.com\/es\/wp-json\/wp\/v2\/media?parent=299"}],"curies":[{"name":"wp","href":"https:\/\/api.w.org\/{rel}","templated":true}]}}