{"id":355,"date":"2025-07-04T09:01:06","date_gmt":"2025-07-04T09:01:06","guid":{"rendered":"https:\/\/ellodge.disomnia.com\/?page_id=355"},"modified":"2026-02-17T09:05:34","modified_gmt":"2026-02-17T09:05:34","slug":"el-sun-deck","status":"publish","type":"page","link":"https:\/\/ellodge.com\/es\/restaurantes\/el-sun-deck\/","title":{"rendered":"El Sun Deck"},"content":{"rendered":"\t\t<div data-elementor-type=\"wp-page\" data-elementor-id=\"355\" class=\"elementor elementor-355\" data-elementor-post-type=\"page\">\n\t\t\t\t<div class=\"elementor-element elementor-element-aecf59d e-flex e-con-boxed e-con e-parent\" data-id=\"aecf59d\" data-element_type=\"container\" data-e-type=\"container\">\n\t\t\t\t\t<div class=\"e-con-inner\">\n\t\t\t\t<div class=\"elementor-element elementor-element-7739bcb elementor-widget elementor-widget-shortcode\" data-id=\"7739bcb\" data-element_type=\"widget\" data-e-type=\"widget\" data-widget_type=\"shortcode.default\">\n\t\t\t\t<div class=\"elementor-widget-container\">\n\t\t\t\t\t\t\t<div class=\"elementor-shortcode\"><nav aria-label=\"breadcrumbs\" class=\"rank-math-breadcrumb\"><p><\/p><\/nav><\/div>\n\t\t\t\t\t\t<\/div>\n\t\t\t\t<\/div>\n\t\t\t\t\t<\/div>\n\t\t\t\t<\/div>\n\t\t<div class=\"elementor-element elementor-element-1f01e2b e-flex e-con-boxed e-con e-parent\" data-id=\"1f01e2b\" data-element_type=\"container\" data-e-type=\"container\">\n\t\t\t\t\t<div class=\"e-con-inner\">\n\t\t\t\t<div class=\"elementor-element elementor-element-f47c720 elementor-widget__width-auto elementor-widget elementor-widget-heading\" data-id=\"f47c720\" data-element_type=\"widget\" data-e-type=\"widget\" data-widget_type=\"heading.default\">\n\t\t\t\t<div class=\"elementor-widget-container\">\n\t\t\t\t\t<h1 class=\"elementor-heading-title elementor-size-default\">El Sun Deck<\/h1>\t\t\t\t<\/div>\n\t\t\t\t<\/div>\n\t\t\t\t<div class=\"elementor-element elementor-element-f77f7af elementor-widget elementor-widget-heading\" data-id=\"f77f7af\" data-element_type=\"widget\" data-e-type=\"widget\" data-widget_type=\"heading.default\">\n\t\t\t\t<div class=\"elementor-widget-container\">\n\t\t\t\t\t<h2 class=\"elementor-heading-title elementor-size-default\">Selecci\u00f3n de productos locales y ambiente refinado y tranquilo<\/h2>\t\t\t\t<\/div>\n\t\t\t\t<\/div>\n\t\t\t\t\t<\/div>\n\t\t\t\t<\/div>\n\t\t<div class=\"elementor-element elementor-element-0f9f53f e-flex e-con-boxed e-con e-parent\" data-id=\"0f9f53f\" data-element_type=\"container\" data-e-type=\"container\" data-settings=\"{&quot;background_background&quot;:&quot;classic&quot;}\">\n\t\t\t\t\t<div class=\"e-con-inner\">\n\t\t<div class=\"elementor-element elementor-element-165c821 e-flex e-con-boxed e-con e-child\" data-id=\"165c821\" data-element_type=\"container\" data-e-type=\"container\">\n\t\t\t\t\t<div class=\"e-con-inner\">\n\t\t\t\t\t<\/div>\n\t\t\t\t<\/div>\n\t\t\t\t\t<\/div>\n\t\t\t\t<\/div>\n\t\t<div class=\"elementor-element elementor-element-e4d7ad9 e-flex e-con-boxed e-con e-parent\" data-id=\"e4d7ad9\" data-element_type=\"container\" data-e-type=\"container\">\n\t\t\t\t\t<div class=\"e-con-inner\">\n\t\t<div class=\"elementor-element elementor-element-a018393 e-con-full e-flex e-con e-child\" data-id=\"a018393\" data-element_type=\"container\" data-e-type=\"container\">\n\t\t\t\t<div class=\"elementor-element elementor-element-f0d3e35 elementor-widget elementor-widget-heading\" data-id=\"f0d3e35\" data-element_type=\"widget\" data-e-type=\"widget\" data-widget_type=\"heading.default\">\n\t\t\t\t<div class=\"elementor-widget-container\">\n\t\t\t\t\t<h2 class=\"elementor-heading-title elementor-size-default\">Una gran opci\u00f3n para el almuerzo<\/h2>\t\t\t\t<\/div>\n\t\t\t\t<\/div>\n\t\t\t\t<div class=\"elementor-element elementor-element-cb4f020 elementor-widget elementor-widget-text-editor\" data-id=\"cb4f020\" data-element_type=\"widget\" data-e-type=\"widget\" data-widget_type=\"text-editor.default\">\n\t\t\t\t<div class=\"elementor-widget-container\">\n\t\t\t\t\t\t\t\t\t<p>Disfrute de una selecci\u00f3n de productos locales en un ambiente refinado y tranquilo. El Sun Deck es una gran opci\u00f3n para el almuerzo en Sierra Nevada.<\/p><p>Ubicado a pie de pista, podr\u00e1 acceder directamente a su gran terraza y disfrutar de un buen tentempi\u00e9. Su men\u00fa tipo fusi\u00f3n incluye desde consom\u00e9s y sopas caseras hasta surtidos de barbacoa.<\/p><p>Tendr\u00e1 la oportunidad de probar uno de nuestros famosos c\u00f3cteles o un gin-tonic al calor de las mesas con hoguera de le\u00f1a. En el Sun Deck ofrecemos adem\u00e1s la posibilidad de calentar las botas, para que pueda disfrutar en la terraza hasta el atardecer.<\/p>\t\t\t\t\t\t\t\t<\/div>\n\t\t\t\t<\/div>\n\t\t\t\t<div class=\"elementor-element elementor-element-6dc198f elementor-widget elementor-widget-button\" data-id=\"6dc198f\" data-element_type=\"widget\" data-e-type=\"widget\" data-widget_type=\"button.default\">\n\t\t\t\t<div class=\"elementor-widget-container\">\n\t\t\t\t\t\t\t\t\t<div class=\"elementor-button-wrapper\">\n\t\t\t\t\t<a class=\"elementor-button elementor-button-link elementor-size-sm\" href=\"https:\/\/www.sevenrooms.com\/explore\/sundeck\/reservations\/create\/search\/?date=2024-11-29&#038;lang=en\" target=\"_blank\" rel=\"nofollow noopener\">\n\t\t\t\t\t\t<span class=\"elementor-button-content-wrapper\">\n\t\t\t\t\t\t\t\t\t<span class=\"elementor-button-text\">RESERVA TU MESA<\/span>\n\t\t\t\t\t<\/span>\n\t\t\t\t\t<\/a>\n\t\t\t\t<\/div>\n\t\t\t\t\t\t\t\t<\/div>\n\t\t\t\t<\/div>\n\t\t\t\t<\/div>\n\t\t<div class=\"elementor-element elementor-element-f5bde94 e-con-full e-flex e-con e-child\" data-id=\"f5bde94\" data-element_type=\"container\" data-e-type=\"container\">\n\t\t\t\t<div class=\"elementor-element elementor-element-88f9848 elementor-widget elementor-widget-image\" data-id=\"88f9848\" data-element_type=\"widget\" data-e-type=\"widget\" data-widget_type=\"image.default\">\n\t\t\t\t<div class=\"elementor-widget-container\">\n\t\t\t\t\t\t\t\t\t\t\t\t\t\t\t<img fetchpriority=\"high\" decoding=\"async\" width=\"800\" height=\"444\" src=\"https:\/\/ellodge.com\/wp-content\/uploads\/2025\/07\/grill.png\" class=\"attachment-large size-large wp-image-395\" alt=\"\" srcset=\"https:\/\/ellodge.com\/wp-content\/uploads\/2025\/07\/grill.png 895w, https:\/\/ellodge.com\/wp-content\/uploads\/2025\/07\/grill-300x167.png 300w, https:\/\/ellodge.com\/wp-content\/uploads\/2025\/07\/grill-768x426.png 768w\" sizes=\"(max-width: 800px) 100vw, 800px\" \/>\t\t\t\t\t\t\t\t\t\t\t\t\t\t\t<\/div>\n\t\t\t\t<\/div>\n\t\t\t\t<\/div>\n\t\t\t\t\t<\/div>\n\t\t\t\t<\/div>\n\t\t<div class=\"elementor-element elementor-element-4accd86 e-con-full e-flex e-con e-parent\" data-id=\"4accd86\" data-element_type=\"container\" data-e-type=\"container\">\n\t\t<div class=\"elementor-element elementor-element-a685e0e e-con-full e-flex e-con e-child\" data-id=\"a685e0e\" data-element_type=\"container\" data-e-type=\"container\">\n\t\t\t\t<div class=\"elementor-element elementor-element-e3eed8f elementor-widget elementor-widget-image\" data-id=\"e3eed8f\" data-element_type=\"widget\" data-e-type=\"widget\" data-widget_type=\"image.default\">\n\t\t\t\t<div class=\"elementor-widget-container\">\n\t\t\t\t\t\t\t\t\t\t\t\t\t\t\t<img decoding=\"async\" width=\"800\" height=\"617\" src=\"https:\/\/ellodge.com\/wp-content\/uploads\/2025\/07\/el_lodge_sun_deck2-1024x790.jpg\" class=\"attachment-large size-large wp-image-276\" alt=\"\" srcset=\"https:\/\/ellodge.com\/wp-content\/uploads\/2025\/07\/el_lodge_sun_deck2-1024x790.jpg 1024w, https:\/\/ellodge.com\/wp-content\/uploads\/2025\/07\/el_lodge_sun_deck2-300x231.jpg 300w, https:\/\/ellodge.com\/wp-content\/uploads\/2025\/07\/el_lodge_sun_deck2-768x593.jpg 768w, https:\/\/ellodge.com\/wp-content\/uploads\/2025\/07\/el_lodge_sun_deck2.jpg 1405w\" sizes=\"(max-width: 800px) 100vw, 800px\" \/>\t\t\t\t\t\t\t\t\t\t\t\t\t\t\t<\/div>\n\t\t\t\t<\/div>\n\t\t\t\t<\/div>\n\t\t<div class=\"elementor-element elementor-element-73e4446 e-con-full e-flex e-con e-child\" data-id=\"73e4446\" data-element_type=\"container\" data-e-type=\"container\">\n\t\t\t\t<div class=\"elementor-element elementor-element-a43cb10 elementor-widget elementor-widget-heading\" data-id=\"a43cb10\" data-element_type=\"widget\" data-e-type=\"widget\" data-widget_type=\"heading.default\">\n\t\t\t\t<div class=\"elementor-widget-container\">\n\t\t\t\t\t<h2 class=\"elementor-heading-title elementor-size-default\">HOrario<\/h2>\t\t\t\t<\/div>\n\t\t\t\t<\/div>\n\t\t\t\t<div class=\"elementor-element elementor-element-af64af3 elementor-widget elementor-widget-text-editor\" data-id=\"af64af3\" data-element_type=\"widget\" data-e-type=\"widget\" data-widget_type=\"text-editor.default\">\n\t\t\t\t<div class=\"elementor-widget-container\">\n\t\t\t\t\t\t\t\t\t<p>Almuerzo: 13:00 h a 16:00 h<\/p>\t\t\t\t\t\t\t\t<\/div>\n\t\t\t\t<\/div>\n\t\t\t\t<div class=\"elementor-element elementor-element-d014df7 elementor-align-center elementor-widget elementor-widget-button\" data-id=\"d014df7\" data-element_type=\"widget\" data-e-type=\"widget\" data-widget_type=\"button.default\">\n\t\t\t\t<div class=\"elementor-widget-container\">\n\t\t\t\t\t\t\t\t\t<div class=\"elementor-button-wrapper\">\n\t\t\t\t\t<a class=\"elementor-button elementor-button-link elementor-size-sm\" href=\"https:\/\/ellodge.com\/wp-content\/uploads\/2026\/01\/SunDeck_25-26_OPT.pdf\">\n\t\t\t\t\t\t<span class=\"elementor-button-content-wrapper\">\n\t\t\t\t\t\t\t\t\t<span class=\"elementor-button-text\">Carta de comida<\/span>\n\t\t\t\t\t<\/span>\n\t\t\t\t\t<\/a>\n\t\t\t\t<\/div>\n\t\t\t\t\t\t\t\t<\/div>\n\t\t\t\t<\/div>\n\t\t\t\t<div class=\"elementor-element elementor-element-4931700 elementor-align-center elementor-widget elementor-widget-button\" data-id=\"4931700\" data-element_type=\"widget\" data-e-type=\"widget\" data-widget_type=\"button.default\">\n\t\t\t\t<div class=\"elementor-widget-container\">\n\t\t\t\t\t\t\t\t\t<div class=\"elementor-button-wrapper\">\n\t\t\t\t\t<a class=\"elementor-button elementor-button-link elementor-size-sm\" href=\"https:\/\/ellodge.com\/wp-content\/uploads\/2026\/01\/SunDeck-Drinks_25-26_OPT.pdf\">\n\t\t\t\t\t\t<span class=\"elementor-button-content-wrapper\">\n\t\t\t\t\t\t\t\t\t<span class=\"elementor-button-text\">Carta de bebidas<\/span>\n\t\t\t\t\t<\/span>\n\t\t\t\t\t<\/a>\n\t\t\t\t<\/div>\n\t\t\t\t\t\t\t\t<\/div>\n\t\t\t\t<\/div>\n\t\t\t\t<\/div>\n\t\t<div class=\"elementor-element elementor-element-6937936 e-con-full e-flex e-con e-child\" data-id=\"6937936\" data-element_type=\"container\" data-e-type=\"container\">\n\t\t\t\t<div class=\"elementor-element elementor-element-0829db1 elementor-widget elementor-widget-image\" data-id=\"0829db1\" data-element_type=\"widget\" data-e-type=\"widget\" data-widget_type=\"image.default\">\n\t\t\t\t<div class=\"elementor-widget-container\">\n\t\t\t\t\t\t\t\t\t\t\t\t\t\t\t<img decoding=\"async\" width=\"800\" height=\"617\" src=\"https:\/\/ellodge.com\/wp-content\/uploads\/2025\/07\/el_lodge_sun_deck4-1024x790.jpg\" class=\"attachment-large size-large wp-image-278\" alt=\"\" srcset=\"https:\/\/ellodge.com\/wp-content\/uploads\/2025\/07\/el_lodge_sun_deck4-1024x790.jpg 1024w, https:\/\/ellodge.com\/wp-content\/uploads\/2025\/07\/el_lodge_sun_deck4-300x231.jpg 300w, https:\/\/ellodge.com\/wp-content\/uploads\/2025\/07\/el_lodge_sun_deck4-768x593.jpg 768w, https:\/\/ellodge.com\/wp-content\/uploads\/2025\/07\/el_lodge_sun_deck4.jpg 1405w\" sizes=\"(max-width: 800px) 100vw, 800px\" \/>\t\t\t\t\t\t\t\t\t\t\t\t\t\t\t<\/div>\n\t\t\t\t<\/div>\n\t\t\t\t<\/div>\n\t\t\t\t<\/div>\n\t\t\t\t<\/div>\n\t\t","protected":false},"excerpt":{"rendered":"<p>El Sun Deck Selecci\u00f3n de productos locales y ambiente refinado y tranquilo Una gran opci\u00f3n para el almuerzo Disfrute de una selecci\u00f3n de productos locales en un ambiente refinado y tranquilo. El Sun Deck es una gran opci\u00f3n para el almuerzo en Sierra Nevada. Ubicado a pie de pista, podr\u00e1 acceder directamente a su gran [&hellip;]<\/p>\n","protected":false},"author":1,"featured_media":0,"parent":299,"menu_order":0,"comment_status":"closed","ping_status":"closed","template":"","meta":{"footnotes":""},"class_list":["post-355","page","type-page","status-publish","hentry"],"_links":{"self":[{"href":"https:\/\/ellodge.com\/es\/wp-json\/wp\/v2\/pages\/355","targetHints":{"allow":["GET"]}}],"collection":[{"href":"https:\/\/ellodge.com\/es\/wp-json\/wp\/v2\/pages"}],"about":[{"href":"https:\/\/ellodge.com\/es\/wp-json\/wp\/v2\/types\/page"}],"author":[{"embeddable":true,"href":"https:\/\/ellodge.com\/es\/wp-json\/wp\/v2\/users\/1"}],"replies":[{"embeddable":true,"href":"https:\/\/ellodge.com\/es\/wp-json\/wp\/v2\/comments?post=355"}],"version-history":[{"count":122,"href":"https:\/\/ellodge.com\/es\/wp-json\/wp\/v2\/pages\/355\/revisions"}],"predecessor-version":[{"id":3405,"href":"https:\/\/ellodge.com\/es\/wp-json\/wp\/v2\/pages\/355\/revisions\/3405"}],"up":[{"embeddable":true,"href":"https:\/\/ellodge.com\/es\/wp-json\/wp\/v2\/pages\/299"}],"wp:attachment":[{"href":"https:\/\/ellodge.com\/es\/wp-json\/wp\/v2\/media?parent=355"}],"curies":[{"name":"wp","href":"https:\/\/api.w.org\/{rel}","templated":true}]}}