{"id":661,"date":"2025-07-18T09:32:15","date_gmt":"2025-07-18T09:32:15","guid":{"rendered":"https:\/\/ellodge.disomnia.com\/?page_id=661"},"modified":"2026-01-30T08:21:28","modified_gmt":"2026-01-30T08:21:28","slug":"el-grill","status":"publish","type":"page","link":"https:\/\/ellodge.com\/es\/restaurantes\/el-grill\/","title":{"rendered":"El Grill"},"content":{"rendered":"\t\t<div data-elementor-type=\"wp-page\" data-elementor-id=\"661\" class=\"elementor elementor-661\" data-elementor-post-type=\"page\">\n\t\t\t\t<div class=\"elementor-element elementor-element-8098ee6 e-flex e-con-boxed e-con e-parent\" data-id=\"8098ee6\" data-element_type=\"container\" data-e-type=\"container\">\n\t\t\t\t\t<div class=\"e-con-inner\">\n\t\t\t\t<div class=\"elementor-element elementor-element-6da8057 elementor-widget elementor-widget-shortcode\" data-id=\"6da8057\" data-element_type=\"widget\" data-e-type=\"widget\" data-widget_type=\"shortcode.default\">\n\t\t\t\t<div class=\"elementor-widget-container\">\n\t\t\t\t\t\t\t<div class=\"elementor-shortcode\"><nav aria-label=\"breadcrumbs\" class=\"rank-math-breadcrumb\"><p><\/p><\/nav><\/div>\n\t\t\t\t\t\t<\/div>\n\t\t\t\t<\/div>\n\t\t\t\t\t<\/div>\n\t\t\t\t<\/div>\n\t\t<div class=\"elementor-element elementor-element-1f01e2b e-flex e-con-boxed e-con e-parent\" data-id=\"1f01e2b\" data-element_type=\"container\" data-e-type=\"container\">\n\t\t\t\t\t<div class=\"e-con-inner\">\n\t\t\t\t<div class=\"elementor-element elementor-element-f47c720 elementor-widget__width-auto elementor-widget elementor-widget-heading\" data-id=\"f47c720\" data-element_type=\"widget\" data-e-type=\"widget\" data-widget_type=\"heading.default\">\n\t\t\t\t<div class=\"elementor-widget-container\">\n\t\t\t\t\t<h1 class=\"elementor-heading-title elementor-size-default\">El Grill<\/h1>\t\t\t\t<\/div>\n\t\t\t\t<\/div>\n\t\t\t\t<div class=\"elementor-element elementor-element-f77f7af elementor-widget elementor-widget-heading\" data-id=\"f77f7af\" data-element_type=\"widget\" data-e-type=\"widget\" data-widget_type=\"heading.default\">\n\t\t\t\t<div class=\"elementor-widget-container\">\n\t\t\t\t\t<h2 class=\"elementor-heading-title elementor-size-default\">Una impresionante vista a la monta\u00f1a y de un ambiente relajado fuera de pistas<\/h2>\t\t\t\t<\/div>\n\t\t\t\t<\/div>\n\t\t\t\t\t<\/div>\n\t\t\t\t<\/div>\n\t\t<div class=\"elementor-element elementor-element-0f9f53f e-flex e-con-boxed e-con e-parent\" data-id=\"0f9f53f\" data-element_type=\"container\" data-e-type=\"container\" data-settings=\"{&quot;background_background&quot;:&quot;classic&quot;}\">\n\t\t\t\t\t<div class=\"e-con-inner\">\n\t\t<div class=\"elementor-element elementor-element-165c821 e-flex e-con-boxed e-con e-child\" data-id=\"165c821\" data-element_type=\"container\" data-e-type=\"container\">\n\t\t\t\t\t<div class=\"e-con-inner\">\n\t\t\t\t\t<\/div>\n\t\t\t\t<\/div>\n\t\t\t\t\t<\/div>\n\t\t\t\t<\/div>\n\t\t<div class=\"elementor-element elementor-element-e4d7ad9 e-flex e-con-boxed e-con e-parent\" data-id=\"e4d7ad9\" data-element_type=\"container\" data-e-type=\"container\">\n\t\t\t\t\t<div class=\"e-con-inner\">\n\t\t<div class=\"elementor-element elementor-element-a018393 e-con-full e-flex e-con e-child\" data-id=\"a018393\" data-element_type=\"container\" data-e-type=\"container\">\n\t\t\t\t<div class=\"elementor-element elementor-element-f0d3e35 elementor-widget elementor-widget-heading\" data-id=\"f0d3e35\" data-element_type=\"widget\" data-e-type=\"widget\" data-widget_type=\"heading.default\">\n\t\t\t\t<div class=\"elementor-widget-container\">\n\t\t\t\t\t<h2 class=\"elementor-heading-title elementor-size-default\">Alta cocina entre cumbres<\/h2>\t\t\t\t<\/div>\n\t\t\t\t<\/div>\n\t\t\t\t<div class=\"elementor-element elementor-element-cb4f020 elementor-widget elementor-widget-text-editor\" data-id=\"cb4f020\" data-element_type=\"widget\" data-e-type=\"widget\" data-widget_type=\"text-editor.default\">\n\t\t\t\t<div class=\"elementor-widget-container\">\n\t\t\t\t\t\t\t\t\t<p>Las vistas a la monta\u00f1a son el tel\u00f3n de fondo de su velada.<br \/>En El Grill podr\u00e1 disfrutar de un magn\u00edfico buf\u00e9 de desayuno que ofrece una amplia variedad de embutidos de la zona, boller\u00eda casera, una selecci\u00f3n de quesos y opciones saludables como una gran variedad de fruta de temporada o salm\u00f3n ahumado; podr\u00e1 disfrutar adem\u00e1s de platos calientes a la carta.<\/p><p>El men\u00fa de mediod\u00eda y el de cena pone a su disposici\u00f3n piezas de caza y fondue, adem\u00e1s de pescado fresco preparado a la parilla y caviar de Riofr\u00edo, el primero con certificado org\u00e1nico del mundo y producido a pocos kil\u00f3metros de Sierra Nevada.<\/p>\t\t\t\t\t\t\t\t<\/div>\n\t\t\t\t<\/div>\n\t\t\t\t<div class=\"elementor-element elementor-element-6dc198f elementor-widget elementor-widget-button\" data-id=\"6dc198f\" data-element_type=\"widget\" data-e-type=\"widget\" data-widget_type=\"button.default\">\n\t\t\t\t<div class=\"elementor-widget-container\">\n\t\t\t\t\t\t\t\t\t<div class=\"elementor-button-wrapper\">\n\t\t\t\t\t<a class=\"elementor-button elementor-button-link elementor-size-sm\" href=\"https:\/\/www.sevenrooms.com\/explore\/sundeck\/reservations\/create\/search\/?date=2024-11-29&#038;lang=en\" target=\"_blank\" rel=\"nofollow noopener\">\n\t\t\t\t\t\t<span class=\"elementor-button-content-wrapper\">\n\t\t\t\t\t\t\t\t\t<span class=\"elementor-button-text\">RESERVA TU MESA<\/span>\n\t\t\t\t\t<\/span>\n\t\t\t\t\t<\/a>\n\t\t\t\t<\/div>\n\t\t\t\t\t\t\t\t<\/div>\n\t\t\t\t<\/div>\n\t\t\t\t<\/div>\n\t\t<div class=\"elementor-element elementor-element-f5bde94 e-con-full e-flex e-con e-child\" data-id=\"f5bde94\" data-element_type=\"container\" data-e-type=\"container\">\n\t\t\t\t<div class=\"elementor-element elementor-element-88f9848 elementor-widget elementor-widget-image\" data-id=\"88f9848\" data-element_type=\"widget\" data-e-type=\"widget\" data-widget_type=\"image.default\">\n\t\t\t\t<div class=\"elementor-widget-container\">\n\t\t\t\t\t\t\t\t\t\t\t\t\t\t\t<img fetchpriority=\"high\" decoding=\"async\" width=\"800\" height=\"869\" src=\"https:\/\/ellodge.com\/wp-content\/uploads\/2025\/07\/EL_Grill_BW2@2x-943x1024.png\" class=\"attachment-large size-large wp-image-707\" alt=\"\" srcset=\"https:\/\/ellodge.com\/wp-content\/uploads\/2025\/07\/EL_Grill_BW2@2x-943x1024.png 943w, https:\/\/ellodge.com\/wp-content\/uploads\/2025\/07\/EL_Grill_BW2@2x-276x300.png 276w, https:\/\/ellodge.com\/wp-content\/uploads\/2025\/07\/EL_Grill_BW2@2x-768x834.png 768w, https:\/\/ellodge.com\/wp-content\/uploads\/2025\/07\/EL_Grill_BW2@2x.png 1096w\" sizes=\"(max-width: 800px) 100vw, 800px\" \/>\t\t\t\t\t\t\t\t\t\t\t\t\t\t\t<\/div>\n\t\t\t\t<\/div>\n\t\t\t\t<\/div>\n\t\t\t\t\t<\/div>\n\t\t\t\t<\/div>\n\t\t<div class=\"elementor-element elementor-element-4accd86 e-con-full e-flex e-con e-parent\" data-id=\"4accd86\" data-element_type=\"container\" data-e-type=\"container\">\n\t\t<div class=\"elementor-element elementor-element-a685e0e e-con-full e-flex e-con e-child\" data-id=\"a685e0e\" data-element_type=\"container\" data-e-type=\"container\">\n\t\t\t\t<div class=\"elementor-element elementor-element-e3eed8f elementor-widget elementor-widget-image\" data-id=\"e3eed8f\" data-element_type=\"widget\" data-e-type=\"widget\" data-widget_type=\"image.default\">\n\t\t\t\t<div class=\"elementor-widget-container\">\n\t\t\t\t\t\t\t\t\t\t\t\t\t\t\t<img decoding=\"async\" width=\"770\" height=\"593\" src=\"https:\/\/ellodge.com\/wp-content\/uploads\/2025\/07\/grill_lodge.png\" class=\"attachment-large size-large wp-image-715\" alt=\"\" srcset=\"https:\/\/ellodge.com\/wp-content\/uploads\/2025\/07\/grill_lodge.png 770w, https:\/\/ellodge.com\/wp-content\/uploads\/2025\/07\/grill_lodge-300x231.png 300w, https:\/\/ellodge.com\/wp-content\/uploads\/2025\/07\/grill_lodge-768x591.png 768w\" sizes=\"(max-width: 770px) 100vw, 770px\" \/>\t\t\t\t\t\t\t\t\t\t\t\t\t\t\t<\/div>\n\t\t\t\t<\/div>\n\t\t\t\t<\/div>\n\t\t<div class=\"elementor-element elementor-element-73e4446 e-con-full e-flex e-con e-child\" data-id=\"73e4446\" data-element_type=\"container\" data-e-type=\"container\">\n\t\t\t\t<div class=\"elementor-element elementor-element-a43cb10 elementor-widget elementor-widget-heading\" data-id=\"a43cb10\" data-element_type=\"widget\" data-e-type=\"widget\" data-widget_type=\"heading.default\">\n\t\t\t\t<div class=\"elementor-widget-container\">\n\t\t\t\t\t<h2 class=\"elementor-heading-title elementor-size-default\">HOrario<\/h2>\t\t\t\t<\/div>\n\t\t\t\t<\/div>\n\t\t\t\t<div class=\"elementor-element elementor-element-af64af3 elementor-widget elementor-widget-text-editor\" data-id=\"af64af3\" data-element_type=\"widget\" data-e-type=\"widget\" data-widget_type=\"text-editor.default\">\n\t\t\t\t<div class=\"elementor-widget-container\">\n\t\t\t\t\t\t\t\t\t<p>Abierto todos los d\u00edas.<br \/>Desayuno: 8:00 h a 11:00 h<br \/>Cena: 19:30 h a 23:00 h<\/p>\t\t\t\t\t\t\t\t<\/div>\n\t\t\t\t<\/div>\n\t\t\t\t<div class=\"elementor-element elementor-element-d014df7 elementor-align-center elementor-widget elementor-widget-button\" data-id=\"d014df7\" data-element_type=\"widget\" data-e-type=\"widget\" data-widget_type=\"button.default\">\n\t\t\t\t<div class=\"elementor-widget-container\">\n\t\t\t\t\t\t\t\t\t<div class=\"elementor-button-wrapper\">\n\t\t\t\t\t<a class=\"elementor-button elementor-button-link elementor-size-sm\" href=\"https:\/\/ellodge.com\/wp-content\/uploads\/2026\/01\/EL_Grill_cenas_ES_OPT.pdf\">\n\t\t\t\t\t\t<span class=\"elementor-button-content-wrapper\">\n\t\t\t\t\t\t\t\t\t<span class=\"elementor-button-text\">Carta de comida<\/span>\n\t\t\t\t\t<\/span>\n\t\t\t\t\t<\/a>\n\t\t\t\t<\/div>\n\t\t\t\t\t\t\t\t<\/div>\n\t\t\t\t<\/div>\n\t\t\t\t<div class=\"elementor-element elementor-element-4931700 elementor-align-center elementor-widget elementor-widget-button\" data-id=\"4931700\" data-element_type=\"widget\" data-e-type=\"widget\" data-widget_type=\"button.default\">\n\t\t\t\t<div class=\"elementor-widget-container\">\n\t\t\t\t\t\t\t\t\t<div class=\"elementor-button-wrapper\">\n\t\t\t\t\t<a class=\"elementor-button elementor-button-link elementor-size-sm\" href=\"https:\/\/ellodge.com\/wp-content\/uploads\/2026\/01\/Grill_wines_OPT.pdf\">\n\t\t\t\t\t\t<span class=\"elementor-button-content-wrapper\">\n\t\t\t\t\t\t\t\t\t<span class=\"elementor-button-text\">Carta de bebida<\/span>\n\t\t\t\t\t<\/span>\n\t\t\t\t\t<\/a>\n\t\t\t\t<\/div>\n\t\t\t\t\t\t\t\t<\/div>\n\t\t\t\t<\/div>\n\t\t\t\t<\/div>\n\t\t<div class=\"elementor-element elementor-element-6937936 e-con-full e-flex e-con e-child\" data-id=\"6937936\" data-element_type=\"container\" data-e-type=\"container\">\n\t\t\t\t<div class=\"elementor-element elementor-element-0829db1 elementor-widget elementor-widget-image\" data-id=\"0829db1\" data-element_type=\"widget\" data-e-type=\"widget\" data-widget_type=\"image.default\">\n\t\t\t\t<div class=\"elementor-widget-container\">\n\t\t\t\t\t\t\t\t\t\t\t\t\t\t\t<img decoding=\"async\" width=\"742\" height=\"572\" src=\"https:\/\/ellodge.com\/wp-content\/uploads\/2025\/07\/El_grill_ellodge1.jpg\" class=\"attachment-large size-large wp-image-372\" alt=\"\" srcset=\"https:\/\/ellodge.com\/wp-content\/uploads\/2025\/07\/El_grill_ellodge1.jpg 742w, https:\/\/ellodge.com\/wp-content\/uploads\/2025\/07\/El_grill_ellodge1-300x231.jpg 300w\" sizes=\"(max-width: 742px) 100vw, 742px\" \/>\t\t\t\t\t\t\t\t\t\t\t\t\t\t\t<\/div>\n\t\t\t\t<\/div>\n\t\t\t\t<\/div>\n\t\t\t\t<\/div>\n\t\t\t\t<\/div>\n\t\t","protected":false},"excerpt":{"rendered":"<p>El Grill Una impresionante vista a la monta\u00f1a y de un ambiente relajado fuera de pistas Alta cocina entre cumbres Las vistas a la monta\u00f1a son el tel\u00f3n de fondo de su velada.En El Grill podr\u00e1 disfrutar de un magn\u00edfico buf\u00e9 de desayuno que ofrece una amplia variedad de embutidos de la zona, boller\u00eda casera, [&hellip;]<\/p>\n","protected":false},"author":1,"featured_media":0,"parent":299,"menu_order":0,"comment_status":"closed","ping_status":"closed","template":"","meta":{"footnotes":""},"class_list":["post-661","page","type-page","status-publish","hentry"],"_links":{"self":[{"href":"https:\/\/ellodge.com\/es\/wp-json\/wp\/v2\/pages\/661","targetHints":{"allow":["GET"]}}],"collection":[{"href":"https:\/\/ellodge.com\/es\/wp-json\/wp\/v2\/pages"}],"about":[{"href":"https:\/\/ellodge.com\/es\/wp-json\/wp\/v2\/types\/page"}],"author":[{"embeddable":true,"href":"https:\/\/ellodge.com\/es\/wp-json\/wp\/v2\/users\/1"}],"replies":[{"embeddable":true,"href":"https:\/\/ellodge.com\/es\/wp-json\/wp\/v2\/comments?post=661"}],"version-history":[{"count":65,"href":"https:\/\/ellodge.com\/es\/wp-json\/wp\/v2\/pages\/661\/revisions"}],"predecessor-version":[{"id":3315,"href":"https:\/\/ellodge.com\/es\/wp-json\/wp\/v2\/pages\/661\/revisions\/3315"}],"up":[{"embeddable":true,"href":"https:\/\/ellodge.com\/es\/wp-json\/wp\/v2\/pages\/299"}],"wp:attachment":[{"href":"https:\/\/ellodge.com\/es\/wp-json\/wp\/v2\/media?parent=661"}],"curies":[{"name":"wp","href":"https:\/\/api.w.org\/{rel}","templated":true}]}}