{"id":724,"date":"2025-07-18T10:09:37","date_gmt":"2025-07-18T10:09:37","guid":{"rendered":"https:\/\/ellodge.disomnia.com\/?page_id=724"},"modified":"2026-01-30T08:24:32","modified_gmt":"2026-01-30T08:24:32","slug":"el-bar","status":"publish","type":"page","link":"https:\/\/ellodge.com\/es\/restaurantes\/el-bar\/","title":{"rendered":"El Bar"},"content":{"rendered":"\t\t<div data-elementor-type=\"wp-page\" data-elementor-id=\"724\" class=\"elementor elementor-724\" data-elementor-post-type=\"page\">\n\t\t\t\t<div class=\"elementor-element elementor-element-558fb2b e-flex e-con-boxed e-con e-parent\" data-id=\"558fb2b\" data-element_type=\"container\" data-e-type=\"container\">\n\t\t\t\t\t<div class=\"e-con-inner\">\n\t\t\t\t<div class=\"elementor-element elementor-element-21244c2 elementor-widget elementor-widget-shortcode\" data-id=\"21244c2\" data-element_type=\"widget\" data-e-type=\"widget\" data-widget_type=\"shortcode.default\">\n\t\t\t\t<div class=\"elementor-widget-container\">\n\t\t\t\t\t\t\t<div class=\"elementor-shortcode\"><nav aria-label=\"breadcrumbs\" class=\"rank-math-breadcrumb\"><p><\/p><\/nav><\/div>\n\t\t\t\t\t\t<\/div>\n\t\t\t\t<\/div>\n\t\t\t\t\t<\/div>\n\t\t\t\t<\/div>\n\t\t<div class=\"elementor-element elementor-element-1f01e2b e-flex e-con-boxed e-con e-parent\" data-id=\"1f01e2b\" data-element_type=\"container\" data-e-type=\"container\">\n\t\t\t\t\t<div class=\"e-con-inner\">\n\t\t\t\t<div class=\"elementor-element elementor-element-f47c720 elementor-widget__width-auto elementor-widget elementor-widget-heading\" data-id=\"f47c720\" data-element_type=\"widget\" data-e-type=\"widget\" data-widget_type=\"heading.default\">\n\t\t\t\t<div class=\"elementor-widget-container\">\n\t\t\t\t\t<h1 class=\"elementor-heading-title elementor-size-default\">El Bar<\/h1>\t\t\t\t<\/div>\n\t\t\t\t<\/div>\n\t\t\t\t<div class=\"elementor-element elementor-element-f77f7af elementor-widget elementor-widget-heading\" data-id=\"f77f7af\" data-element_type=\"widget\" data-e-type=\"widget\" data-widget_type=\"heading.default\">\n\t\t\t\t<div class=\"elementor-widget-container\">\n\t\t\t\t\t<h2 class=\"elementor-heading-title elementor-size-default\">Una versi\u00f3n divertida y contempor\u00e1nea de la decoraci\u00f3n vintage de las estaciones de esqu\u00ed<\/h2>\t\t\t\t<\/div>\n\t\t\t\t<\/div>\n\t\t\t\t\t<\/div>\n\t\t\t\t<\/div>\n\t\t<div class=\"elementor-element elementor-element-0f9f53f e-flex e-con-boxed e-con e-parent\" data-id=\"0f9f53f\" data-element_type=\"container\" data-e-type=\"container\" data-settings=\"{&quot;background_background&quot;:&quot;classic&quot;}\">\n\t\t\t\t\t<div class=\"e-con-inner\">\n\t\t<div class=\"elementor-element elementor-element-165c821 e-flex e-con-boxed e-con e-child\" data-id=\"165c821\" data-element_type=\"container\" data-e-type=\"container\">\n\t\t\t\t\t<div class=\"e-con-inner\">\n\t\t\t\t\t<\/div>\n\t\t\t\t<\/div>\n\t\t\t\t\t<\/div>\n\t\t\t\t<\/div>\n\t\t<div class=\"elementor-element elementor-element-e4d7ad9 e-flex e-con-boxed e-con e-parent\" data-id=\"e4d7ad9\" data-element_type=\"container\" data-e-type=\"container\">\n\t\t\t\t\t<div class=\"e-con-inner\">\n\t\t<div class=\"elementor-element elementor-element-a018393 e-con-full e-flex e-con e-child\" data-id=\"a018393\" data-element_type=\"container\" data-e-type=\"container\">\n\t\t\t\t<div class=\"elementor-element elementor-element-f0d3e35 elementor-widget elementor-widget-heading\" data-id=\"f0d3e35\" data-element_type=\"widget\" data-e-type=\"widget\" data-widget_type=\"heading.default\">\n\t\t\t\t<div class=\"elementor-widget-container\">\n\t\t\t\t\t<h2 class=\"elementor-heading-title elementor-size-default\">Momentos para Brindar<\/h2>\t\t\t\t<\/div>\n\t\t\t\t<\/div>\n\t\t\t\t<div class=\"elementor-element elementor-element-cb4f020 elementor-widget elementor-widget-text-editor\" data-id=\"cb4f020\" data-element_type=\"widget\" data-e-type=\"widget\" data-widget_type=\"text-editor.default\">\n\t\t\t\t<div class=\"elementor-widget-container\">\n\t\t\t\t\t\t\t\t\t<p>Rel\u00e1jese y planee su siguiente aventura en Sierra Nevada en nuestro Bar.<\/p><p>Su decoraci\u00f3n es una versi\u00f3n amable y divertida de las t\u00edpicas estaciones de esqu\u00ed. El car\u00e1cter \u00fanico del bar se traslada tambi\u00e9n a su carta de bebidas, que ofrece una interesante mezcla de c\u00f3cteles cl\u00e1sicos e invenciones propias como el \u201cGluhwein El Lodge\u201d.<\/p><p>Ac\u00e9rquese para disfrutar de un aperitivo antes de la cena o disfrute de una copa al terminar el d\u00eda.<\/p>\t\t\t\t\t\t\t\t<\/div>\n\t\t\t\t<\/div>\n\t\t\t\t<div class=\"elementor-element elementor-element-6dc198f elementor-widget elementor-widget-button\" data-id=\"6dc198f\" data-element_type=\"widget\" data-e-type=\"widget\" data-widget_type=\"button.default\">\n\t\t\t\t<div class=\"elementor-widget-container\">\n\t\t\t\t\t\t\t\t\t<div class=\"elementor-button-wrapper\">\n\t\t\t\t\t<a class=\"elementor-button elementor-button-link elementor-size-sm\" href=\"https:\/\/www.sevenrooms.com\/explore\/sundeck\/reservations\/create\/search\/?date=2024-11-29&#038;lang=en\" target=\"_blank\" rel=\"nofollow noopener\">\n\t\t\t\t\t\t<span class=\"elementor-button-content-wrapper\">\n\t\t\t\t\t\t\t\t\t<span class=\"elementor-button-text\">RESERVA TU MESA<\/span>\n\t\t\t\t\t<\/span>\n\t\t\t\t\t<\/a>\n\t\t\t\t<\/div>\n\t\t\t\t\t\t\t\t<\/div>\n\t\t\t\t<\/div>\n\t\t\t\t<\/div>\n\t\t<div class=\"elementor-element elementor-element-f5bde94 e-con-full e-flex e-con e-child\" data-id=\"f5bde94\" data-element_type=\"container\" data-e-type=\"container\">\n\t\t\t\t<div class=\"elementor-element elementor-element-88f9848 elementor-widget elementor-widget-image\" data-id=\"88f9848\" data-element_type=\"widget\" data-e-type=\"widget\" data-widget_type=\"image.default\">\n\t\t\t\t<div class=\"elementor-widget-container\">\n\t\t\t\t\t\t\t\t\t\t\t\t\t\t\t<img fetchpriority=\"high\" decoding=\"async\" width=\"800\" height=\"764\" src=\"https:\/\/ellodge.com\/wp-content\/uploads\/2025\/07\/Grupo-187@2x-1024x978.png\" class=\"attachment-large size-large wp-image-708\" alt=\"\" srcset=\"https:\/\/ellodge.com\/wp-content\/uploads\/2025\/07\/Grupo-187@2x-1024x978.png 1024w, https:\/\/ellodge.com\/wp-content\/uploads\/2025\/07\/Grupo-187@2x-300x286.png 300w, https:\/\/ellodge.com\/wp-content\/uploads\/2025\/07\/Grupo-187@2x-768x733.png 768w, https:\/\/ellodge.com\/wp-content\/uploads\/2025\/07\/Grupo-187@2x.png 1194w\" sizes=\"(max-width: 800px) 100vw, 800px\" \/>\t\t\t\t\t\t\t\t\t\t\t\t\t\t\t<\/div>\n\t\t\t\t<\/div>\n\t\t\t\t<\/div>\n\t\t\t\t\t<\/div>\n\t\t\t\t<\/div>\n\t\t<div class=\"elementor-element elementor-element-4accd86 e-con-full e-flex e-con e-parent\" data-id=\"4accd86\" data-element_type=\"container\" data-e-type=\"container\">\n\t\t<div class=\"elementor-element elementor-element-a685e0e e-con-full e-flex e-con e-child\" data-id=\"a685e0e\" data-element_type=\"container\" data-e-type=\"container\">\n\t\t\t\t<div class=\"elementor-element elementor-element-e3eed8f elementor-widget elementor-widget-image\" data-id=\"e3eed8f\" data-element_type=\"widget\" data-e-type=\"widget\" data-widget_type=\"image.default\">\n\t\t\t\t<div class=\"elementor-widget-container\">\n\t\t\t\t\t\t\t\t\t\t\t\t\t\t\t<img decoding=\"async\" width=\"800\" height=\"617\" src=\"https:\/\/ellodge.com\/wp-content\/uploads\/2025\/07\/EL_LODGE_SIERRANEVADA_GRILL_FEB_25_25381_LOW2x-1024x790.jpg\" class=\"attachment-large size-large wp-image-689\" alt=\"\" srcset=\"https:\/\/ellodge.com\/wp-content\/uploads\/2025\/07\/EL_LODGE_SIERRANEVADA_GRILL_FEB_25_25381_LOW2x-1024x790.jpg 1024w, https:\/\/ellodge.com\/wp-content\/uploads\/2025\/07\/EL_LODGE_SIERRANEVADA_GRILL_FEB_25_25381_LOW2x-300x231.jpg 300w, https:\/\/ellodge.com\/wp-content\/uploads\/2025\/07\/EL_LODGE_SIERRANEVADA_GRILL_FEB_25_25381_LOW2x-768x592.jpg 768w, https:\/\/ellodge.com\/wp-content\/uploads\/2025\/07\/EL_LODGE_SIERRANEVADA_GRILL_FEB_25_25381_LOW2x-1536x1184.jpg 1536w, https:\/\/ellodge.com\/wp-content\/uploads\/2025\/07\/EL_LODGE_SIERRANEVADA_GRILL_FEB_25_25381_LOW2x.jpg 1800w\" sizes=\"(max-width: 800px) 100vw, 800px\" \/>\t\t\t\t\t\t\t\t\t\t\t\t\t\t\t<\/div>\n\t\t\t\t<\/div>\n\t\t\t\t<\/div>\n\t\t<div class=\"elementor-element elementor-element-73e4446 e-con-full e-flex e-con e-child\" data-id=\"73e4446\" data-element_type=\"container\" data-e-type=\"container\">\n\t\t\t\t<div class=\"elementor-element elementor-element-a43cb10 elementor-widget elementor-widget-heading\" data-id=\"a43cb10\" data-element_type=\"widget\" data-e-type=\"widget\" data-widget_type=\"heading.default\">\n\t\t\t\t<div class=\"elementor-widget-container\">\n\t\t\t\t\t<h2 class=\"elementor-heading-title elementor-size-default\">HOrario<\/h2>\t\t\t\t<\/div>\n\t\t\t\t<\/div>\n\t\t\t\t<div class=\"elementor-element elementor-element-af64af3 elementor-widget elementor-widget-text-editor\" data-id=\"af64af3\" data-element_type=\"widget\" data-e-type=\"widget\" data-widget_type=\"text-editor.default\">\n\t\t\t\t<div class=\"elementor-widget-container\">\n\t\t\t\t\t\t\t\t\t<p>Abierto todos los d\u00edas<br \/>16:00 h a 24:00 h<\/p>\t\t\t\t\t\t\t\t<\/div>\n\t\t\t\t<\/div>\n\t\t\t\t<div class=\"elementor-element elementor-element-d014df7 elementor-align-center elementor-widget elementor-widget-button\" data-id=\"d014df7\" data-element_type=\"widget\" data-e-type=\"widget\" data-widget_type=\"button.default\">\n\t\t\t\t<div class=\"elementor-widget-container\">\n\t\t\t\t\t\t\t\t\t<div class=\"elementor-button-wrapper\">\n\t\t\t\t\t<a class=\"elementor-button elementor-button-link elementor-size-sm\" href=\"https:\/\/ellodge.com\/wp-content\/uploads\/2026\/01\/The_Bar_25-26_OPT.pdf\">\n\t\t\t\t\t\t<span class=\"elementor-button-content-wrapper\">\n\t\t\t\t\t\t\t\t\t<span class=\"elementor-button-text\">Carta<\/span>\n\t\t\t\t\t<\/span>\n\t\t\t\t\t<\/a>\n\t\t\t\t<\/div>\n\t\t\t\t\t\t\t\t<\/div>\n\t\t\t\t<\/div>\n\t\t\t\t<\/div>\n\t\t<div class=\"elementor-element elementor-element-6937936 e-con-full e-flex e-con e-child\" data-id=\"6937936\" data-element_type=\"container\" data-e-type=\"container\">\n\t\t\t\t<div class=\"elementor-element elementor-element-0829db1 elementor-widget elementor-widget-image\" data-id=\"0829db1\" data-element_type=\"widget\" data-e-type=\"widget\" data-widget_type=\"image.default\">\n\t\t\t\t<div class=\"elementor-widget-container\">\n\t\t\t\t\t\t\t\t\t\t\t\t\t\t\t<img decoding=\"async\" width=\"800\" height=\"617\" src=\"https:\/\/ellodge.com\/wp-content\/uploads\/2025\/07\/LODGE_SIERRA_NEVADA_FEB_25_GRILL_8388_A1_LOW2x-1024x790.jpg\" class=\"attachment-large size-large wp-image-697\" alt=\"\" srcset=\"https:\/\/ellodge.com\/wp-content\/uploads\/2025\/07\/LODGE_SIERRA_NEVADA_FEB_25_GRILL_8388_A1_LOW2x-1024x790.jpg 1024w, https:\/\/ellodge.com\/wp-content\/uploads\/2025\/07\/LODGE_SIERRA_NEVADA_FEB_25_GRILL_8388_A1_LOW2x-300x231.jpg 300w, https:\/\/ellodge.com\/wp-content\/uploads\/2025\/07\/LODGE_SIERRA_NEVADA_FEB_25_GRILL_8388_A1_LOW2x-768x592.jpg 768w, https:\/\/ellodge.com\/wp-content\/uploads\/2025\/07\/LODGE_SIERRA_NEVADA_FEB_25_GRILL_8388_A1_LOW2x-1536x1184.jpg 1536w, https:\/\/ellodge.com\/wp-content\/uploads\/2025\/07\/LODGE_SIERRA_NEVADA_FEB_25_GRILL_8388_A1_LOW2x.jpg 1800w\" sizes=\"(max-width: 800px) 100vw, 800px\" \/>\t\t\t\t\t\t\t\t\t\t\t\t\t\t\t<\/div>\n\t\t\t\t<\/div>\n\t\t\t\t<\/div>\n\t\t\t\t<\/div>\n\t\t\t\t<\/div>\n\t\t","protected":false},"excerpt":{"rendered":"<p>El Bar Una versi\u00f3n divertida y contempor\u00e1nea de la decoraci\u00f3n vintage de las estaciones de esqu\u00ed Momentos para Brindar Rel\u00e1jese y planee su siguiente aventura en Sierra Nevada en nuestro Bar. Su decoraci\u00f3n es una versi\u00f3n amable y divertida de las t\u00edpicas estaciones de esqu\u00ed. El car\u00e1cter \u00fanico del bar se traslada tambi\u00e9n a su [&hellip;]<\/p>\n","protected":false},"author":1,"featured_media":0,"parent":299,"menu_order":0,"comment_status":"closed","ping_status":"closed","template":"","meta":{"footnotes":""},"class_list":["post-724","page","type-page","status-publish","hentry"],"_links":{"self":[{"href":"https:\/\/ellodge.com\/es\/wp-json\/wp\/v2\/pages\/724","targetHints":{"allow":["GET"]}}],"collection":[{"href":"https:\/\/ellodge.com\/es\/wp-json\/wp\/v2\/pages"}],"about":[{"href":"https:\/\/ellodge.com\/es\/wp-json\/wp\/v2\/types\/page"}],"author":[{"embeddable":true,"href":"https:\/\/ellodge.com\/es\/wp-json\/wp\/v2\/users\/1"}],"replies":[{"embeddable":true,"href":"https:\/\/ellodge.com\/es\/wp-json\/wp\/v2\/comments?post=724"}],"version-history":[{"count":47,"href":"https:\/\/ellodge.com\/es\/wp-json\/wp\/v2\/pages\/724\/revisions"}],"predecessor-version":[{"id":3334,"href":"https:\/\/ellodge.com\/es\/wp-json\/wp\/v2\/pages\/724\/revisions\/3334"}],"up":[{"embeddable":true,"href":"https:\/\/ellodge.com\/es\/wp-json\/wp\/v2\/pages\/299"}],"wp:attachment":[{"href":"https:\/\/ellodge.com\/es\/wp-json\/wp\/v2\/media?parent=724"}],"curies":[{"name":"wp","href":"https:\/\/api.w.org\/{rel}","templated":true}]}}