{"id":824,"date":"2025-07-18T12:15:05","date_gmt":"2025-07-18T12:15:05","guid":{"rendered":"https:\/\/ellodge.disomnia.com\/?page_id=824"},"modified":"2025-09-18T13:07:46","modified_gmt":"2025-09-18T13:07:46","slug":"esqui-y-ocio","status":"publish","type":"page","link":"https:\/\/ellodge.com\/es\/esqui-y-ocio\/","title":{"rendered":"Esqu\u00ed y Ocio"},"content":{"rendered":"\t\t<div data-elementor-type=\"wp-page\" data-elementor-id=\"824\" class=\"elementor elementor-824\" data-elementor-post-type=\"page\">\n\t\t\t\t<div class=\"elementor-element elementor-element-7403d77 e-flex e-con-boxed e-con e-parent\" data-id=\"7403d77\" data-element_type=\"container\" data-e-type=\"container\">\n\t\t\t\t\t<div class=\"e-con-inner\">\n\t\t<div class=\"elementor-element elementor-element-bcb149c e-con-full e-flex e-con e-child\" data-id=\"bcb149c\" data-element_type=\"container\" data-e-type=\"container\">\n\t\t\t\t<div class=\"elementor-element elementor-element-0dcadc7 elementor-widget__width-auto elementor-widget elementor-widget-heading\" data-id=\"0dcadc7\" data-element_type=\"widget\" data-e-type=\"widget\" data-widget_type=\"heading.default\">\n\t\t\t\t<div class=\"elementor-widget-container\">\n\t\t\t\t\t<h1 class=\"elementor-heading-title elementor-size-default\">Esqu\u00ed y Ocio<\/h1>\t\t\t\t<\/div>\n\t\t\t\t<\/div>\n\t\t\t\t<div class=\"elementor-element elementor-element-3081ff4 elementor-widget elementor-widget-heading\" data-id=\"3081ff4\" data-element_type=\"widget\" data-e-type=\"widget\" data-widget_type=\"heading.default\">\n\t\t\t\t<div class=\"elementor-widget-container\">\n\t\t\t\t\t<h2 class=\"elementor-heading-title elementor-size-default\">Sierra Nevada es el segundo macizo monta\u00f1oso de Europa Occidental en altitud, por debajo de los Alpes<\/h2>\t\t\t\t<\/div>\n\t\t\t\t<\/div>\n\t\t\t\t<div class=\"elementor-element elementor-element-49efc08 elementor-widget elementor-widget-text-editor\" data-id=\"49efc08\" data-element_type=\"widget\" data-e-type=\"widget\" data-widget_type=\"text-editor.default\">\n\t\t\t\t<div class=\"elementor-widget-container\">\n\t\t\t\t\t\t\t\t\t<p>Sierra Nevada es el segundo macizo monta\u00f1oso de Europa Occidental en altitud, por debajo de los Alpes, y su altura m\u00e1xima se alcanza en la cumbre del impresionante Mulhac\u00e9n, de 3483 metros. La UNESCO lo declar\u00f3 Reserva de la Biosfera en 1986 y, en 1999, adquiri\u00f3 la categor\u00eda de Parque Nacional gracias a su diversidad biol\u00f3gica y a su belleza natural.<br \/>Sierra Nevada cuenta con una zona de esqu\u00ed de 106 km estructurada en 124 pistas perfectas para todos los niveles, de las cuales 9 son verdes; 41, azules; 50, rojas, y 7, negras.<\/p>\t\t\t\t\t\t\t\t<\/div>\n\t\t\t\t<\/div>\n\t\t\t\t<\/div>\n\t\t<div class=\"elementor-element elementor-element-b703a09 e-con-full e-flex e-con e-child\" data-id=\"b703a09\" data-element_type=\"container\" data-e-type=\"container\">\n\t\t\t\t<div class=\"elementor-element elementor-element-98baa24 elementor-widget elementor-widget-image\" data-id=\"98baa24\" data-element_type=\"widget\" data-e-type=\"widget\" data-widget_type=\"image.default\">\n\t\t\t\t<div class=\"elementor-widget-container\">\n\t\t\t\t\t\t\t\t\t\t\t\t\t\t\t<img fetchpriority=\"high\" decoding=\"async\" width=\"800\" height=\"355\" src=\"https:\/\/ellodge.com\/wp-content\/uploads\/2025\/07\/horizon_mountains@2x-1024x455.png\" class=\"attachment-large size-large wp-image-710\" alt=\"\" srcset=\"https:\/\/ellodge.com\/wp-content\/uploads\/2025\/07\/horizon_mountains@2x-1024x455.png 1024w, https:\/\/ellodge.com\/wp-content\/uploads\/2025\/07\/horizon_mountains@2x-300x133.png 300w, https:\/\/ellodge.com\/wp-content\/uploads\/2025\/07\/horizon_mountains@2x-768x341.png 768w, https:\/\/ellodge.com\/wp-content\/uploads\/2025\/07\/horizon_mountains@2x-1536x682.png 1536w, https:\/\/ellodge.com\/wp-content\/uploads\/2025\/07\/horizon_mountains@2x-2048x910.png 2048w\" sizes=\"(max-width: 800px) 100vw, 800px\" \/>\t\t\t\t\t\t\t\t\t\t\t\t\t\t\t<\/div>\n\t\t\t\t<\/div>\n\t\t\t\t<div class=\"elementor-element elementor-element-0e57813 elementor-widget elementor-widget-text-editor\" data-id=\"0e57813\" data-element_type=\"widget\" data-e-type=\"widget\" data-widget_type=\"text-editor.default\">\n\t\t\t\t<div class=\"elementor-widget-container\">\n\t\t\t\t\t\t\t\t\t<p>La estaci\u00f3n de esqu\u00ed de Sierra Nevada dispone tambi\u00e9n de zonas dedicadas a las familias y los ni\u00f1os, as\u00ed como de un parque de nieve especial con tubos y trineos.<br \/>El envidiable clima soleado de Sierra Nevada permite prolongar la temporada e, incluso, esquiar en manga corta en numerosas ocasiones.<\/p>\t\t\t\t\t\t\t\t<\/div>\n\t\t\t\t<\/div>\n\t\t\t\t<\/div>\n\t\t\t\t\t<\/div>\n\t\t\t\t<\/div>\n\t\t<div class=\"elementor-element elementor-element-058a52a e-flex e-con-boxed e-con e-parent\" data-id=\"058a52a\" data-element_type=\"container\" data-e-type=\"container\">\n\t\t\t\t\t<div class=\"e-con-inner\">\n\t\t<div class=\"elementor-element elementor-element-c1b3bdd e-con-full e-flex e-con e-child\" data-id=\"c1b3bdd\" data-element_type=\"container\" data-e-type=\"container\">\n\t\t\t\t<div class=\"elementor-element elementor-element-e9fd1cd elementor-widget elementor-widget-image\" data-id=\"e9fd1cd\" data-element_type=\"widget\" data-e-type=\"widget\" data-widget_type=\"image.default\">\n\t\t\t\t<div class=\"elementor-widget-container\">\n\t\t\t\t\t\t\t\t\t\t\t\t\t\t\t<img decoding=\"async\" width=\"800\" height=\"890\" src=\"https:\/\/ellodge.com\/wp-content\/uploads\/2025\/07\/alquiler_equipo2x-920x1024.jpg\" class=\"attachment-large size-large wp-image-685\" alt=\"\" srcset=\"https:\/\/ellodge.com\/wp-content\/uploads\/2025\/07\/alquiler_equipo2x-920x1024.jpg 920w, https:\/\/ellodge.com\/wp-content\/uploads\/2025\/07\/alquiler_equipo2x-270x300.jpg 270w, https:\/\/ellodge.com\/wp-content\/uploads\/2025\/07\/alquiler_equipo2x-768x855.jpg 768w, https:\/\/ellodge.com\/wp-content\/uploads\/2025\/07\/alquiler_equipo2x-1380x1536.jpg 1380w, https:\/\/ellodge.com\/wp-content\/uploads\/2025\/07\/alquiler_equipo2x.jpg 1800w\" sizes=\"(max-width: 800px) 100vw, 800px\" \/>\t\t\t\t\t\t\t\t\t\t\t\t\t\t\t<\/div>\n\t\t\t\t<\/div>\n\t\t\t\t<div class=\"elementor-element elementor-element-f96f5cd elementor-widget elementor-widget-heading\" data-id=\"f96f5cd\" data-element_type=\"widget\" data-e-type=\"widget\" data-widget_type=\"heading.default\">\n\t\t\t\t<div class=\"elementor-widget-container\">\n\t\t\t\t\t<h2 class=\"elementor-heading-title elementor-size-default\">Alquiler de equipo<\/h2>\t\t\t\t<\/div>\n\t\t\t\t<\/div>\n\t\t\t\t<div class=\"elementor-element elementor-element-c3a5216 elementor-widget elementor-widget-text-editor\" data-id=\"c3a5216\" data-element_type=\"widget\" data-e-type=\"widget\" data-widget_type=\"text-editor.default\">\n\t\t\t\t<div class=\"elementor-widget-container\">\n\t\t\t\t\t\t\t\t\t<p>Nuestros puntos para alquilar equipo pr\u00eat-\u00e0-porter acaban con el estr\u00e9s.<\/p>\t\t\t\t\t\t\t\t<\/div>\n\t\t\t\t<\/div>\n\t\t\t\t<div class=\"elementor-element elementor-element-5a1157f elementor-align-center elementor-widget elementor-widget-button\" data-id=\"5a1157f\" data-element_type=\"widget\" data-e-type=\"widget\" data-widget_type=\"button.default\">\n\t\t\t\t<div class=\"elementor-widget-container\">\n\t\t\t\t\t\t\t\t\t<div class=\"elementor-button-wrapper\">\n\t\t\t\t\t<a class=\"elementor-button elementor-button-link elementor-size-sm elementor-animation-grow\" href=\"https:\/\/ellodge.com\/es\/esqui-y-ocio\/alquiler-de-equipo\/\">\n\t\t\t\t\t\t<span class=\"elementor-button-content-wrapper\">\n\t\t\t\t\t\t\t\t\t<span class=\"elementor-button-text\">+ info<\/span>\n\t\t\t\t\t<\/span>\n\t\t\t\t\t<\/a>\n\t\t\t\t<\/div>\n\t\t\t\t\t\t\t\t<\/div>\n\t\t\t\t<\/div>\n\t\t\t\t<\/div>\n\t\t<div class=\"elementor-element elementor-element-28cf805 e-con-full e-flex e-con e-child\" data-id=\"28cf805\" data-element_type=\"container\" data-e-type=\"container\">\n\t\t\t\t<div class=\"elementor-element elementor-element-cfc3dbe elementor-widget elementor-widget-image\" data-id=\"cfc3dbe\" data-element_type=\"widget\" data-e-type=\"widget\" data-widget_type=\"image.default\">\n\t\t\t\t<div class=\"elementor-widget-container\">\n\t\t\t\t\t\t\t\t\t\t\t\t\t\t\t<img decoding=\"async\" width=\"800\" height=\"892\" src=\"https:\/\/ellodge.com\/wp-content\/uploads\/2025\/07\/monitores2x-918x1024.jpg\" class=\"attachment-large size-large wp-image-700\" alt=\"\" srcset=\"https:\/\/ellodge.com\/wp-content\/uploads\/2025\/07\/monitores2x-918x1024.jpg 918w, https:\/\/ellodge.com\/wp-content\/uploads\/2025\/07\/monitores2x-269x300.jpg 269w, https:\/\/ellodge.com\/wp-content\/uploads\/2025\/07\/monitores2x-768x857.jpg 768w, https:\/\/ellodge.com\/wp-content\/uploads\/2025\/07\/monitores2x-1377x1536.jpg 1377w, https:\/\/ellodge.com\/wp-content\/uploads\/2025\/07\/monitores2x.jpg 1800w\" sizes=\"(max-width: 800px) 100vw, 800px\" \/>\t\t\t\t\t\t\t\t\t\t\t\t\t\t\t<\/div>\n\t\t\t\t<\/div>\n\t\t\t\t<div class=\"elementor-element elementor-element-bdfd338 elementor-widget elementor-widget-heading\" data-id=\"bdfd338\" data-element_type=\"widget\" data-e-type=\"widget\" data-widget_type=\"heading.default\">\n\t\t\t\t<div class=\"elementor-widget-container\">\n\t\t\t\t\t<h2 class=\"elementor-heading-title elementor-size-default\">Monitores y clases<\/h2>\t\t\t\t<\/div>\n\t\t\t\t<\/div>\n\t\t\t\t<div class=\"elementor-element elementor-element-7762b88 elementor-widget elementor-widget-text-editor\" data-id=\"7762b88\" data-element_type=\"widget\" data-e-type=\"widget\" data-widget_type=\"text-editor.default\">\n\t\t\t\t<div class=\"elementor-widget-container\">\n\t\t\t\t\t\t\t\t\t<p>Todo lo que necesitas para esquiar en El Lodge.<\/p>\t\t\t\t\t\t\t\t<\/div>\n\t\t\t\t<\/div>\n\t\t\t\t<div class=\"elementor-element elementor-element-0285163 elementor-align-center elementor-widget elementor-widget-button\" data-id=\"0285163\" data-element_type=\"widget\" data-e-type=\"widget\" data-widget_type=\"button.default\">\n\t\t\t\t<div class=\"elementor-widget-container\">\n\t\t\t\t\t\t\t\t\t<div class=\"elementor-button-wrapper\">\n\t\t\t\t\t<a class=\"elementor-button elementor-button-link elementor-size-sm elementor-animation-grow\" href=\"https:\/\/ellodge.com\/es\/esqui-y-ocio\/monitores-y-clases-de-esqui\/\">\n\t\t\t\t\t\t<span class=\"elementor-button-content-wrapper\">\n\t\t\t\t\t\t\t\t\t<span class=\"elementor-button-text\">+ info<\/span>\n\t\t\t\t\t<\/span>\n\t\t\t\t\t<\/a>\n\t\t\t\t<\/div>\n\t\t\t\t\t\t\t\t<\/div>\n\t\t\t\t<\/div>\n\t\t\t\t<\/div>\n\t\t<div class=\"elementor-element elementor-element-3ff9911 e-con-full e-flex e-con e-child\" data-id=\"3ff9911\" data-element_type=\"container\" data-e-type=\"container\">\n\t\t\t\t<div class=\"elementor-element elementor-element-24c4dab elementor-widget elementor-widget-image\" data-id=\"24c4dab\" data-element_type=\"widget\" data-e-type=\"widget\" data-widget_type=\"image.default\">\n\t\t\t\t<div class=\"elementor-widget-container\">\n\t\t\t\t\t\t\t\t\t\t\t\t\t\t\t<img loading=\"lazy\" decoding=\"async\" width=\"800\" height=\"892\" src=\"https:\/\/ellodge.com\/wp-content\/uploads\/2025\/07\/Kids_club2x-918x1024.jpg\" class=\"attachment-large size-large wp-image-694\" alt=\"\" srcset=\"https:\/\/ellodge.com\/wp-content\/uploads\/2025\/07\/Kids_club2x-918x1024.jpg 918w, https:\/\/ellodge.com\/wp-content\/uploads\/2025\/07\/Kids_club2x-269x300.jpg 269w, https:\/\/ellodge.com\/wp-content\/uploads\/2025\/07\/Kids_club2x-768x857.jpg 768w, https:\/\/ellodge.com\/wp-content\/uploads\/2025\/07\/Kids_club2x-1377x1536.jpg 1377w, https:\/\/ellodge.com\/wp-content\/uploads\/2025\/07\/Kids_club2x.jpg 1800w\" sizes=\"(max-width: 800px) 100vw, 800px\" \/>\t\t\t\t\t\t\t\t\t\t\t\t\t\t\t<\/div>\n\t\t\t\t<\/div>\n\t\t\t\t<div class=\"elementor-element elementor-element-7228ca6 elementor-widget elementor-widget-heading\" data-id=\"7228ca6\" data-element_type=\"widget\" data-e-type=\"widget\" data-widget_type=\"heading.default\">\n\t\t\t\t<div class=\"elementor-widget-container\">\n\t\t\t\t\t<h2 class=\"elementor-heading-title elementor-size-default\">kIDS CLUB<\/h2>\t\t\t\t<\/div>\n\t\t\t\t<\/div>\n\t\t\t\t<div class=\"elementor-element elementor-element-ee82acc elementor-widget elementor-widget-text-editor\" data-id=\"ee82acc\" data-element_type=\"widget\" data-e-type=\"widget\" data-widget_type=\"text-editor.default\">\n\t\t\t\t<div class=\"elementor-widget-container\">\n\t\t\t\t\t\t\t\t\t<p>Los ni\u00f1os pueden disfrutar de su propio espacio en el Kids Club de El Lodge.<\/p>\t\t\t\t\t\t\t\t<\/div>\n\t\t\t\t<\/div>\n\t\t\t\t<div class=\"elementor-element elementor-element-29794aa elementor-align-center elementor-widget elementor-widget-button\" data-id=\"29794aa\" data-element_type=\"widget\" data-e-type=\"widget\" data-widget_type=\"button.default\">\n\t\t\t\t<div class=\"elementor-widget-container\">\n\t\t\t\t\t\t\t\t\t<div class=\"elementor-button-wrapper\">\n\t\t\t\t\t<a class=\"elementor-button elementor-button-link elementor-size-sm elementor-animation-grow\" href=\"https:\/\/ellodge.com\/es\/esqui-y-ocio\/kids-club\/\">\n\t\t\t\t\t\t<span class=\"elementor-button-content-wrapper\">\n\t\t\t\t\t\t\t\t\t<span class=\"elementor-button-text\">+ info<\/span>\n\t\t\t\t\t<\/span>\n\t\t\t\t\t<\/a>\n\t\t\t\t<\/div>\n\t\t\t\t\t\t\t\t<\/div>\n\t\t\t\t<\/div>\n\t\t\t\t<\/div>\n\t\t\t\t\t<\/div>\n\t\t\t\t<\/div>\n\t\t\t\t<\/div>\n\t\t","protected":false},"excerpt":{"rendered":"<p>Esqu\u00ed y Ocio Sierra Nevada es el segundo macizo monta\u00f1oso de Europa Occidental en altitud, por debajo de los Alpes Sierra Nevada es el segundo macizo monta\u00f1oso de Europa Occidental en altitud, por debajo de los Alpes, y su altura m\u00e1xima se alcanza en la cumbre del impresionante Mulhac\u00e9n, de 3483 metros. La UNESCO lo [&hellip;]<\/p>\n","protected":false},"author":1,"featured_media":0,"parent":0,"menu_order":0,"comment_status":"closed","ping_status":"closed","template":"","meta":{"footnotes":""},"class_list":["post-824","page","type-page","status-publish","hentry"],"_links":{"self":[{"href":"https:\/\/ellodge.com\/es\/wp-json\/wp\/v2\/pages\/824","targetHints":{"allow":["GET"]}}],"collection":[{"href":"https:\/\/ellodge.com\/es\/wp-json\/wp\/v2\/pages"}],"about":[{"href":"https:\/\/ellodge.com\/es\/wp-json\/wp\/v2\/types\/page"}],"author":[{"embeddable":true,"href":"https:\/\/ellodge.com\/es\/wp-json\/wp\/v2\/users\/1"}],"replies":[{"embeddable":true,"href":"https:\/\/ellodge.com\/es\/wp-json\/wp\/v2\/comments?post=824"}],"version-history":[{"count":25,"href":"https:\/\/ellodge.com\/es\/wp-json\/wp\/v2\/pages\/824\/revisions"}],"predecessor-version":[{"id":2857,"href":"https:\/\/ellodge.com\/es\/wp-json\/wp\/v2\/pages\/824\/revisions\/2857"}],"wp:attachment":[{"href":"https:\/\/ellodge.com\/es\/wp-json\/wp\/v2\/media?parent=824"}],"curies":[{"name":"wp","href":"https:\/\/api.w.org\/{rel}","templated":true}]}}