{"id":984,"date":"2025-07-18T15:15:50","date_gmt":"2025-07-18T15:15:50","guid":{"rendered":"https:\/\/ellodge.disomnia.com\/?page_id=984"},"modified":"2026-02-28T10:24:54","modified_gmt":"2026-02-28T10:24:54","slug":"experiencias","status":"publish","type":"page","link":"https:\/\/ellodge.com\/es\/experiencias\/","title":{"rendered":"Experiencias"},"content":{"rendered":"\t\t<div data-elementor-type=\"wp-page\" data-elementor-id=\"984\" class=\"elementor elementor-984\" data-elementor-post-type=\"page\">\n\t\t\t\t<div class=\"elementor-element elementor-element-7ade05a e-flex e-con-boxed e-con e-parent\" data-id=\"7ade05a\" data-element_type=\"container\" data-e-type=\"container\">\n\t\t\t\t\t<div class=\"e-con-inner\">\n\t\t\t\t<div class=\"elementor-element elementor-element-13d5289 elementor-widget elementor-widget-heading\" data-id=\"13d5289\" data-element_type=\"widget\" data-e-type=\"widget\" data-widget_type=\"heading.default\">\n\t\t\t\t<div class=\"elementor-widget-container\">\n\t\t\t\t\t<h2 class=\"elementor-heading-title elementor-size-default\">Experiencias<\/h2>\t\t\t\t<\/div>\n\t\t\t\t<\/div>\n\t\t\t\t<div class=\"elementor-element elementor-element-fdbdcfb elementor-widget elementor-widget-heading\" data-id=\"fdbdcfb\" data-element_type=\"widget\" data-e-type=\"widget\" data-widget_type=\"heading.default\">\n\t\t\t\t<div class=\"elementor-widget-container\">\n\t\t\t\t\t<h2 class=\"elementor-heading-title elementor-size-default\">Viva la monta\u00f1a con los cinco sentidos<\/h2>\t\t\t\t<\/div>\n\t\t\t\t<\/div>\n\t\t\t\t<div class=\"elementor-element elementor-element-9304ff4 elementor-widget elementor-widget-text-editor\" data-id=\"9304ff4\" data-element_type=\"widget\" data-e-type=\"widget\" data-widget_type=\"text-editor.default\">\n\t\t\t\t<div class=\"elementor-widget-container\">\n\t\t\t\t\t\t\t\t\t<p>Desde la primera nevada hasta los \u00faltimos rayos del sol invernal, El Lodge le invita a disfrutar de Sierra Nevada de una forma \u00fanica. Despi\u00e9rtese a pie de pista, explore el entorno natural con rutas guiadas, rel\u00e1jese en el spa con vistas a la monta\u00f1a o disfrute de una copa junto a la chimenea tras un d\u00eda de esqu\u00ed. Un refugio c\u00e1lido y exclusivo donde cada detalle est\u00e1 pensado para hacer de su estancia una experiencia inolvidable.<\/p>\t\t\t\t\t\t\t\t<\/div>\n\t\t\t\t<\/div>\n\t\t\t\t\t<\/div>\n\t\t\t\t<\/div>\n\t\t<div class=\"elementor-element elementor-element-0890c78 e-flex e-con-boxed e-con e-parent\" data-id=\"0890c78\" data-element_type=\"container\" data-e-type=\"container\" data-settings=\"{&quot;background_background&quot;:&quot;classic&quot;}\">\n\t\t\t\t\t<div class=\"e-con-inner\">\n\t\t\t\t<div class=\"elementor-element elementor-element-7db2b27 e-n-tabs-mobile elementor-widget elementor-widget-n-tabs\" data-id=\"7db2b27\" data-element_type=\"widget\" data-e-type=\"widget\" data-settings=\"{&quot;horizontal_scroll&quot;:&quot;disable&quot;}\" data-widget_type=\"nested-tabs.default\">\n\t\t\t\t<div class=\"elementor-widget-container\">\n\t\t\t\t\t\t\t<div class=\"e-n-tabs\" data-widget-number=\"131803943\" aria-label=\"Pesta\u00f1as. Abre elementos con Intro o Espacio, ci\u00e9rralos con Escape y navega con las fechas.\">\n\t\t\t<div class=\"e-n-tabs-heading\" role=\"tablist\">\n\t\t\t\t\t<button id=\"e-n-tab-title-1318039431\" data-tab-title-id=\"e-n-tab-title-1318039431\" class=\"e-n-tab-title\" aria-selected=\"true\" data-tab-index=\"1\" role=\"tab\" tabindex=\"0\" aria-controls=\"e-n-tab-content-1318039431\" style=\"--n-tabs-title-order: 1;\">\n\t\t\t\t\t\t<span class=\"e-n-tab-title-text\">\n\t\t\t\tExperiencias\t\t\t<\/span>\n\t\t<\/button>\n\t\t\t\t<button id=\"e-n-tab-title-1318039432\" data-tab-title-id=\"e-n-tab-title-1318039432\" class=\"e-n-tab-title\" aria-selected=\"false\" data-tab-index=\"2\" role=\"tab\" tabindex=\"-1\" aria-controls=\"e-n-tab-content-1318039432\" style=\"--n-tabs-title-order: 2;\">\n\t\t\t\t\t\t<span class=\"e-n-tab-title-text\">\n\t\t\t\tDestino\t\t\t<\/span>\n\t\t<\/button>\n\t\t\t\t\t<\/div>\n\t\t\t<div class=\"e-n-tabs-content\">\n\t\t\t\t<div id=\"e-n-tab-content-1318039431\" role=\"tabpanel\" aria-labelledby=\"e-n-tab-title-1318039431\" data-tab-index=\"1\" style=\"--n-tabs-title-order: 1;\" class=\"e-active elementor-element elementor-element-e9fef61 e-con-full e-flex e-con e-child\" data-id=\"e9fef61\" data-element_type=\"container\" data-e-type=\"container\">\n\t\t<div class=\"elementor-element elementor-element-338cb54 e-con-full e-flex e-con e-child\" data-id=\"338cb54\" data-element_type=\"container\" data-e-type=\"container\">\n\t\t\t\t<div class=\"elementor-element elementor-element-9a17dff elementor-widget elementor-widget-image\" data-id=\"9a17dff\" data-element_type=\"widget\" data-e-type=\"widget\" data-widget_type=\"image.default\">\n\t\t\t\t<div class=\"elementor-widget-container\">\n\t\t\t\t\t\t\t\t\t\t\t\t\t\t\t<img fetchpriority=\"high\" decoding=\"async\" width=\"800\" height=\"560\" src=\"https:\/\/ellodge.com\/wp-content\/uploads\/2025\/07\/ellodge_experiencias2x-1024x717.jpg\" class=\"attachment-large size-large wp-image-691\" alt=\"\" srcset=\"https:\/\/ellodge.com\/wp-content\/uploads\/2025\/07\/ellodge_experiencias2x-1024x717.jpg 1024w, https:\/\/ellodge.com\/wp-content\/uploads\/2025\/07\/ellodge_experiencias2x-300x210.jpg 300w, https:\/\/ellodge.com\/wp-content\/uploads\/2025\/07\/ellodge_experiencias2x-768x538.jpg 768w, https:\/\/ellodge.com\/wp-content\/uploads\/2025\/07\/ellodge_experiencias2x-1536x1075.jpg 1536w, https:\/\/ellodge.com\/wp-content\/uploads\/2025\/07\/ellodge_experiencias2x.jpg 1800w\" sizes=\"(max-width: 800px) 100vw, 800px\" \/>\t\t\t\t\t\t\t\t\t\t\t\t\t\t\t<\/div>\n\t\t\t\t<\/div>\n\t\t\t\t<\/div>\n\t\t<div class=\"elementor-element elementor-element-68ef517 e-con-full e-flex e-con e-child\" data-id=\"68ef517\" data-element_type=\"container\" data-e-type=\"container\">\n\t\t\t\t<div class=\"elementor-element elementor-element-697e939 elementor-widget elementor-widget-text-editor\" data-id=\"697e939\" data-element_type=\"widget\" data-e-type=\"widget\" data-widget_type=\"text-editor.default\">\n\t\t\t\t<div class=\"elementor-widget-container\">\n\t\t\t\t\t\t\t\t\t<p>Sierra Nevada es una de las estaciones de esqu\u00ed m\u00e1s impresionantes de Europa, gracias a su encanto local y a su espectacular clima. No obstante, si le apetece descubrir los alrededores fuera del \u00e1mbito de esquiar, en El Lodge podemos ayudarle.<\/p><p>Convierta las accidentadas zonas fuera de pista de las monta\u00f1as de Sierra Nevada en un lugar perfecto para una cena rom\u00e1ntica al atardecer. Visite la Alhambra con un gu\u00eda personal que la describa con tantos detalles que le parezca hallarse en la fortaleza nazar\u00ed en pleno siglo XIII.<\/p>\t\t\t\t\t\t\t\t<\/div>\n\t\t\t\t<\/div>\n\t\t\t\t<div class=\"elementor-element elementor-element-c96806f elementor-widget elementor-widget-text-editor\" data-id=\"c96806f\" data-element_type=\"widget\" data-e-type=\"widget\" data-widget_type=\"text-editor.default\">\n\t\t\t\t<div class=\"elementor-widget-container\">\n\t\t\t\t\t\t\t\t\t<p>Contacte con nosotros en la direcci\u00f3n de correo <a href=\"mailto:reservas@ellodge.com\">reservas@ellodge.com<\/a> y le ayudaremos a organizar sus experiencias.<\/p>\t\t\t\t\t\t\t\t<\/div>\n\t\t\t\t<\/div>\n\t\t<div class=\"elementor-element elementor-element-8b29b82 e-con-full e-flex e-con e-child\" data-id=\"8b29b82\" data-element_type=\"container\" data-e-type=\"container\">\n\t\t\t\t<div class=\"elementor-element elementor-element-6a989b8 elementor-widget__width-initial elementor-widget elementor-widget-button\" data-id=\"6a989b8\" data-element_type=\"widget\" data-e-type=\"widget\" data-widget_type=\"button.default\">\n\t\t\t\t<div class=\"elementor-widget-container\">\n\t\t\t\t\t\t\t\t\t<div class=\"elementor-button-wrapper\">\n\t\t\t\t\t<a class=\"elementor-button elementor-button-link elementor-size-sm\" href=\"https:\/\/ellodge.com\/wp-content\/uploads\/2026\/01\/ELMB_Experiences_2025-26_Updated.pdf\" target=\"_blank\">\n\t\t\t\t\t\t<span class=\"elementor-button-content-wrapper\">\n\t\t\t\t\t\t<span class=\"elementor-button-icon\">\n\t\t\t\t<svg xmlns=\"http:\/\/www.w3.org\/2000\/svg\" width=\"18.527\" height=\"18.674\" viewBox=\"0 0 18.527 18.674\"><path id=\"_8111398_download_arrow_down_direction_navigation_icon\" data-name=\"8111398_download_arrow_down_direction_navigation_icon\" d=\"M45,49.8l-4.372-4.372.9-.9,2.832,2.831V34h1.276V47.358l2.832-2.831.9.9Zm7.988-2.469v3.921a.152.152,0,0,1-.146.146h-15.7a.139.139,0,0,1-.129-.146V47.332H35.74v3.921a1.416,1.416,0,0,0,1.405,1.421h15.7a1.424,1.424,0,0,0,1.422-1.422V47.332Z\" transform=\"translate(-35.74 -34)\" fill=\"#fff\"><\/path><\/svg>\t\t\t<\/span>\n\t\t\t\t\t\t\t\t\t<span class=\"elementor-button-text\">experiencias<\/span>\n\t\t\t\t\t<\/span>\n\t\t\t\t\t<\/a>\n\t\t\t\t<\/div>\n\t\t\t\t\t\t\t\t<\/div>\n\t\t\t\t<\/div>\n\t\t\t\t<\/div>\n\t\t\t\t<\/div>\n\t\t\t\t<\/div>\n\t\t<div id=\"e-n-tab-content-1318039432\" role=\"tabpanel\" aria-labelledby=\"e-n-tab-title-1318039432\" data-tab-index=\"2\" style=\"--n-tabs-title-order: 2;\" class=\" elementor-element elementor-element-0a7e664 e-con-full e-flex e-con e-child\" data-id=\"0a7e664\" data-element_type=\"container\" data-e-type=\"container\">\n\t\t<div class=\"elementor-element elementor-element-bb03df2 e-con-full e-flex e-con e-child\" data-id=\"bb03df2\" data-element_type=\"container\" data-e-type=\"container\">\n\t\t\t\t<div class=\"elementor-element elementor-element-7883406 elementor-widget elementor-widget-image\" data-id=\"7883406\" data-element_type=\"widget\" data-e-type=\"widget\" data-widget_type=\"image.default\">\n\t\t\t\t<div class=\"elementor-widget-container\">\n\t\t\t\t\t\t\t\t\t\t\t\t\t\t\t<img decoding=\"async\" width=\"800\" height=\"560\" src=\"https:\/\/ellodge.com\/wp-content\/uploads\/2025\/07\/destino_ellodge2x-1024x717.jpg\" class=\"attachment-large size-large wp-image-688\" alt=\"\" srcset=\"https:\/\/ellodge.com\/wp-content\/uploads\/2025\/07\/destino_ellodge2x-1024x717.jpg 1024w, https:\/\/ellodge.com\/wp-content\/uploads\/2025\/07\/destino_ellodge2x-300x210.jpg 300w, https:\/\/ellodge.com\/wp-content\/uploads\/2025\/07\/destino_ellodge2x-768x538.jpg 768w, https:\/\/ellodge.com\/wp-content\/uploads\/2025\/07\/destino_ellodge2x-1536x1075.jpg 1536w, https:\/\/ellodge.com\/wp-content\/uploads\/2025\/07\/destino_ellodge2x.jpg 1800w\" sizes=\"(max-width: 800px) 100vw, 800px\" \/>\t\t\t\t\t\t\t\t\t\t\t\t\t\t\t<\/div>\n\t\t\t\t<\/div>\n\t\t\t\t<\/div>\n\t\t<div class=\"elementor-element elementor-element-2cdfc76 e-con-full e-flex e-con e-child\" data-id=\"2cdfc76\" data-element_type=\"container\" data-e-type=\"container\">\n\t\t\t\t<div class=\"elementor-element elementor-element-23dfd24 elementor-widget elementor-widget-text-editor\" data-id=\"23dfd24\" data-element_type=\"widget\" data-e-type=\"widget\" data-widget_type=\"text-editor.default\">\n\t\t\t\t<div class=\"elementor-widget-container\">\n\t\t\t\t\t\t\t\t\t<p>El Lodge se encuentra en Monachil, en el centro de la estaci\u00f3n de esqu\u00ed de Sierra Nevada, en la provincia andaluza de Granada. Esta es la estaci\u00f3n de esqu\u00ed m\u00e1s al sur de toda Europa y ofrece a sus visitantes instalaciones cinco estrellas con m\u00e1s de 100 km de pistas, un clima envidiable y diversi\u00f3n y ambiente apr\u00e8s-ski id\u00f3neos.<\/p><p>Sierra Nevada se ubica a tan solo 33 km de la hist\u00f3rica ciudad de Granada, famosa en todo el mundo por la Alhambra, y a 43 km del Aeropuerto Internacional de Granada.<\/p>\t\t\t\t\t\t\t\t<\/div>\n\t\t\t\t<\/div>\n\t\t\t\t<div class=\"elementor-element elementor-element-2f70787 elementor-widget elementor-widget-text-editor\" data-id=\"2f70787\" data-element_type=\"widget\" data-e-type=\"widget\" data-widget_type=\"text-editor.default\">\n\t\t\t\t<div class=\"elementor-widget-container\">\n\t\t\t\t\t\t\t\t\t<p>La estaci\u00f3n del AVE y el aeropuerto de M\u00e1laga se encuentran a dos horas en coche del hotel, al igual que las famosas playas de la Costa del Sol.<\/p><p>Su ubicaci\u00f3n privilegiada al pie de las pistas y a una altitud de 2.100 metros, permite acceder directamente de El Lodge a Maribel, una de las pistas de esqu\u00ed m\u00e1s importantes de Sierra Nevada.<\/p>\t\t\t\t\t\t\t\t<\/div>\n\t\t\t\t<\/div>\n\t\t\t\t<div class=\"elementor-element elementor-element-c19e934 elementor-icon-list--layout-traditional elementor-list-item-link-full_width elementor-widget elementor-widget-icon-list\" data-id=\"c19e934\" data-element_type=\"widget\" data-e-type=\"widget\" data-widget_type=\"icon-list.default\">\n\t\t\t\t<div class=\"elementor-widget-container\">\n\t\t\t\t\t\t\t<ul class=\"elementor-icon-list-items\">\n\t\t\t\t\t\t\t<li class=\"elementor-icon-list-item\">\n\t\t\t\t\t\t\t\t\t\t\t<span class=\"elementor-icon-list-icon\">\n\t\t\t\t\t\t\t<svg xmlns=\"http:\/\/www.w3.org\/2000\/svg\" width=\"9.899\" height=\"9.9\" viewBox=\"0 0 9.899 9.9\"><rect id=\"Rect&#xE1;ngulo_344\" data-name=\"Rect&#xE1;ngulo 344\" width=\"7\" height=\"7\" transform=\"translate(0 4.95) rotate(-45)\" fill=\"#7abcd2\"><\/rect><\/svg>\t\t\t\t\t\t<\/span>\n\t\t\t\t\t\t\t\t\t\t<span class=\"elementor-icon-list-text\">Mapas e informaci\u00f3n sobre traslados:<\/span>\n\t\t\t\t\t\t\t\t\t<\/li>\n\t\t\t\t\t\t<\/ul>\n\t\t\t\t\t\t<\/div>\n\t\t\t\t<\/div>\n\t\t\t\t<div class=\"elementor-element elementor-element-fc12481 elementor-widget elementor-widget-text-editor\" data-id=\"fc12481\" data-element_type=\"widget\" data-e-type=\"widget\" data-widget_type=\"text-editor.default\">\n\t\t\t\t<div class=\"elementor-widget-container\">\n\t\t\t\t\t\t\t\t\t<p><a href=\"https:\/\/ellodge.com\/wp-content\/uploads\/2025\/07\/SierraNevada-PisteMap_simpler-min.pdf\" target=\"_blank\" rel=\"nofollow noopener\">Pistas de esqu\u00ed<\/a><br \/><a href=\"https:\/\/ellodge.com\/wp-content\/uploads\/2025\/07\/Access_map_spain.pdf\" target=\"_blank\" rel=\"nofollow noopener\">Mapa de Espa\u00f1a<\/a><br \/><a href=\"https:\/\/ellodge.com\/wp-content\/uploads\/2025\/07\/Access_map_andalucia.pdf\" target=\"_blank\" rel=\"nofollow noopener\">Mapa de Andaluc\u00eda<\/a><br \/><a href=\"https:\/\/ellodge.com\/wp-content\/uploads\/2025\/07\/Access_map_granada.pdf\" target=\"_blank\" rel=\"nofollow noopener\">El Lodge<\/a><br \/><a href=\"https:\/\/ellodge.com\/wp-content\/uploads\/2026\/02\/EL-MB_Transfer_Rates_2025-26.pdf\" target=\"_blank\" rel=\"nofollow noopener\">Traslados<\/a><\/p>\t\t\t\t\t\t\t\t<\/div>\n\t\t\t\t<\/div>\n\t\t\t\t<\/div>\n\t\t\t\t<\/div>\n\t\t\t\t\t<\/div>\n\t\t<\/div>\n\t\t\t\t\t\t<\/div>\n\t\t\t\t<\/div>\n\t\t\t\t\t<\/div>\n\t\t\t\t<\/div>\n\t\t\t\t<\/div>\n\t\t","protected":false},"excerpt":{"rendered":"<p>Experiencias Viva la monta\u00f1a con los cinco sentidos Desde la primera nevada hasta los \u00faltimos rayos del sol invernal, El Lodge le invita a disfrutar de Sierra Nevada de una forma \u00fanica. Despi\u00e9rtese a pie de pista, explore el entorno natural con rutas guiadas, rel\u00e1jese en el spa con vistas a la monta\u00f1a o disfrute [&hellip;]<\/p>\n","protected":false},"author":1,"featured_media":0,"parent":0,"menu_order":0,"comment_status":"closed","ping_status":"closed","template":"","meta":{"footnotes":""},"class_list":["post-984","page","type-page","status-publish","hentry"],"_links":{"self":[{"href":"https:\/\/ellodge.com\/es\/wp-json\/wp\/v2\/pages\/984","targetHints":{"allow":["GET"]}}],"collection":[{"href":"https:\/\/ellodge.com\/es\/wp-json\/wp\/v2\/pages"}],"about":[{"href":"https:\/\/ellodge.com\/es\/wp-json\/wp\/v2\/types\/page"}],"author":[{"embeddable":true,"href":"https:\/\/ellodge.com\/es\/wp-json\/wp\/v2\/users\/1"}],"replies":[{"embeddable":true,"href":"https:\/\/ellodge.com\/es\/wp-json\/wp\/v2\/comments?post=984"}],"version-history":[{"count":71,"href":"https:\/\/ellodge.com\/es\/wp-json\/wp\/v2\/pages\/984\/revisions"}],"predecessor-version":[{"id":3417,"href":"https:\/\/ellodge.com\/es\/wp-json\/wp\/v2\/pages\/984\/revisions\/3417"}],"wp:attachment":[{"href":"https:\/\/ellodge.com\/es\/wp-json\/wp\/v2\/media?parent=984"}],"curies":[{"name":"wp","href":"https:\/\/api.w.org\/{rel}","templated":true}]}}